{"id":38208,"date":"2021-10-27T10:06:40","date_gmt":"2021-10-27T08:06:40","guid":{"rendered":"https:\/\/www.blackfridaydeals.ch\/?page_id=38208"},"modified":"2025-02-07T14:52:53","modified_gmt":"2025-02-07T13:52:53","slug":"beaute-au-black-friday","status":"publish","type":"page","link":"https:\/\/www.blackfridaydeals.ch\/fr\/beaute-au-black-friday\/","title":{"rendered":"Les meilleures offres dans le monde de beaut\u00e9 au Black Friday"},"content":{"rendered":"<p>[vc_row][vc_column]\n[vc_column_text]<\/p>\n<p style=\"text-align: center;\"><img decoding=\"async\" class=\"alignright size-medium wp-image-37329\" src=\"https:\/\/www.blackfridaydeals.ch\/wp-content\/uploads\/2021\/10\/bottle-g65122ea81_1920-300x200.jpg\" alt=\"\" width=\"300\" height=\"200\" srcset=\"https:\/\/www.blackfridaydeals.ch\/wp-content\/uploads\/2021\/10\/bottle-g65122ea81_1920-300x200.jpg 300w, https:\/\/www.blackfridaydeals.ch\/wp-content\/uploads\/2021\/10\/bottle-g65122ea81_1920-1024x683.jpg 1024w, https:\/\/www.blackfridaydeals.ch\/wp-content\/uploads\/2021\/10\/bottle-g65122ea81_1920-768x512.jpg 768w, https:\/\/www.blackfridaydeals.ch\/wp-content\/uploads\/2021\/10\/bottle-g65122ea81_1920-1536x1024.jpg 1536w, https:\/\/www.blackfridaydeals.ch\/wp-content\/uploads\/2021\/10\/bottle-g65122ea81_1920-2048x1365.jpg 2048w, https:\/\/www.blackfridaydeals.ch\/wp-content\/uploads\/2021\/10\/bottle-g65122ea81_1920-788x525.jpg 788w, https:\/\/www.blackfridaydeals.ch\/wp-content\/uploads\/2021\/10\/bottle-g65122ea81_1920-150x100.jpg 150w, https:\/\/www.blackfridaydeals.ch\/wp-content\/uploads\/2021\/10\/bottle-g65122ea81_1920.jpg 1920w\" sizes=\"(max-width: 300px) 100vw, 300px\" \/><a href=\"https:\/\/www.blackfridaydeals.ch\/fr\/beaute-sante\/\" target=\"_blank\" style=\"border-radius:5px\" class=\"wpsm-button btncolor medium rehub_btn_color\"><i class=\"rhicon rhi-none\"><\/i>Afficher tous les deals beaut\u00e9<\/a><\/p>\n<p>Pour ceux qui attendent avec excitation et empressement de nouveaux produits de beaut\u00e9 pour No\u00ebl et le Nouvel An, nous leur dirons\u00a0: vous ne serez pas d\u00e9\u00e7u, ni d\u00e9sappoint\u00e9 par le <a href=\"https:\/\/www.blackfridaydeals.ch\/fr\/\">Black Friday<\/a> 2026. \u00c0 cette occasion, de nombreuses enseignes de produits de beaut\u00e9 proposeront certainement des remises exceptionnelles. Toutefois, on ne sait pas encore exactement \u00e0 quoi ressembleront ces rabais. Nonobstant, nous nous r\u00e9jouissons d\u00e9j\u00e0 des \u00e9conomies que vous allez r\u00e9aliser. Pour que vous soyez inform\u00e9, pour que vous ne manquiez aucune affaire, nous avons donc entrepris de faire pour vous une pr\u00e9diction sur les offres beaut\u00e9 au Black Friday 2026.<\/p>\n<h2>De bonnes affaires sur les produits de soins du visage<\/h2>\n<p>Si vous vous \u00eates donn\u00e9 pour ambition de garder une peau jeune, claire et douce, vous serez certainement heureux de voir qu\u2019il y aura une r\u00e9duction sur les produits de soins du visage. Vous cherchez une mousse nettoyante, vous d\u00e9sirez faire un gommage, un masque ou une cr\u00e8me, alors sachez que tous les produits imaginables sont r\u00e9duits au Black Friday 2026, que vos v\u0153ux seront exauc\u00e9s. Vous pouvez trouver ces bons plans non seulement chez les fabricants eux-m\u00eames, mais aussi chez les grands interm\u00e9diaires du secteur de la beaut\u00e9.<\/p>\n<p>Chez <a href=\"https:\/\/www.blackfridaydeals.ch\/fr\/shops\/kiehls-fr\/\">Kiehl&#8217;s<\/a>, par exemple, vous pouvez tr\u00e8s probablement mettre de l\u2019argent de c\u00f4t\u00e9. Nous nous attendons d\u2019ailleurs \u00e0 ce qu&#8217;il y ait un rabais g\u00e9n\u00e9ral sur l&#8217;ensemble de la gamme. Apr\u00e8s tout, cela va dans la logique des choses \u00e9tant donn\u00e9 que les clients ont des types de peau diff\u00e9rents, et qu\u2019ils recherchent donc des produits de soins diff\u00e9rents. Avec une remise forfaitaire sur tout, un magasin de produits de beaut\u00e9 d\u00e9tient donc toutes les chances de proposer \u00e0 chacun un produit de soin du visage adapt\u00e9 lors du Black Friday 2026. Nous pensons que la r\u00e9duction sera comprise entre 20 et 30\u00a0%, ce qui vous permettra de r\u00e9aliser quand m\u00eame des \u00e9conomies assez cons\u00e9quentes.<\/p>\n<h2>Maquillage \u00e0 un prix imbattable au Black Friday 2026<\/h2>\n<p>De nombreux magasins de beaut\u00e9 proposent \u00e9galement du maquillage, et certains fabricants se sont m\u00eame sp\u00e9cialis\u00e9s dans ce domaine. Ici aussi, nous nous attendons \u00e0 de bonnes affaires au Black Friday 2026. Par exemple, si vous voulez un nouveau fard anticernes de <a href=\"https:\/\/www.blackfridaydeals.ch\/fr\/shops\/mac-cosmetics-fr\/\">MAC Cosmetics<\/a>, vous serez tr\u00e8s probablement bien servi.<\/p>\n<p>Dans le domaine du maquillage, on peut imaginer des op\u00e9rations similaires \u00e0 celles des soins du visage. En plus d&#8217;une remise forfaitaire sur tout, une remise par cat\u00e9gorie est \u00e9galement envisageable ici. De cette fa\u00e7on, les magasins pourraient mettre sous les feux des projecteurs une certaine cat\u00e9gorie de maquillage. Par exemple, une remise sur tous les produits pour les yeux serait envisageable. On pourrait s\u2019attendre dans ce cas \u00e0 des remises l\u00e9g\u00e8rement plus \u00e9lev\u00e9es. Vous pourriez donc probablement \u00e9conomiser 30 ou 40\u00a0% avec cette offre.<\/p>\n<h2>Comment obtenir une r\u00e9duction sur les parfums les plus populaires<\/h2>\n<p>La plupart des magasins de beaut\u00e9 disposent \u00e9galement d&#8217;une gamme de parfums, et les d\u00e9taillants de parfums proposent souvent d&#8217;autres produits de beaut\u00e9. Vous \u00eates donc assur\u00e9 de trouver de nombreux parfums \u00e0 des prix avantageux au Black Friday 2026. Ceux-ci sont d\u00e9j\u00e0 r\u00e9duits dans de nombreux cas lors du <a href=\"https:\/\/www.blackfridaydeals.ch\/fr\/singles-day\/\">Singles Day<\/a>, et certains magasins c\u00e9l\u00e8brent \u00e9galement le <a href=\"https:\/\/www.blackfridaydeals.ch\/fr\/cyber-monday\/\">Cyber Monday<\/a>.<\/p>\n<p>Pour les parfums, nous pensons qu\u2019une campagne sous forme de soldes est une option probable pour lancer de bonnes affaires. La boutique Parfum sale sugg\u00e8re m\u00eame cette option dans son nom. Dans le cadre de soldes, un magasin pourra s\u00e9lectionner les parfums les plus populaires ou les plus r\u00e9cents qui inspireront de nombreux clients au Black Friday 2026, pour les proposer ensuite \u00e0 des prix consid\u00e9rablement r\u00e9duits, ce qui permettra d&#8217;\u00e9conomiser jusqu&#8217;\u00e0 80\u00a0%. Bien s\u00fbr, tous les parfums ne font pas l&#8217;objet de r\u00e9ductions aussi importantes, mais beaucoup sont disponibles avec des remises allant jusqu&#8217;\u00e0 50\u00a0%. Ces \u00e9conomies sont particuli\u00e8rement appr\u00e9ciables quand elles portent sur les parfums co\u00fbteux.<\/p>\n<h2>\u00c9conomiser sur les soins pour les cheveux<\/h2>\n<p>Au Black Friday 2026, tout comme les produits pour les soins de la peau, les produits destin\u00e9s aux soins des cheveux seront aussi r\u00e9duits. Vous pouvez chercher des offres dans les grands magasins de produits de beaut\u00e9. Des magasins sp\u00e9cialis\u00e9s dans la coiffure, tels que <a href=\"https:\/\/www.blackfridaydeals.ch\/fr\/shops\/perfecthair-fr\/\">PerfectHair.ch<\/a>, participent \u00e9galement \u00e0 l&#8217;\u00e9v\u00e9nement. Ainsi, vous pouvez obtenir presque tout ce que vous pouvez souhaiter \u00e0 prix r\u00e9duit, \u00e0 l\u2019instar des shampooings et apr\u00e8s-shampooings, des outils de coiffure et bien d\u2019autres accessoires. On peut \u00e9galement imaginer qu\u2019il y aura aussi des soldes dans les magasins sp\u00e9cialis\u00e9s dans la coiffure, mais il est possible qu\u2019il y ait aussi des remises forfaitaires sur tout ou des remises par cat\u00e9gorie.<\/p>\n<h3>Plus d&#8217;articles int\u00e9ressants:<\/h3>\n<ul>\n<li><a href=\"https:\/\/www.blackfridaydeals.ch\/fr\/photos-video-black-friday\/\">Les meilleures affaires en photos et vid\u00e9o au Black Friday 2026<\/a><\/li>\n<li><a href=\"https:\/\/www.blackfridaydeals.ch\/fr\/meilleures-appareils-photos\/\">Les meilleures affaires sur les appareils photos au Black Friday 2026<\/a><\/li>\n<li><a href=\"https:\/\/www.blackfridaydeals.ch\/fr\/fournitures-bureau-black-friday\/\">Les meilleures affaires pour les fournitures de bureau au Black Friday 2026<\/a><\/li>\n<li><a href=\"https:\/\/www.blackfridaydeals.ch\/fr\/montres-connectees-black-friday\/\">Les meilleures affaires sur les montres connect\u00e9es au Black Friday 2026<\/a><\/li>\n<li><a href=\"https:\/\/www.blackfridaydeals.ch\/fr\/offres-jouets-black-friday\/\">Les meilleures offres sur les jouets au Black Friday 2026<\/a><\/li>\n<li><a href=\"https:\/\/www.blackfridaydeals.ch\/fr\/offres-montres-black-friday\/\">Les meilleures offres de montres pour le Black Friday 2026<\/a><\/li>\n<li><a href=\"https:\/\/www.blackfridaydeals.ch\/fr\/nouvelle-cuisine-black-friday\/\">Les meilleures offres de cuisine au Black Friday 2026<\/a><\/li>\n<li><a href=\"https:\/\/www.blackfridaydeals.ch\/fr\/offres-de-son-black-friday\/\">Les meilleures offres de Son pendant le Black Friday 2026<\/a><\/li>\n<li><a href=\"https:\/\/www.blackfridaydeals.ch\/fr\/ordinateurs-portables-black-friday\/\">Les meilleures offres sur les ordinateurs portables au Black Friday 2026<\/a><\/li>\n<li><a href=\"https:\/\/www.blackfridaydeals.ch\/fr\/offres-smartphones-black-friday\/\">Ces offres sur les smartphones seront disponibles au Black Friday 2026<\/a><\/li>\n<li><a href=\"https:\/\/www.blackfridaydeals.ch\/fr\/parfum-prix-reduit-black-friday\/\">Comment trouver ce parfum subtil \u00e0 prix r\u00e9duit au Black Friday 2026<\/a><\/li>\n<li><a href=\"https:\/\/www.blackfridaydeals.ch\/fr\/chaussures-au-black-friday\/\">Des chaussures de haute qualit\u00e9 \u00e0 des prix abordables au Black Friday 2026<\/a><\/li>\n<li><a href=\"https:\/\/www.blackfridaydeals.ch\/fr\/black-friday-home-cinema\/\">Les meilleures affaires au Black Friday 2026 sur le Home Cin\u00e9ma<\/a><\/li>\n<li><a href=\"https:\/\/www.blackfridaydeals.ch\/fr\/black-friday-alimentaires\/\">Les meilleures affaires au Black Friday 2026 sur les produits alimentaires et les boissons<\/a><\/li>\n<li><a href=\"https:\/\/www.blackfridaydeals.ch\/fr\/meilleures-meubles-black-friday\/\">Les meilleures affaires sur les meubles au Black Friday 2026<\/a><\/li>\n<li><a href=\"https:\/\/www.blackfridaydeals.ch\/fr\/offres-fitness-black-friday-year\/\">Les meilleures offres de fitness au Black Friday 2026<\/a><\/li>\n<li><a href=\"https:\/\/www.blackfridaydeals.ch\/fr\/pour-le-menage-black-friday\/\">Tout ce qu&#8217;il faut pour le m\u00e9nage au Black Friday 2026<\/a><\/li>\n<li><a href=\"https:\/\/www.blackfridaydeals.ch\/fr\/voyages-vols-hotels-black-friday\/\">Voyages, vols et h\u00f4tels \u00e0 bas prix Black Friday 2026<\/a><\/li>\n<li><a href=\"https:\/\/www.blackfridaydeals.ch\/fr\/offres-de-jeux-video-black-friday\/\">Voici les offres de jeux vid\u00e9o que nous attendons avec impatience au Black Friday 2026<\/a><\/li>\n<\/ul>\n<p>[\/vc_column_text][\/vc_column][\/vc_row]<\/p>\n","protected":false},"excerpt":{"rendered":"<p>[vc_row][vc_column][vc_column_text] Pour ceux qui attendent avec excitation et empressement de nouveaux produits de beaut\u00e9 pour No\u00ebl et le Nouvel An, nous leur dirons\u00a0: vous ne serez pas d\u00e9\u00e7u, ni d\u00e9sappoint\u00e9 par le Black Friday . \u00c0 cette occasion, de nombreuses enseignes de produits de beaut\u00e9 proposeront certainement des remises exceptionnelles. Toutefois, on ne sait pas [&hellip;]<\/p>\n","protected":false},"author":40,"featured_media":37329,"parent":0,"menu_order":0,"comment_status":"closed","ping_status":"closed","template":"","meta":[],"yoast_head":"<!-- This site is optimized with the Yoast SEO plugin v20.5 - https:\/\/yoast.com\/wordpress\/plugins\/seo\/ -->\n<title>Les offres dans le monde de beaut\u00e9 au Black Friday 2026<\/title>\n<meta name=\"description\" content=\"Beaut\u00e9 : les offres du Black Friday 2026 Ici vous trouverez toutes les offres Black Friday dans l\u2019univers des beaut\u00e9.\" \/>\n<meta name=\"robots\" content=\"noindex, follow\" \/>\n<meta property=\"og:locale\" content=\"fr_FR\" \/>\n<meta property=\"og:type\" content=\"article\" \/>\n<meta property=\"og:title\" content=\"Les offres dans le monde de beaut\u00e9 au Black Friday 2026\" \/>\n<meta property=\"og:description\" content=\"Beaut\u00e9 : les offres du Black Friday 2026 Ici vous trouverez toutes les offres Black Friday dans l\u2019univers des beaut\u00e9.\" \/>\n<meta property=\"og:url\" content=\"https:\/\/www.blackfridaydeals.ch\/fr\/beaute-au-black-friday\/\" \/>\n<meta property=\"og:site_name\" content=\"blackfridaydeals.ch\" \/>\n<meta property=\"article:publisher\" content=\"https:\/\/www.facebook.com\/blackfridaydealsch\/\" \/>\n<meta property=\"article:modified_time\" content=\"2025-02-07T13:52:53+00:00\" \/>\n<meta property=\"og:image\" content=\"https:\/\/www.blackfridaydeals.ch\/wp-content\/uploads\/2021\/10\/bottle-g65122ea81_1920.jpg\" \/>\n\t<meta property=\"og:image:width\" content=\"1920\" \/>\n\t<meta property=\"og:image:height\" content=\"1280\" \/>\n\t<meta property=\"og:image:type\" content=\"image\/jpeg\" \/>\n<meta name=\"twitter:card\" content=\"summary_large_image\" \/>\n<meta name=\"twitter:site\" content=\"@blackfridaych\" \/>\n<meta name=\"twitter:label1\" content=\"Est. reading time\" \/>\n\t<meta name=\"twitter:data1\" content=\"6 minutes\" \/>\n<script type=\"application\/ld+json\" class=\"yoast-schema-graph\">{\"@context\":\"https:\/\/schema.org\",\"@graph\":[{\"@type\":\"WebPage\",\"@id\":\"https:\/\/www.blackfridaydeals.ch\/fr\/beaute-au-black-friday\/\",\"url\":\"https:\/\/www.blackfridaydeals.ch\/fr\/beaute-au-black-friday\/\",\"name\":\"Les offres dans le monde de beaut\u00e9 au Black Friday 2026\",\"isPartOf\":{\"@id\":\"https:\/\/www.blackfridaydeals.ch\/fr\/#website\"},\"datePublished\":\"2021-10-27T08:06:40+00:00\",\"dateModified\":\"2025-02-07T13:52:53+00:00\",\"description\":\"Beaut\u00e9 : les offres du Black Friday 2026 Ici vous trouverez toutes les offres Black Friday dans l\u2019univers des beaut\u00e9.\",\"breadcrumb\":{\"@id\":\"https:\/\/www.blackfridaydeals.ch\/fr\/beaute-au-black-friday\/#breadcrumb\"},\"inLanguage\":\"fr-CH\",\"potentialAction\":[{\"@type\":\"ReadAction\",\"target\":[\"https:\/\/www.blackfridaydeals.ch\/fr\/beaute-au-black-friday\/\"]}]},{\"@type\":\"BreadcrumbList\",\"@id\":\"https:\/\/www.blackfridaydeals.ch\/fr\/beaute-au-black-friday\/#breadcrumb\",\"itemListElement\":[{\"@type\":\"ListItem\",\"position\":1,\"name\":\"Startseite\",\"item\":\"https:\/\/www.blackfridaydeals.ch\/fr\/\"},{\"@type\":\"ListItem\",\"position\":2,\"name\":\"Les meilleures offres dans le monde de beaut\u00e9 au Black Friday\"}]},{\"@type\":\"WebSite\",\"@id\":\"https:\/\/www.blackfridaydeals.ch\/fr\/#website\",\"url\":\"https:\/\/www.blackfridaydeals.ch\/fr\/\",\"name\":\"blackfridaydeals.ch\",\"description\":\"Toutes les offres du Black Friday 2025 en Suisse\",\"publisher\":{\"@id\":\"https:\/\/www.blackfridaydeals.ch\/fr\/#organization\"},\"alternateName\":\"Black Friday Deals\",\"potentialAction\":[{\"@type\":\"SearchAction\",\"target\":{\"@type\":\"EntryPoint\",\"urlTemplate\":\"https:\/\/www.blackfridaydeals.ch\/fr\/?s={search_term_string}\"},\"query-input\":\"required name=search_term_string\"}],\"inLanguage\":\"fr-CH\"},{\"@type\":\"Organization\",\"@id\":\"https:\/\/www.blackfridaydeals.ch\/fr\/#organization\",\"name\":\"blackfridaydeals.ch\",\"alternateName\":\"Black Friday Deals\",\"url\":\"https:\/\/www.blackfridaydeals.ch\/fr\/\",\"logo\":{\"@type\":\"ImageObject\",\"inLanguage\":\"fr-CH\",\"@id\":\"https:\/\/www.blackfridaydeals.ch\/fr\/#\/schema\/logo\/image\/\",\"url\":\"https:\/\/www.blackfridaydeals.ch\/wp-content\/uploads\/2023\/03\/app-icon-white-bg-jpg.jpg\",\"contentUrl\":\"https:\/\/www.blackfridaydeals.ch\/wp-content\/uploads\/2023\/03\/app-icon-white-bg-jpg.jpg\",\"width\":512,\"height\":512,\"caption\":\"blackfridaydeals.ch\"},\"image\":{\"@id\":\"https:\/\/www.blackfridaydeals.ch\/fr\/#\/schema\/logo\/image\/\"},\"sameAs\":[\"https:\/\/www.facebook.com\/blackfridaydealsch\/\",\"https:\/\/twitter.com\/blackfridaych\",\"https:\/\/www.youtube.com\/channel\/UCNKXHacMw8AS34mBgzVx3FQ\",\"https:\/\/www.instagram.com\/blackfridaydeals.ch\/\"]}]}<\/script>\n<!-- \/ Yoast SEO plugin. -->","yoast_head_json":{"title":"Les offres dans le monde de beaut\u00e9 au Black Friday 2026","description":"Beaut\u00e9 : les offres du Black Friday 2026 Ici vous trouverez toutes les offres Black Friday dans l\u2019univers des beaut\u00e9.","robots":{"index":"noindex","follow":"follow"},"og_locale":"fr_FR","og_type":"article","og_title":"Les offres dans le monde de beaut\u00e9 au Black Friday 2026","og_description":"Beaut\u00e9 : les offres du Black Friday 2026 Ici vous trouverez toutes les offres Black Friday dans l\u2019univers des beaut\u00e9.","og_url":"https:\/\/www.blackfridaydeals.ch\/fr\/beaute-au-black-friday\/","og_site_name":"blackfridaydeals.ch","article_publisher":"https:\/\/www.facebook.com\/blackfridaydealsch\/","article_modified_time":"2025-02-07T13:52:53+00:00","og_image":[{"width":1920,"height":1280,"url":"https:\/\/www.blackfridaydeals.ch\/wp-content\/uploads\/2021\/10\/bottle-g65122ea81_1920.jpg","type":"image\/jpeg"}],"twitter_card":"summary_large_image","twitter_site":"@blackfridaych","twitter_misc":{"Est. reading time":"6 minutes"},"schema":{"@context":"https:\/\/schema.org","@graph":[{"@type":"WebPage","@id":"https:\/\/www.blackfridaydeals.ch\/fr\/beaute-au-black-friday\/","url":"https:\/\/www.blackfridaydeals.ch\/fr\/beaute-au-black-friday\/","name":"Les offres dans le monde de beaut\u00e9 au Black Friday 2026","isPartOf":{"@id":"https:\/\/www.blackfridaydeals.ch\/fr\/#website"},"datePublished":"2021-10-27T08:06:40+00:00","dateModified":"2025-02-07T13:52:53+00:00","description":"Beaut\u00e9 : les offres du Black Friday 2026 Ici vous trouverez toutes les offres Black Friday dans l\u2019univers des beaut\u00e9.","breadcrumb":{"@id":"https:\/\/www.blackfridaydeals.ch\/fr\/beaute-au-black-friday\/#breadcrumb"},"inLanguage":"fr-CH","potentialAction":[{"@type":"ReadAction","target":["https:\/\/www.blackfridaydeals.ch\/fr\/beaute-au-black-friday\/"]}]},{"@type":"BreadcrumbList","@id":"https:\/\/www.blackfridaydeals.ch\/fr\/beaute-au-black-friday\/#breadcrumb","itemListElement":[{"@type":"ListItem","position":1,"name":"Startseite","item":"https:\/\/www.blackfridaydeals.ch\/fr\/"},{"@type":"ListItem","position":2,"name":"Les meilleures offres dans le monde de beaut\u00e9 au Black Friday"}]},{"@type":"WebSite","@id":"https:\/\/www.blackfridaydeals.ch\/fr\/#website","url":"https:\/\/www.blackfridaydeals.ch\/fr\/","name":"blackfridaydeals.ch","description":"Toutes les offres du Black Friday 2025 en Suisse","publisher":{"@id":"https:\/\/www.blackfridaydeals.ch\/fr\/#organization"},"alternateName":"Black Friday Deals","potentialAction":[{"@type":"SearchAction","target":{"@type":"EntryPoint","urlTemplate":"https:\/\/www.blackfridaydeals.ch\/fr\/?s={search_term_string}"},"query-input":"required name=search_term_string"}],"inLanguage":"fr-CH"},{"@type":"Organization","@id":"https:\/\/www.blackfridaydeals.ch\/fr\/#organization","name":"blackfridaydeals.ch","alternateName":"Black Friday Deals","url":"https:\/\/www.blackfridaydeals.ch\/fr\/","logo":{"@type":"ImageObject","inLanguage":"fr-CH","@id":"https:\/\/www.blackfridaydeals.ch\/fr\/#\/schema\/logo\/image\/","url":"https:\/\/www.blackfridaydeals.ch\/wp-content\/uploads\/2023\/03\/app-icon-white-bg-jpg.jpg","contentUrl":"https:\/\/www.blackfridaydeals.ch\/wp-content\/uploads\/2023\/03\/app-icon-white-bg-jpg.jpg","width":512,"height":512,"caption":"blackfridaydeals.ch"},"image":{"@id":"https:\/\/www.blackfridaydeals.ch\/fr\/#\/schema\/logo\/image\/"},"sameAs":["https:\/\/www.facebook.com\/blackfridaydealsch\/","https:\/\/twitter.com\/blackfridaych","https:\/\/www.youtube.com\/channel\/UCNKXHacMw8AS34mBgzVx3FQ","https:\/\/www.instagram.com\/blackfridaydeals.ch\/"]}]}},"_links":{"self":[{"href":"https:\/\/www.blackfridaydeals.ch\/fr\/wp-json\/wp\/v2\/pages\/38208"}],"collection":[{"href":"https:\/\/www.blackfridaydeals.ch\/fr\/wp-json\/wp\/v2\/pages"}],"about":[{"href":"https:\/\/www.blackfridaydeals.ch\/fr\/wp-json\/wp\/v2\/types\/page"}],"author":[{"embeddable":true,"href":"https:\/\/www.blackfridaydeals.ch\/fr\/wp-json\/wp\/v2\/users\/40"}],"replies":[{"embeddable":true,"href":"https:\/\/www.blackfridaydeals.ch\/fr\/wp-json\/wp\/v2\/comments?post=38208"}],"version-history":[{"count":16,"href":"https:\/\/www.blackfridaydeals.ch\/fr\/wp-json\/wp\/v2\/pages\/38208\/revisions"}],"predecessor-version":[{"id":74547,"href":"https:\/\/www.blackfridaydeals.ch\/fr\/wp-json\/wp\/v2\/pages\/38208\/revisions\/74547"}],"wp:featuredmedia":[{"embeddable":true,"href":"https:\/\/www.blackfridaydeals.ch\/fr\/wp-json\/wp\/v2\/media\/37329"}],"wp:attachment":[{"href":"https:\/\/www.blackfridaydeals.ch\/fr\/wp-json\/wp\/v2\/media?parent=38208"}],"curies":[{"name":"wp","href":"https:\/\/api.w.org\/{rel}","templated":true}]}}