{"id":38205,"date":"2021-10-27T10:01:57","date_gmt":"2021-10-27T08:01:57","guid":{"rendered":"https:\/\/www.blackfridaydeals.ch\/?page_id=38205"},"modified":"2025-02-07T14:53:33","modified_gmt":"2025-02-07T13:53:33","slug":"offres-montres-black-friday","status":"publish","type":"page","link":"https:\/\/www.blackfridaydeals.ch\/fr\/offres-montres-black-friday\/","title":{"rendered":"Les meilleures offres de montres pour le Black Friday"},"content":{"rendered":"<p>[vc_row][vc_column]\n[vc_column_text]<\/p>\n<p style=\"text-align: center;\"><img decoding=\"async\" class=\"alignright size-medium wp-image-37334\" src=\"https:\/\/www.blackfridaydeals.ch\/wp-content\/uploads\/2021\/10\/wrist-watch-g44b170230_1920-300x191.jpg\" alt=\"\" width=\"300\" height=\"191\" srcset=\"https:\/\/www.blackfridaydeals.ch\/wp-content\/uploads\/2021\/10\/wrist-watch-g44b170230_1920-300x191.jpg 300w, https:\/\/www.blackfridaydeals.ch\/wp-content\/uploads\/2021\/10\/wrist-watch-g44b170230_1920-1024x652.jpg 1024w, https:\/\/www.blackfridaydeals.ch\/wp-content\/uploads\/2021\/10\/wrist-watch-g44b170230_1920-768x489.jpg 768w, https:\/\/www.blackfridaydeals.ch\/wp-content\/uploads\/2021\/10\/wrist-watch-g44b170230_1920-1536x978.jpg 1536w, https:\/\/www.blackfridaydeals.ch\/wp-content\/uploads\/2021\/10\/wrist-watch-g44b170230_1920-2048x1305.jpg 2048w, https:\/\/www.blackfridaydeals.ch\/wp-content\/uploads\/2021\/10\/wrist-watch-g44b170230_1920-788x501.jpg 788w, https:\/\/www.blackfridaydeals.ch\/wp-content\/uploads\/2021\/10\/wrist-watch-g44b170230_1920-150x96.jpg 150w, https:\/\/www.blackfridaydeals.ch\/wp-content\/uploads\/2021\/10\/wrist-watch-g44b170230_1920.jpg 1920w\" sizes=\"(max-width: 300px) 100vw, 300px\" \/><a href=\"https:\/\/www.blackfridaydeals.ch\/fr\/mode-bijoux\/\" target=\"_blank\" style=\"border-radius:5px\" class=\"wpsm-button btncolor medium rehub_btn_color\"><i class=\"rhicon rhi-none\"><\/i>Afficher tous les deals de bijoux<\/a><\/p>\n<p>Il arrive de temps de temps qu\u2019on soit \u00e0 la recherche d&#8217;une nouvelle montre. Et si vous vous int\u00e9ressez aux montres de haute qualit\u00e9 de marques connues, alors, il faudrait payer le prix fort. Par cons\u00e9quent, il serait plus payant d&#8217;attendre le jour o\u00f9 il y aurait des r\u00e9ductions assez importantes sur les montres de grande qualit\u00e9. Au <a href=\"https:\/\/www.blackfridaydeals.ch\/fr\/\">Black Friday<\/a> 2026, c\u2019est la grande occasion de trouver de grandes r\u00e9ductions sur les montres dans de nombreux endroits.<\/p>\n<h2>Des montres pour tous les budgets<\/h2>\n<p>Au Black Friday 2026, les bonnes affaires sur les montres ne manqueront pas. En effet, la plupart des d\u00e9taillants proposent des montres pour tous les budgets et vous pourrez m\u00eame \u00e9conomiser. Par exemple, chez <a href=\"https:\/\/www.blackfridaydeals.ch\/fr\/shops\/christ-montres-bijoux\/\">CHRIST<\/a>, vous trouverez un grand choix de montres fabriqu\u00e9es en Suisse et ailleurs. Vous y d\u00e9couvriez les montres de Christ lui-m\u00eame, mais aussi de plusieurs autres fabricants connus et moins connus. Et l\u2019offre est destin\u00e9e pour tout le monde, pour les hommes, comme pour les femmes et les enfants. Vous trouverez une large collection de montres dans diff\u00e9rents styles, couleurs et mat\u00e9riaux chez de nombreux d\u00e9taillants horlogers tels que CHRIST ou <a href=\"https:\/\/www.blackfridaydeals.ch\/fr\/shops\/christian-montres-bijoux\/\">CHRISTIAN Montres et Bijoux<\/a>.<\/p>\n<p>La plupart des d\u00e9taillants horlogers participeront au Black Friday 2026 avec des promotions similaires, car une tendance semble s&#8217;\u00eatre \u00e9tablie dans le secteur. En g\u00e9n\u00e9ral, vous pouvez obtenir une remise de 20 ou 30\u00a0% sur l&#8217;ensemble de la gamme. Certaines marques peuvent \u00eatre exclues de la promotion, mais la plupart des magasins excluent tout au plus les articles d\u00e9j\u00e0 sold\u00e9s.<\/p>\n<p>Il se peut que des d\u00e9taillants pr\u00e9voient aussi une remise par cat\u00e9gorie. Cela permet de r\u00e9aliser une \u00e9conomie l\u00e9g\u00e8rement sup\u00e9rieure, mais ce n\u2019est qu\u2019une partie de l&#8217;assortiment qui sera r\u00e9duite. Par cons\u00e9quent, tous les clients ne vont pas trouver n\u00e9cessairement ce qu&#8217;ils recherchent. Mais si vous trouvez la montre que vous d\u00e9sirez, vous pouvez esp\u00e9rer faire une bonne affaire. Au Black Friday 2026, vous pouvez g\u00e9n\u00e9ralement r\u00e9aliser une \u00e9conomie de 30 ou 40\u00a0% en cas d\u2019une remise par cat\u00e9gorie. D\u2019habitude, les d\u00e9taillants choisissent des marques ou des cat\u00e9gories de produits qui sont populaires aupr\u00e8s des clients \u00e0 cette fin. Et vous devinez qu\u2019\u00e0 travers cette action les magasins cherchent surtout \u00e0 s\u00e9duire, voire envo\u00fbter le plus grand nombre de personnes possibles.<\/p>\n<p>\u00c0 notre avis, aucun des deux plans n&#8217;est nettement meilleur que l&#8217;autre. Si un d\u00e9taillant horloger n\u2019arrive pas \u00e0 se d\u00e9cider, il peut aussi combiner les deux promotions. De cette fa\u00e7on, tout serait r\u00e9duit au Black Friday 2026, mais une marque ou une cat\u00e9gorie serait plus r\u00e9duite que le reste de l&#8217;assortiment.<\/p>\n<h2>Remises sur les montres haut de gamme \u00e0 l&#8217;occasion du Black Friday 2026<\/h2>\n<p>Au Black Friday 2026, les montres \u00e0 prix abordables ne sont pas les seules \u00e0 b\u00e9n\u00e9ficier de r\u00e9ductions, les mod\u00e8les haut de gamme \u00e9galement. De nombreux Suisses les ach\u00e8tent dans des magasins sp\u00e9cialis\u00e9s tels que Sovogue.<\/p>\n<p>Ici, le Black Friday est c\u00e9l\u00e9br\u00e9 un peu diff\u00e9remment des autres d\u00e9taillants de montres, car les magasins proposent g\u00e9n\u00e9ralement des soldes. Ils s\u00e9lectionnent des montres individuelles et les proposent aux meilleurs prix. Avec un peu de chance, cette offre vous permettra d&#8217;acqu\u00e9rir une montre moins ch\u00e8re que jamais depuis son lancement. Les boutiques de luxe organisent souvent au Black Friday des soldes o\u00f9 les r\u00e9ductions peuvent aller jusqu&#8217;\u00e0 80\u00a0%. Toutefois, il est toujours utile de proc\u00e9der \u00e0 une comparaison des prix avant de vous d\u00e9cider. Mais ce qui est certain, c\u2019est qu\u2019avec une bonne offre, vous pouvez \u00e9conomiser beaucoup de francs lors de l&#8217;achat d\u2019une Rolex par exemple.<\/p>\n<h2>Autres accessoires \u00e0 prix imbattable<\/h2>\n<p>Nombre de ces magasins proposent non seulement des montres, mais aussi des bracelets, des colliers, des boucles d&#8217;oreilles et d&#8217;autres bijoux. Les promotions sont similaires, vous pouvez donc vous attendre \u00e0 des remises forfaitaires sur tout, mais aussi \u00e0 des remises par cat\u00e9gorie et des soldes. Avec les offres au Black Friday 2026, vous pouvez conclure de belles affaires et \u00e9conomiser beaucoup de francs en achetant un cadeau qui ravira vos proches \u00e0 No\u00ebl. Le<a href=\"https:\/\/www.blackfridaydeals.ch\/fr\/singles-day\/\"> Singles Day<\/a> et le <a href=\"https:\/\/www.blackfridaydeals.ch\/fr\/cyber-monday\/\">Cyber Monday<\/a> sont aussi deux journ\u00e9es de shopping devenues de plus importantes et m\u00e9ritent donc votre attention.<\/p>\n<h3>Plus d&#8217;articles int\u00e9ressants:<\/h3>\n<ul>\n<li><a href=\"https:\/\/www.blackfridaydeals.ch\/fr\/photos-video-black-friday\/\">Les meilleures affaires en photos et vid\u00e9o au Black Friday 2026<\/a><\/li>\n<li><a href=\"https:\/\/www.blackfridaydeals.ch\/fr\/meilleures-appareils-photos\/\">Les meilleures affaires sur les appareils photos au Black Friday 2026<\/a><\/li>\n<li><a href=\"https:\/\/www.blackfridaydeals.ch\/fr\/fournitures-bureau-black-friday\/\">Les meilleures affaires pour les fournitures de bureau au Black Friday 2026<\/a><\/li>\n<li><a href=\"https:\/\/www.blackfridaydeals.ch\/fr\/montres-connectees-black-friday\/\">Les meilleures affaires sur les montres connect\u00e9es au Black Friday 2026<\/a><\/li>\n<li><a href=\"https:\/\/www.blackfridaydeals.ch\/fr\/offres-jouets-black-friday\/\">Les meilleures offres sur les jouets au Black Friday 2026<\/a><\/li>\n<li><a href=\"https:\/\/www.blackfridaydeals.ch\/fr\/beaute-au-black-friday\/\">Les meilleures offres dans le monde de beaut\u00e9 au Black Friday 2026<\/a><\/li>\n<li><a href=\"https:\/\/www.blackfridaydeals.ch\/fr\/offres-de-son-black-friday\/\">Les meilleures offres de Son pendant le Black Friday 2026<\/a><\/li>\n<li><a href=\"https:\/\/www.blackfridaydeals.ch\/fr\/ordinateurs-portables-black-friday\/\">Les meilleures offres sur les ordinateurs portables au Black Friday 2026<\/a><\/li>\n<li><a href=\"https:\/\/www.blackfridaydeals.ch\/fr\/offres-smartphones-black-friday\/\">Ces offres sur les smartphones seront disponibles au Black Friday 2026<\/a><\/li>\n<li><a href=\"https:\/\/www.blackfridaydeals.ch\/fr\/parfum-prix-reduit-black-friday\/\">Comment trouver ce parfum subtil \u00e0 prix r\u00e9duit au Black Friday 2026<\/a><\/li>\n<li><a href=\"https:\/\/www.blackfridaydeals.ch\/fr\/chaussures-au-black-friday\/\">Des chaussures de haute qualit\u00e9 \u00e0 des prix abordables au Black Friday 2026<\/a><\/li>\n<li><a href=\"https:\/\/www.blackfridaydeals.ch\/fr\/black-friday-home-cinema\/\">Les meilleures affaires au Black Friday 2026 sur le Home Cin\u00e9ma<\/a><\/li>\n<li><a href=\"https:\/\/www.blackfridaydeals.ch\/fr\/black-friday-alimentaires\/\">Les meilleures affaires au Black Friday 2026 sur les produits alimentaires et les boissons<\/a><\/li>\n<li><a href=\"https:\/\/www.blackfridaydeals.ch\/fr\/meilleures-meubles-black-friday\/\">Les meilleures affaires sur les meubles au Black Friday 2026<\/a><\/li>\n<li><a href=\"https:\/\/www.blackfridaydeals.ch\/fr\/offres-fitness-black-friday-year\/\">Les meilleures offres de fitness au Black Friday 2026<\/a><\/li>\n<li><a href=\"https:\/\/www.blackfridaydeals.ch\/fr\/pour-le-menage-black-friday\/\">Tout ce qu&#8217;il faut pour le m\u00e9nage au Black Friday 2026<\/a><\/li>\n<li><a href=\"https:\/\/www.blackfridaydeals.ch\/fr\/voyages-vols-hotels-black-friday\/\">Voyages, vols et h\u00f4tels \u00e0 bas prix Black Friday 2026<\/a><\/li>\n<li><a href=\"https:\/\/www.blackfridaydeals.ch\/fr\/offres-de-jeux-video-black-friday\/\">Voici les offres de jeux vid\u00e9o que nous attendons avec impatience au Black Friday 2026<\/a><\/li>\n<\/ul>\n<p>[\/vc_column_text][\/vc_column][\/vc_row]<\/p>\n","protected":false},"excerpt":{"rendered":"<p>[vc_row][vc_column][vc_column_text] Il arrive de temps de temps qu\u2019on soit \u00e0 la recherche d&#8217;une nouvelle montre. Et si vous vous int\u00e9ressez aux montres de haute qualit\u00e9 de marques connues, alors, il faudrait payer le prix fort. Par cons\u00e9quent, il serait plus payant d&#8217;attendre le jour o\u00f9 il y aurait des r\u00e9ductions assez importantes sur les montres [&hellip;]<\/p>\n","protected":false},"author":40,"featured_media":37334,"parent":0,"menu_order":0,"comment_status":"closed","ping_status":"closed","template":"","meta":[],"yoast_head":"<!-- This site is optimized with the Yoast SEO plugin v20.5 - https:\/\/yoast.com\/wordpress\/plugins\/seo\/ -->\n<title>Les meilleures offres de montres pour le Black Friday 2026<\/title>\n<meta name=\"description\" content=\"Montres : les offres du Black Friday 2026 Ici vous trouverez toutes les offres Black Friday dans l\u2019univers des montres.\" \/>\n<meta name=\"robots\" content=\"index, follow, max-snippet:-1, max-image-preview:large, max-video-preview:-1\" \/>\n<link rel=\"canonical\" href=\"https:\/\/www.blackfridaydeals.ch\/fr\/offres-montres-black-friday\/\" \/>\n<meta property=\"og:locale\" content=\"fr_FR\" \/>\n<meta property=\"og:type\" content=\"article\" \/>\n<meta property=\"og:title\" content=\"Les meilleures offres de montres pour le Black Friday 2026\" \/>\n<meta property=\"og:description\" content=\"Montres : les offres du Black Friday 2026 Ici vous trouverez toutes les offres Black Friday dans l\u2019univers des montres.\" \/>\n<meta property=\"og:url\" content=\"https:\/\/www.blackfridaydeals.ch\/fr\/offres-montres-black-friday\/\" \/>\n<meta property=\"og:site_name\" content=\"blackfridaydeals.ch\" \/>\n<meta property=\"article:publisher\" content=\"https:\/\/www.facebook.com\/blackfridaydealsch\/\" \/>\n<meta property=\"article:modified_time\" content=\"2025-02-07T13:53:33+00:00\" \/>\n<meta property=\"og:image\" content=\"https:\/\/www.blackfridaydeals.ch\/wp-content\/uploads\/2021\/10\/wrist-watch-g44b170230_1920.jpg\" \/>\n\t<meta property=\"og:image:width\" content=\"1920\" \/>\n\t<meta property=\"og:image:height\" content=\"1223\" \/>\n\t<meta property=\"og:image:type\" content=\"image\/jpeg\" \/>\n<meta name=\"twitter:card\" content=\"summary_large_image\" \/>\n<meta name=\"twitter:site\" content=\"@blackfridaych\" \/>\n<meta name=\"twitter:label1\" content=\"Est. reading time\" \/>\n\t<meta name=\"twitter:data1\" content=\"5 minutes\" \/>\n<script type=\"application\/ld+json\" class=\"yoast-schema-graph\">{\"@context\":\"https:\/\/schema.org\",\"@graph\":[{\"@type\":\"WebPage\",\"@id\":\"https:\/\/www.blackfridaydeals.ch\/fr\/offres-montres-black-friday\/\",\"url\":\"https:\/\/www.blackfridaydeals.ch\/fr\/offres-montres-black-friday\/\",\"name\":\"Les meilleures offres de montres pour le Black Friday 2026\",\"isPartOf\":{\"@id\":\"https:\/\/www.blackfridaydeals.ch\/fr\/#website\"},\"datePublished\":\"2021-10-27T08:01:57+00:00\",\"dateModified\":\"2025-02-07T13:53:33+00:00\",\"description\":\"Montres : les offres du Black Friday 2026 Ici vous trouverez toutes les offres Black Friday dans l\u2019univers des montres.\",\"breadcrumb\":{\"@id\":\"https:\/\/www.blackfridaydeals.ch\/fr\/offres-montres-black-friday\/#breadcrumb\"},\"inLanguage\":\"fr-CH\",\"potentialAction\":[{\"@type\":\"ReadAction\",\"target\":[\"https:\/\/www.blackfridaydeals.ch\/fr\/offres-montres-black-friday\/\"]}]},{\"@type\":\"BreadcrumbList\",\"@id\":\"https:\/\/www.blackfridaydeals.ch\/fr\/offres-montres-black-friday\/#breadcrumb\",\"itemListElement\":[{\"@type\":\"ListItem\",\"position\":1,\"name\":\"Startseite\",\"item\":\"https:\/\/www.blackfridaydeals.ch\/fr\/\"},{\"@type\":\"ListItem\",\"position\":2,\"name\":\"Les meilleures offres de montres pour le Black Friday\"}]},{\"@type\":\"WebSite\",\"@id\":\"https:\/\/www.blackfridaydeals.ch\/fr\/#website\",\"url\":\"https:\/\/www.blackfridaydeals.ch\/fr\/\",\"name\":\"blackfridaydeals.ch\",\"description\":\"Alle Angebote des Black Friday 2025 in der Schweiz\",\"publisher\":{\"@id\":\"https:\/\/www.blackfridaydeals.ch\/fr\/#organization\"},\"alternateName\":\"Black Friday Deals\",\"potentialAction\":[{\"@type\":\"SearchAction\",\"target\":{\"@type\":\"EntryPoint\",\"urlTemplate\":\"https:\/\/www.blackfridaydeals.ch\/fr\/?s={search_term_string}\"},\"query-input\":\"required name=search_term_string\"}],\"inLanguage\":\"fr-CH\"},{\"@type\":\"Organization\",\"@id\":\"https:\/\/www.blackfridaydeals.ch\/fr\/#organization\",\"name\":\"blackfridaydeals.ch\",\"alternateName\":\"Black Friday Deals\",\"url\":\"https:\/\/www.blackfridaydeals.ch\/fr\/\",\"logo\":{\"@type\":\"ImageObject\",\"inLanguage\":\"fr-CH\",\"@id\":\"https:\/\/www.blackfridaydeals.ch\/fr\/#\/schema\/logo\/image\/\",\"url\":\"https:\/\/www.blackfridaydeals.ch\/wp-content\/uploads\/2023\/03\/app-icon-white-bg-jpg.jpg\",\"contentUrl\":\"https:\/\/www.blackfridaydeals.ch\/wp-content\/uploads\/2023\/03\/app-icon-white-bg-jpg.jpg\",\"width\":512,\"height\":512,\"caption\":\"blackfridaydeals.ch\"},\"image\":{\"@id\":\"https:\/\/www.blackfridaydeals.ch\/fr\/#\/schema\/logo\/image\/\"},\"sameAs\":[\"https:\/\/www.facebook.com\/blackfridaydealsch\/\",\"https:\/\/twitter.com\/blackfridaych\",\"https:\/\/www.youtube.com\/channel\/UCNKXHacMw8AS34mBgzVx3FQ\",\"https:\/\/www.instagram.com\/blackfridaydeals.ch\/\"]}]}<\/script>\n<!-- \/ Yoast SEO plugin. -->","yoast_head_json":{"title":"Les meilleures offres de montres pour le Black Friday 2026","description":"Montres : les offres du Black Friday 2026 Ici vous trouverez toutes les offres Black Friday dans l\u2019univers des montres.","robots":{"index":"index","follow":"follow","max-snippet":"max-snippet:-1","max-image-preview":"max-image-preview:large","max-video-preview":"max-video-preview:-1"},"canonical":"https:\/\/www.blackfridaydeals.ch\/fr\/offres-montres-black-friday\/","og_locale":"fr_FR","og_type":"article","og_title":"Les meilleures offres de montres pour le Black Friday 2026","og_description":"Montres : les offres du Black Friday 2026 Ici vous trouverez toutes les offres Black Friday dans l\u2019univers des montres.","og_url":"https:\/\/www.blackfridaydeals.ch\/fr\/offres-montres-black-friday\/","og_site_name":"blackfridaydeals.ch","article_publisher":"https:\/\/www.facebook.com\/blackfridaydealsch\/","article_modified_time":"2025-02-07T13:53:33+00:00","og_image":[{"width":1920,"height":1223,"url":"https:\/\/www.blackfridaydeals.ch\/wp-content\/uploads\/2021\/10\/wrist-watch-g44b170230_1920.jpg","type":"image\/jpeg"}],"twitter_card":"summary_large_image","twitter_site":"@blackfridaych","twitter_misc":{"Est. reading time":"5 minutes"},"schema":{"@context":"https:\/\/schema.org","@graph":[{"@type":"WebPage","@id":"https:\/\/www.blackfridaydeals.ch\/fr\/offres-montres-black-friday\/","url":"https:\/\/www.blackfridaydeals.ch\/fr\/offres-montres-black-friday\/","name":"Les meilleures offres de montres pour le Black Friday 2026","isPartOf":{"@id":"https:\/\/www.blackfridaydeals.ch\/fr\/#website"},"datePublished":"2021-10-27T08:01:57+00:00","dateModified":"2025-02-07T13:53:33+00:00","description":"Montres : les offres du Black Friday 2026 Ici vous trouverez toutes les offres Black Friday dans l\u2019univers des montres.","breadcrumb":{"@id":"https:\/\/www.blackfridaydeals.ch\/fr\/offres-montres-black-friday\/#breadcrumb"},"inLanguage":"fr-CH","potentialAction":[{"@type":"ReadAction","target":["https:\/\/www.blackfridaydeals.ch\/fr\/offres-montres-black-friday\/"]}]},{"@type":"BreadcrumbList","@id":"https:\/\/www.blackfridaydeals.ch\/fr\/offres-montres-black-friday\/#breadcrumb","itemListElement":[{"@type":"ListItem","position":1,"name":"Startseite","item":"https:\/\/www.blackfridaydeals.ch\/fr\/"},{"@type":"ListItem","position":2,"name":"Les meilleures offres de montres pour le Black Friday"}]},{"@type":"WebSite","@id":"https:\/\/www.blackfridaydeals.ch\/fr\/#website","url":"https:\/\/www.blackfridaydeals.ch\/fr\/","name":"blackfridaydeals.ch","description":"Alle Angebote des Black Friday 2025 in der Schweiz","publisher":{"@id":"https:\/\/www.blackfridaydeals.ch\/fr\/#organization"},"alternateName":"Black Friday Deals","potentialAction":[{"@type":"SearchAction","target":{"@type":"EntryPoint","urlTemplate":"https:\/\/www.blackfridaydeals.ch\/fr\/?s={search_term_string}"},"query-input":"required name=search_term_string"}],"inLanguage":"fr-CH"},{"@type":"Organization","@id":"https:\/\/www.blackfridaydeals.ch\/fr\/#organization","name":"blackfridaydeals.ch","alternateName":"Black Friday Deals","url":"https:\/\/www.blackfridaydeals.ch\/fr\/","logo":{"@type":"ImageObject","inLanguage":"fr-CH","@id":"https:\/\/www.blackfridaydeals.ch\/fr\/#\/schema\/logo\/image\/","url":"https:\/\/www.blackfridaydeals.ch\/wp-content\/uploads\/2023\/03\/app-icon-white-bg-jpg.jpg","contentUrl":"https:\/\/www.blackfridaydeals.ch\/wp-content\/uploads\/2023\/03\/app-icon-white-bg-jpg.jpg","width":512,"height":512,"caption":"blackfridaydeals.ch"},"image":{"@id":"https:\/\/www.blackfridaydeals.ch\/fr\/#\/schema\/logo\/image\/"},"sameAs":["https:\/\/www.facebook.com\/blackfridaydealsch\/","https:\/\/twitter.com\/blackfridaych","https:\/\/www.youtube.com\/channel\/UCNKXHacMw8AS34mBgzVx3FQ","https:\/\/www.instagram.com\/blackfridaydeals.ch\/"]}]}},"_links":{"self":[{"href":"https:\/\/www.blackfridaydeals.ch\/fr\/wp-json\/wp\/v2\/pages\/38205"}],"collection":[{"href":"https:\/\/www.blackfridaydeals.ch\/fr\/wp-json\/wp\/v2\/pages"}],"about":[{"href":"https:\/\/www.blackfridaydeals.ch\/fr\/wp-json\/wp\/v2\/types\/page"}],"author":[{"embeddable":true,"href":"https:\/\/www.blackfridaydeals.ch\/fr\/wp-json\/wp\/v2\/users\/40"}],"replies":[{"embeddable":true,"href":"https:\/\/www.blackfridaydeals.ch\/fr\/wp-json\/wp\/v2\/comments?post=38205"}],"version-history":[{"count":13,"href":"https:\/\/www.blackfridaydeals.ch\/fr\/wp-json\/wp\/v2\/pages\/38205\/revisions"}],"predecessor-version":[{"id":74545,"href":"https:\/\/www.blackfridaydeals.ch\/fr\/wp-json\/wp\/v2\/pages\/38205\/revisions\/74545"}],"wp:featuredmedia":[{"embeddable":true,"href":"https:\/\/www.blackfridaydeals.ch\/fr\/wp-json\/wp\/v2\/media\/37334"}],"wp:attachment":[{"href":"https:\/\/www.blackfridaydeals.ch\/fr\/wp-json\/wp\/v2\/media?parent=38205"}],"curies":[{"name":"wp","href":"https:\/\/api.w.org\/{rel}","templated":true}]}}