{"id":38203,"date":"2021-10-27T09:58:15","date_gmt":"2021-10-27T07:58:15","guid":{"rendered":"https:\/\/www.blackfridaydeals.ch\/?page_id=38203"},"modified":"2025-02-07T15:02:14","modified_gmt":"2025-02-07T14:02:14","slug":"offres-jouets-black-friday","status":"publish","type":"page","link":"https:\/\/www.blackfridaydeals.ch\/fr\/offres-jouets-black-friday\/","title":{"rendered":"Les meilleures offres sur les jouets au Black Friday"},"content":{"rendered":"<p>[vc_row][vc_column]\n[vc_column_text]<\/p>\n<p style=\"text-align: center;\"><img decoding=\"async\" class=\"alignright size-medium wp-image-37350\" src=\"https:\/\/www.blackfridaydeals.ch\/wp-content\/uploads\/2021\/10\/building-gda8526af1_1920-300x190.jpg\" alt=\"\" width=\"300\" height=\"190\" srcset=\"https:\/\/www.blackfridaydeals.ch\/wp-content\/uploads\/2021\/10\/building-gda8526af1_1920-300x190.jpg 300w, https:\/\/www.blackfridaydeals.ch\/wp-content\/uploads\/2021\/10\/building-gda8526af1_1920-1024x647.jpg 1024w, https:\/\/www.blackfridaydeals.ch\/wp-content\/uploads\/2021\/10\/building-gda8526af1_1920-768x485.jpg 768w, https:\/\/www.blackfridaydeals.ch\/wp-content\/uploads\/2021\/10\/building-gda8526af1_1920-1536x970.jpg 1536w, https:\/\/www.blackfridaydeals.ch\/wp-content\/uploads\/2021\/10\/building-gda8526af1_1920-2048x1294.jpg 2048w, https:\/\/www.blackfridaydeals.ch\/wp-content\/uploads\/2021\/10\/building-gda8526af1_1920-788x497.jpg 788w, https:\/\/www.blackfridaydeals.ch\/wp-content\/uploads\/2021\/10\/building-gda8526af1_1920-150x95.jpg 150w, https:\/\/www.blackfridaydeals.ch\/wp-content\/uploads\/2021\/10\/building-gda8526af1_1920.jpg 1920w\" sizes=\"(max-width: 300px) 100vw, 300px\" \/><a href=\"https:\/\/www.blackfridaydeals.ch\/fr\/electronique-divertissement\/\" target=\"_blank\" style=\"border-radius:5px\" class=\"wpsm-button btncolor medium rehub_btn_color\"><i class=\"rhicon rhi-none\"><\/i>Afficher tous les deals de divertissement<\/a><\/p>\n<p>Les jouets figureront sans aucun doute en faut sur la liste de souhaits de presque tous les enfants cette ann\u00e9e. Bien que les jouets ne soient parfois utilis\u00e9s que pendant quelques semaines, puis abandonn\u00e9s, les gens d\u00e9pensent beaucoup d&#8217;argent pour les avoir. Mais ici ; dans ce domaine qui fait le bonheur des enfants, vous pourrez \u00e9galement profiter des meilleures affaires sur un des produits de pr\u00e9dilection des enfants. Nous vous r\u00e9v\u00e9lons o\u00f9 trouver les meilleures offres sur les jouets au <a href=\"https:\/\/www.blackfridaydeals.ch\/fr\/\">Black Friday<\/a>.<\/p>\n<h2>Magasins sp\u00e9cialis\u00e9s pour les enfants<\/h2>\n<p>Un magasin sp\u00e9cifiquement d\u00e9di\u00e9 aux besoins et aux d\u00e9sirs des enfants comprendra presque toujours un grand choix de jouets pour tous les \u00e2ges et tous les int\u00e9r\u00eats. Qu&#8217;un b\u00e9b\u00e9 ait besoin de ses premiers jouets pour accompagner sa motricit\u00e9, qu&#8217;un enfant plus \u00e2g\u00e9 ait besoin de ses premiers jeux d&#8217;apprentissage ou que vous souhaitiez un jeu amusant \u00e0 faire en famille, vous trouverez souvent un large \u00e9ventail de jouets ici. Youpikids, par exemple, propose une kyrielle de jeux pour tous les \u00e2ges. Toutefois, en fonction de la tendance du d\u00e9taillant, la gamme peut \u00e9galement se concentrer sur les besoins des b\u00e9b\u00e9s. C&#8217;est le cas de <a href=\"https:\/\/www.blackfridaydeals.ch\/fr\/shops\/4mybaby-fr\/\">4mybaby<\/a>, par exemple.<\/p>\n<p>Avec ces magasins, nous pouvons imaginer toute une s\u00e9rie de promotions pour le Black Friday. \u00c0 notre avis, cependant, la plus probable est un rabais g\u00e9n\u00e9ral sur tout. Vous pouvez ainsi esp\u00e9rer r\u00e9aliser des \u00e9conomies d&#8217;environ 20 %, qui all\u00e9geront quand m\u00eame votre facture. Toutefois, il est possible que les magasins excluent de la promotion des cat\u00e9gories d&#8217;articles individuels tels que les articles en solde.<\/p>\n<p>On peut aussi imaginer un rabais sur une ou diff\u00e9rentes cat\u00e9gories d\u2019articles. Cette pratique est particuli\u00e8rement populaire dans le secteur lors des \u00e9v\u00e8nements shopping qui sont moins populaires que le Black Friday \u00e0 l\u2019instar du <a href=\"https:\/\/www.blackfridaydeals.ch\/fr\/singles-day\/\">Singles Day<\/a> et du <a href=\"https:\/\/www.blackfridaydeals.ch\/fr\/cyber-monday\/\">Cyber Monday<\/a>. Mais ceux-ci gagnent en popularit\u00e9 et commencent \u00e0 s\u2019imposer de jour en jour, ce qui laisse pr\u00e9sager des offres plus g\u00e9n\u00e9reuses \u00e0 l&#8217;avenir. Ceci dit, il peut aussi y avoir une remise par cat\u00e9gorie au Black Friday, mais les magasins peuvent la combiner avec une remise g\u00e9n\u00e9rale sur tout. Cette promotion consisterait \u00e0 obtenir une r\u00e9duction de 35 % sur tous les jouets, par exemple. En combinaison avec une remise forfaitaire sur tout, cela signifierait que tout serait r\u00e9duit, mais que la cat\u00e9gorie s\u00e9lectionn\u00e9e serait l\u00e9g\u00e8rement plus r\u00e9duite que les autres parties de l&#8217;assortiment.<\/p>\n<h2>Recherche de jouets dans les grands magasins<\/h2>\n<p>Si vous aimez faire la plupart de vos achats dans un m\u00eame endroit, vous pouvez \u00e9galement chercher des jouets dans les grands magasins. Le choix est peut-\u00eatre un peu plus restreint que dans un magasin sp\u00e9cialis\u00e9, mais vous trouverez bien s\u00fbr de nombreux classiques et des jouets tr\u00e8s populaires actuellement. <a href=\"https:\/\/www.blackfridaydeals.ch\/fr\/shops\/galaxus-fr\/\">Galaxus<\/a>, par exemple, propose une large palette de jouets pour enfants et adultes.<\/p>\n<p>Ici aussi, nous pensons qu&#8217;une remise forfaitaire sur tout est la formule la plus probable. Avec un tel \u00e9ventail de produits, les grands magasins peuvent difficilement attirer tous les clients. Mais il est tout aussi possible d&#8217;organiser des soldes o\u00f9 il y aurait des r\u00e9ductions sur des articles individuels appartenant \u00e0 toutes les cat\u00e9gories. Concr\u00e8tement, cela signifie que les d\u00e9taillants pourront proposer des r\u00e9ductions assez cons\u00e9quentes sur une s\u00e9lection d\u2019articles particuli\u00e8rement populaires. Parfois, la s\u00e9lection comprendra \u00e9galement des articles que les magasins souhaitent promouvoir pour d&#8217;autres raisons, par exemple parce qu&#8217;ils sont nouveaux dans la gamme. Avec les soldes, vous pouvez facilement \u00e9conomiser jusqu&#8217;\u00e0 80 % au Black Friday.<\/p>\n<h2>Achetez des jouets directement aupr\u00e8s du fabricant<\/h2>\n<p>Si vous savez d\u00e9j\u00e0 exactement ce que vous recherchez, vous pouvez faire vos achats directement sur le site web du fabricant, comme <a href=\"https:\/\/www.blackfridaydeals.ch\/fr\/shops\/kapla-fr\/\">KAPLA<\/a>. Les options sont similaires \u00e0 celles d&#8217;un grand magasin, car le fabricant souhaite naturellement attirer diff\u00e9rents groupes d&#8217;\u00e2ge et d&#8217;int\u00e9r\u00eat avec toutes ses tendances. Vous avez donc de fortes chances de trouver des r\u00e9ductions allant jusqu&#8217;\u00e0 70 % ou une remise forfaitaire de 20 ou 30 % sur l&#8217;ensemble de la gamme.<\/p>\n<h3>Plus d&#8217;articles int\u00e9ressants:<\/h3>\n<ul>\n<li><a href=\"https:\/\/www.blackfridaydeals.ch\/fr\/photos-video-black-friday\/\">Les meilleures affaires en photos et vid\u00e9o au Black Friday<\/a><\/li>\n<li><a href=\"https:\/\/www.blackfridaydeals.ch\/fr\/meilleures-appareils-photos\/\">Les meilleures affaires sur les appareils photos au Black Friday<\/a><\/li>\n<li><a href=\"https:\/\/www.blackfridaydeals.ch\/fr\/fournitures-bureau-black-friday\/\">Les meilleures affaires pour les fournitures de bureau au Black Friday\u00a0<\/a><\/li>\n<li><a href=\"https:\/\/www.blackfridaydeals.ch\/fr\/montres-connectees-black-friday\/\">Les meilleures affaires sur les montres connect\u00e9es au Black Friday<\/a><\/li>\n<li><a href=\"https:\/\/www.blackfridaydeals.ch\/fr\/offres-montres-black-friday\/\">Les meilleures offres de montres pour le Black Friday<\/a><\/li>\n<li><a href=\"https:\/\/www.blackfridaydeals.ch\/fr\/beaute-au-black-friday\/\">Les meilleures offres dans le monde de beaut\u00e9 au Black Friday<\/a><\/li>\n<li><a href=\"https:\/\/www.blackfridaydeals.ch\/fr\/offres-de-son-black-friday\/\">Les meilleures offres de Son pendant le Black Friday<\/a><\/li>\n<li><a href=\"https:\/\/www.blackfridaydeals.ch\/fr\/ordinateurs-portables-black-friday\/\">Les meilleures offres sur les ordinateurs portables au Black Friday\u00a0<\/a><\/li>\n<li><a href=\"https:\/\/www.blackfridaydeals.ch\/fr\/offres-smartphones-black-friday\/\">Ces offres sur les smartphones seront disponibles au Black Friday\u00a0<\/a><\/li>\n<li><a href=\"https:\/\/www.blackfridaydeals.ch\/fr\/parfum-prix-reduit-black-friday\/\">Comment trouver ce parfum subtil \u00e0 prix r\u00e9duit au Black Friday\u00a0<\/a><\/li>\n<li><a href=\"https:\/\/www.blackfridaydeals.ch\/fr\/chaussures-au-black-friday\/\">Des chaussures de haute qualit\u00e9 \u00e0 des prix abordables au Black Friday<\/a><\/li>\n<li><a href=\"https:\/\/www.blackfridaydeals.ch\/fr\/black-friday-home-cinema\/\">Les meilleures affaires au Black Friday sur le Home Cin\u00e9ma<\/a><\/li>\n<li><a href=\"https:\/\/www.blackfridaydeals.ch\/fr\/black-friday-alimentaires\/\">Les meilleures affaires au Black Friday sur les produits alimentaires et les boissons<\/a><\/li>\n<li><a href=\"https:\/\/www.blackfridaydeals.ch\/fr\/meilleures-meubles-black-friday\/\">Les meilleures affaires sur les meubles au Black Friday\u00a0<\/a><\/li>\n<li><a href=\"https:\/\/www.blackfridaydeals.ch\/fr\/offres-fitness-black-friday-year\/\">Les meilleures offres de fitness au Black Friday<\/a><\/li>\n<li><a href=\"https:\/\/www.blackfridaydeals.ch\/fr\/pour-le-menage-black-friday\/\">Tout ce qu&#8217;il faut pour le m\u00e9nage au Black Friday\u00a0<\/a><\/li>\n<li><a href=\"https:\/\/www.blackfridaydeals.ch\/fr\/voyages-vols-hotels-black-friday\/\">Voyages, vols et h\u00f4tels \u00e0 bas prix Black Friday<\/a><\/li>\n<li><a href=\"https:\/\/www.blackfridaydeals.ch\/fr\/offres-de-jeux-video-black-friday\/\">Voici les offres de jeux vid\u00e9o que nous attendons avec impatience au Black Friday<\/a><\/li>\n<\/ul>\n<p>[\/vc_column_text][\/vc_column][\/vc_row]<\/p>\n","protected":false},"excerpt":{"rendered":"<p>[vc_row][vc_column][vc_column_text] Les jouets figureront sans aucun doute en faut sur la liste de souhaits de presque tous les enfants cette ann\u00e9e. Bien que les jouets ne soient parfois utilis\u00e9s que pendant quelques semaines, puis abandonn\u00e9s, les gens d\u00e9pensent beaucoup d&#8217;argent pour les avoir. Mais ici ; dans ce domaine qui fait le bonheur des enfants, [&hellip;]<\/p>\n","protected":false},"author":40,"featured_media":37350,"parent":0,"menu_order":0,"comment_status":"closed","ping_status":"closed","template":"","meta":[],"yoast_head":"<!-- This site is optimized with the Yoast SEO plugin v20.5 - https:\/\/yoast.com\/wordpress\/plugins\/seo\/ -->\n<title>Les meilleures offres sur les jouets au Black Friday 2026<\/title>\n<meta name=\"description\" content=\"Jouets : les offres du Black Friday 2026 Ici vous trouverez toutes les offres Black Friday dans l\u2019univers des jouets.\" \/>\n<meta name=\"robots\" content=\"noindex, follow\" \/>\n<meta property=\"og:locale\" content=\"fr_FR\" \/>\n<meta property=\"og:type\" content=\"article\" \/>\n<meta property=\"og:title\" content=\"Les meilleures offres sur les jouets au Black Friday 2026\" \/>\n<meta property=\"og:description\" content=\"Jouets : les offres du Black Friday 2026 Ici vous trouverez toutes les offres Black Friday dans l\u2019univers des jouets.\" \/>\n<meta property=\"og:url\" content=\"https:\/\/www.blackfridaydeals.ch\/fr\/offres-jouets-black-friday\/\" \/>\n<meta property=\"og:site_name\" content=\"blackfridaydeals.ch\" \/>\n<meta property=\"article:publisher\" content=\"https:\/\/www.facebook.com\/blackfridaydealsch\/\" \/>\n<meta property=\"article:modified_time\" content=\"2025-02-07T14:02:14+00:00\" \/>\n<meta property=\"og:image\" content=\"https:\/\/www.blackfridaydeals.ch\/wp-content\/uploads\/2021\/10\/building-gda8526af1_1920.jpg\" \/>\n\t<meta property=\"og:image:width\" content=\"1920\" \/>\n\t<meta property=\"og:image:height\" content=\"1213\" \/>\n\t<meta property=\"og:image:type\" content=\"image\/jpeg\" \/>\n<meta name=\"twitter:card\" content=\"summary_large_image\" \/>\n<meta name=\"twitter:site\" content=\"@blackfridaych\" \/>\n<meta name=\"twitter:label1\" content=\"Est. reading time\" \/>\n\t<meta name=\"twitter:data1\" content=\"5 minutes\" \/>\n<script type=\"application\/ld+json\" class=\"yoast-schema-graph\">{\"@context\":\"https:\/\/schema.org\",\"@graph\":[{\"@type\":\"WebPage\",\"@id\":\"https:\/\/www.blackfridaydeals.ch\/fr\/offres-jouets-black-friday\/\",\"url\":\"https:\/\/www.blackfridaydeals.ch\/fr\/offres-jouets-black-friday\/\",\"name\":\"Les meilleures offres sur les jouets au Black Friday 2026\",\"isPartOf\":{\"@id\":\"https:\/\/www.blackfridaydeals.ch\/fr\/#website\"},\"datePublished\":\"2021-10-27T07:58:15+00:00\",\"dateModified\":\"2025-02-07T14:02:14+00:00\",\"description\":\"Jouets : les offres du Black Friday 2026 Ici vous trouverez toutes les offres Black Friday dans l\u2019univers des jouets.\",\"breadcrumb\":{\"@id\":\"https:\/\/www.blackfridaydeals.ch\/fr\/offres-jouets-black-friday\/#breadcrumb\"},\"inLanguage\":\"fr-CH\",\"potentialAction\":[{\"@type\":\"ReadAction\",\"target\":[\"https:\/\/www.blackfridaydeals.ch\/fr\/offres-jouets-black-friday\/\"]}]},{\"@type\":\"BreadcrumbList\",\"@id\":\"https:\/\/www.blackfridaydeals.ch\/fr\/offres-jouets-black-friday\/#breadcrumb\",\"itemListElement\":[{\"@type\":\"ListItem\",\"position\":1,\"name\":\"Startseite\",\"item\":\"https:\/\/www.blackfridaydeals.ch\/fr\/\"},{\"@type\":\"ListItem\",\"position\":2,\"name\":\"Les meilleures offres sur les jouets au Black Friday\"}]},{\"@type\":\"WebSite\",\"@id\":\"https:\/\/www.blackfridaydeals.ch\/fr\/#website\",\"url\":\"https:\/\/www.blackfridaydeals.ch\/fr\/\",\"name\":\"blackfridaydeals.ch\",\"description\":\"Alle Angebote des Black Friday 2025 in der Schweiz\",\"publisher\":{\"@id\":\"https:\/\/www.blackfridaydeals.ch\/fr\/#organization\"},\"alternateName\":\"Black Friday Deals\",\"potentialAction\":[{\"@type\":\"SearchAction\",\"target\":{\"@type\":\"EntryPoint\",\"urlTemplate\":\"https:\/\/www.blackfridaydeals.ch\/fr\/?s={search_term_string}\"},\"query-input\":\"required name=search_term_string\"}],\"inLanguage\":\"fr-CH\"},{\"@type\":\"Organization\",\"@id\":\"https:\/\/www.blackfridaydeals.ch\/fr\/#organization\",\"name\":\"blackfridaydeals.ch\",\"alternateName\":\"Black Friday Deals\",\"url\":\"https:\/\/www.blackfridaydeals.ch\/fr\/\",\"logo\":{\"@type\":\"ImageObject\",\"inLanguage\":\"fr-CH\",\"@id\":\"https:\/\/www.blackfridaydeals.ch\/fr\/#\/schema\/logo\/image\/\",\"url\":\"https:\/\/www.blackfridaydeals.ch\/wp-content\/uploads\/2023\/03\/app-icon-white-bg-jpg.jpg\",\"contentUrl\":\"https:\/\/www.blackfridaydeals.ch\/wp-content\/uploads\/2023\/03\/app-icon-white-bg-jpg.jpg\",\"width\":512,\"height\":512,\"caption\":\"blackfridaydeals.ch\"},\"image\":{\"@id\":\"https:\/\/www.blackfridaydeals.ch\/fr\/#\/schema\/logo\/image\/\"},\"sameAs\":[\"https:\/\/www.facebook.com\/blackfridaydealsch\/\",\"https:\/\/twitter.com\/blackfridaych\",\"https:\/\/www.youtube.com\/channel\/UCNKXHacMw8AS34mBgzVx3FQ\",\"https:\/\/www.instagram.com\/blackfridaydeals.ch\/\"]}]}<\/script>\n<!-- \/ Yoast SEO plugin. -->","yoast_head_json":{"title":"Les meilleures offres sur les jouets au Black Friday 2026","description":"Jouets : les offres du Black Friday 2026 Ici vous trouverez toutes les offres Black Friday dans l\u2019univers des jouets.","robots":{"index":"noindex","follow":"follow"},"og_locale":"fr_FR","og_type":"article","og_title":"Les meilleures offres sur les jouets au Black Friday 2026","og_description":"Jouets : les offres du Black Friday 2026 Ici vous trouverez toutes les offres Black Friday dans l\u2019univers des jouets.","og_url":"https:\/\/www.blackfridaydeals.ch\/fr\/offres-jouets-black-friday\/","og_site_name":"blackfridaydeals.ch","article_publisher":"https:\/\/www.facebook.com\/blackfridaydealsch\/","article_modified_time":"2025-02-07T14:02:14+00:00","og_image":[{"width":1920,"height":1213,"url":"https:\/\/www.blackfridaydeals.ch\/wp-content\/uploads\/2021\/10\/building-gda8526af1_1920.jpg","type":"image\/jpeg"}],"twitter_card":"summary_large_image","twitter_site":"@blackfridaych","twitter_misc":{"Est. reading time":"5 minutes"},"schema":{"@context":"https:\/\/schema.org","@graph":[{"@type":"WebPage","@id":"https:\/\/www.blackfridaydeals.ch\/fr\/offres-jouets-black-friday\/","url":"https:\/\/www.blackfridaydeals.ch\/fr\/offres-jouets-black-friday\/","name":"Les meilleures offres sur les jouets au Black Friday 2026","isPartOf":{"@id":"https:\/\/www.blackfridaydeals.ch\/fr\/#website"},"datePublished":"2021-10-27T07:58:15+00:00","dateModified":"2025-02-07T14:02:14+00:00","description":"Jouets : les offres du Black Friday 2026 Ici vous trouverez toutes les offres Black Friday dans l\u2019univers des jouets.","breadcrumb":{"@id":"https:\/\/www.blackfridaydeals.ch\/fr\/offres-jouets-black-friday\/#breadcrumb"},"inLanguage":"fr-CH","potentialAction":[{"@type":"ReadAction","target":["https:\/\/www.blackfridaydeals.ch\/fr\/offres-jouets-black-friday\/"]}]},{"@type":"BreadcrumbList","@id":"https:\/\/www.blackfridaydeals.ch\/fr\/offres-jouets-black-friday\/#breadcrumb","itemListElement":[{"@type":"ListItem","position":1,"name":"Startseite","item":"https:\/\/www.blackfridaydeals.ch\/fr\/"},{"@type":"ListItem","position":2,"name":"Les meilleures offres sur les jouets au Black Friday"}]},{"@type":"WebSite","@id":"https:\/\/www.blackfridaydeals.ch\/fr\/#website","url":"https:\/\/www.blackfridaydeals.ch\/fr\/","name":"blackfridaydeals.ch","description":"Alle Angebote des Black Friday 2025 in der Schweiz","publisher":{"@id":"https:\/\/www.blackfridaydeals.ch\/fr\/#organization"},"alternateName":"Black Friday Deals","potentialAction":[{"@type":"SearchAction","target":{"@type":"EntryPoint","urlTemplate":"https:\/\/www.blackfridaydeals.ch\/fr\/?s={search_term_string}"},"query-input":"required name=search_term_string"}],"inLanguage":"fr-CH"},{"@type":"Organization","@id":"https:\/\/www.blackfridaydeals.ch\/fr\/#organization","name":"blackfridaydeals.ch","alternateName":"Black Friday Deals","url":"https:\/\/www.blackfridaydeals.ch\/fr\/","logo":{"@type":"ImageObject","inLanguage":"fr-CH","@id":"https:\/\/www.blackfridaydeals.ch\/fr\/#\/schema\/logo\/image\/","url":"https:\/\/www.blackfridaydeals.ch\/wp-content\/uploads\/2023\/03\/app-icon-white-bg-jpg.jpg","contentUrl":"https:\/\/www.blackfridaydeals.ch\/wp-content\/uploads\/2023\/03\/app-icon-white-bg-jpg.jpg","width":512,"height":512,"caption":"blackfridaydeals.ch"},"image":{"@id":"https:\/\/www.blackfridaydeals.ch\/fr\/#\/schema\/logo\/image\/"},"sameAs":["https:\/\/www.facebook.com\/blackfridaydealsch\/","https:\/\/twitter.com\/blackfridaych","https:\/\/www.youtube.com\/channel\/UCNKXHacMw8AS34mBgzVx3FQ","https:\/\/www.instagram.com\/blackfridaydeals.ch\/"]}]}},"_links":{"self":[{"href":"https:\/\/www.blackfridaydeals.ch\/fr\/wp-json\/wp\/v2\/pages\/38203"}],"collection":[{"href":"https:\/\/www.blackfridaydeals.ch\/fr\/wp-json\/wp\/v2\/pages"}],"about":[{"href":"https:\/\/www.blackfridaydeals.ch\/fr\/wp-json\/wp\/v2\/types\/page"}],"author":[{"embeddable":true,"href":"https:\/\/www.blackfridaydeals.ch\/fr\/wp-json\/wp\/v2\/users\/40"}],"replies":[{"embeddable":true,"href":"https:\/\/www.blackfridaydeals.ch\/fr\/wp-json\/wp\/v2\/comments?post=38203"}],"version-history":[{"count":14,"href":"https:\/\/www.blackfridaydeals.ch\/fr\/wp-json\/wp\/v2\/pages\/38203\/revisions"}],"predecessor-version":[{"id":74475,"href":"https:\/\/www.blackfridaydeals.ch\/fr\/wp-json\/wp\/v2\/pages\/38203\/revisions\/74475"}],"wp:featuredmedia":[{"embeddable":true,"href":"https:\/\/www.blackfridaydeals.ch\/fr\/wp-json\/wp\/v2\/media\/37350"}],"wp:attachment":[{"href":"https:\/\/www.blackfridaydeals.ch\/fr\/wp-json\/wp\/v2\/media?parent=38203"}],"curies":[{"name":"wp","href":"https:\/\/api.w.org\/{rel}","templated":true}]}}