{"id":38199,"date":"2021-10-27T09:44:53","date_gmt":"2021-10-27T07:44:53","guid":{"rendered":"https:\/\/www.blackfridaydeals.ch\/?page_id=38199"},"modified":"2025-02-07T14:46:02","modified_gmt":"2025-02-07T13:46:02","slug":"fournitures-bureau-black-friday","status":"publish","type":"page","link":"https:\/\/www.blackfridaydeals.ch\/fr\/fournitures-bureau-black-friday\/","title":{"rendered":"Les meilleures affaires pour les fournitures de bureau au Black Friday"},"content":{"rendered":"<p>[vc_row][vc_column]\n[vc_column_text]<\/p>\n<p style=\"text-align: center;\"><img decoding=\"async\" class=\"alignright size-medium wp-image-37339\" src=\"https:\/\/www.blackfridaydeals.ch\/wp-content\/uploads\/2021\/10\/workplace-g6415412f0_1920-300x200.jpg\" alt=\"\" width=\"300\" height=\"200\" srcset=\"https:\/\/www.blackfridaydeals.ch\/wp-content\/uploads\/2021\/10\/workplace-g6415412f0_1920-300x200.jpg 300w, https:\/\/www.blackfridaydeals.ch\/wp-content\/uploads\/2021\/10\/workplace-g6415412f0_1920-1024x683.jpg 1024w, https:\/\/www.blackfridaydeals.ch\/wp-content\/uploads\/2021\/10\/workplace-g6415412f0_1920-768x512.jpg 768w, https:\/\/www.blackfridaydeals.ch\/wp-content\/uploads\/2021\/10\/workplace-g6415412f0_1920-1536x1024.jpg 1536w, https:\/\/www.blackfridaydeals.ch\/wp-content\/uploads\/2021\/10\/workplace-g6415412f0_1920-2048x1365.jpg 2048w, https:\/\/www.blackfridaydeals.ch\/wp-content\/uploads\/2021\/10\/workplace-g6415412f0_1920-788x525.jpg 788w, https:\/\/www.blackfridaydeals.ch\/wp-content\/uploads\/2021\/10\/workplace-g6415412f0_1920-150x100.jpg 150w, https:\/\/www.blackfridaydeals.ch\/wp-content\/uploads\/2021\/10\/workplace-g6415412f0_1920.jpg 1920w\" sizes=\"(max-width: 300px) 100vw, 300px\" \/><a href=\"https:\/\/www.blackfridaydeals.ch\/fr\/home-living\/\" target=\"_blank\" style=\"border-radius:5px\" class=\"wpsm-button btncolor medium rehub_btn_color\"><i class=\"rhicon rhi-none\"><\/i>Afficher tous les deals de meubles<\/a><\/p>\n<p>On a tous besoin un jour ou l\u2019autre d&#8217;am\u00e9nager un nouveau bureau, ou d&#8217;apporter quelques modifications \u00e0 un bureau existant ou simplement de faire le plein de fournitures. Pour ce faire, il est tout \u00e0 fait normal d\u2019aller dans un magasin sp\u00e9cialis\u00e9 dans les fournitures de bureau, o\u00f9 vous trouverez tout ce dont vous aurez besoin dans sa gamme, des bureaux aux meubles de rangement. Mais vous pouvez \u00e9galement trouver de nombreuses choses pour le bureau chez un marchand de meubles, un magasin d\u2019informatique, une grande surface ou un libraire. Tous ces commerces sont en mesure de participer au<a href=\"https:\/\/www.blackfridaydeals.ch\/fr\/\"> Black Friday<\/a> 2026, vous pouvez donc vous attendre \u00e0 un v\u00e9ritable festival de bonnes affaires.<\/p>\n<h2>Faire les bons choix<\/h2>\n<p>Si vous achetez dans un magasin comme <a href=\"https:\/\/www.blackfridaydeals.ch\/fr\/shops\/office-world-fr\/\">Office World<\/a>, vous \u00eates s\u00fbr de trouver tout ce qui pourrait s\u2019adapter parfaitement au bureau. Qu&#8217;il s&#8217;agisse de mobilier, de technologie, de logiciels de comptabilit\u00e9 ou d&#8217;autres accessoires, vous ne manquerez de rien ici.<\/p>\n<p>Aucune de ces cat\u00e9gories n&#8217;est pas n\u00e9cessairement plus sollicit\u00e9e qu&#8217;une autre au Black Friday 2026. Or pour int\u00e9resser et s\u00e9duire leurs clients, plusieurs magasins sp\u00e9cialis\u00e9s dans les fournitures de bureau choisissent d\u2019offrir une remise forfaitaire sur tout. Le montant de la r\u00e9duction ne sera probablement pas assez \u00e9lev\u00e9, de l\u2019ordre de 20\u00a0% environ. N\u00e9anmoins, cette \u00e9conomie pourrait bien all\u00e9ger votre facture. Plus important encore, tout le monde est concern\u00e9 car chacun peut b\u00e9n\u00e9ficier des r\u00e9ductions, quelle que soit sa liste de souhaits personnels.<\/p>\n<h2>Black Friday 2026 dans l&#8217;industrie du meuble\u00a0: voici les offres que vous pouvez vous attendre \u00e0 trouver<\/h2>\n<p>De nombreux d\u00e9taillants de meubles, comme Schubiger M\u00f6bel, ont d\u00e9couvert le Black Friday il y a quelques ann\u00e9es. Ils sont d\u00e9j\u00e0 des habitu\u00e9s des rabais, et de nombreux clients attendent d\u00e9sormais le mois de novembre pour faire leurs achats de meubles. Vous pouvez \u00e9galement profiter de bonnes affaires sur les meubles lors du <a href=\"https:\/\/www.blackfridaydeals.ch\/fr\/singles-day\/\">Singles Day<\/a> et du <a href=\"https:\/\/www.blackfridaydeals.ch\/fr\/cyber-monday\/\">Cyber Monday<\/a>. Patienter, attendre la fin du mois de novembre est la solution la plus sage pour faire de bons plans.<\/p>\n<p>De nombreux d\u00e9taillants de meubles c\u00e9l\u00e9breront le Black Friday 2026 en accordant une remise forfaitaire de 20 ou 30\u00a0% sur tout. Cependant, une remise par cat\u00e9gorie est presque aussi populaire. Cette formule vous permettra de r\u00e9aliser une \u00e9conomie plus importante, mais seule une partie de la gamme est r\u00e9duite. Par exemple, vous pourrez faire de bonnes affaires sur le mobilier de bureau. Nous pouvons imaginer dans ce cas des r\u00e9ductions allant jusqu&#8217;\u00e0 40\u00a0%. Donc, si vous tombez sur cette offre et que vous soyez \u00e0 la recherche de mobilier de bureau, vous pourrez esp\u00e9rer faire des affaires sensationnelles.<\/p>\n<h2>D\u00e9taillants en produits \u00e9lectroniques\u00a0: pour la num\u00e9risation du bureau<\/h2>\n<p>Ceux qui ont besoin de nouvelles technologies pour le bureau peuvent se rendre chez un d\u00e9taillant de mat\u00e9riel \u00e9lectronique au Black Friday 2026. Beaucoup d&#8217;entre eux publient des offres similaires, si bien qu&#8217;une tendance s&#8217;est \u00e9tablie de microspot.ch \u00e0 Alternate.<\/p>\n<p>La plupart des d\u00e9taillants en produits \u00e9lectroniques proposent des soldes, de sorte que de nombreux articles seront disponibles au prix le plus bas jamais vu. Vous pouvez y b\u00e9n\u00e9ficier de remises allant jusqu&#8217;\u00e0 80\u00a0% sur les articles \u00e9lectroniques qui tiennent la vedette. Ils proviennent g\u00e9n\u00e9ralement de toutes les parties de la gamme, mais tous les mod\u00e8les ne font pas l&#8217;objet d&#8217;une remise.<\/p>\n<p>La plupart des magasins s\u00e9lectionnent les meilleures soldes ainsi que les articles qui doivent faire l&#8217;objet d&#8217;une promotion particuli\u00e8re. Que vous souhaitiez des \u00e9couteurs \u00e0 r\u00e9duction de bruit et un bon microphone, que vous cherchiez un nouvel ordinateur portable ou un nouvel ordinateur de bureau, que vous souhaitiez une lampe ou que vous ayez simplement besoin d&#8217;une nouvelle imprimante, vous pouvez trouver toute la technologie pour le bureau lors du Black Friday 2026. Si vous n&#8217;avez pas encore choisi de mod\u00e8le, ou si vous avez de la chance, vous pouvez profiter d&#8217;une bonne affaire sur un appareil de haute qualit\u00e9.<\/p>\n<h3>Plus d&#8217;articles int\u00e9ressants:<\/h3>\n<ul>\n<li><a href=\"https:\/\/www.blackfridaydeals.ch\/fr\/photos-video-black-friday\/\">Les meilleures affaires en photos et vid\u00e9o au Black Friday 2026<\/a><\/li>\n<li><a href=\"https:\/\/www.blackfridaydeals.ch\/fr\/meilleures-appareils-photos\/\">Les meilleures affaires sur les appareils photos au Black Friday 2026<\/a><\/li>\n<li><a href=\"https:\/\/www.blackfridaydeals.ch\/fr\/montres-connectees-black-friday\/\">Les meilleures affaires sur les montres connect\u00e9es au Black Friday 2026<\/a><\/li>\n<li><a href=\"https:\/\/www.blackfridaydeals.ch\/fr\/offres-jouets-black-friday\/\">Les meilleures offres sur les jouets au Black Friday 2026<\/a><\/li>\n<li><a href=\"https:\/\/www.blackfridaydeals.ch\/fr\/offres-montres-black-friday\/\">Les meilleures offres de montres pour le Black Friday 2026<\/a><\/li>\n<li><a href=\"https:\/\/www.blackfridaydeals.ch\/fr\/beaute-au-black-friday\/\">Les meilleures offres dans le monde de beaut\u00e9 au Black Friday 2026<\/a><\/li>\n<li><a href=\"https:\/\/www.blackfridaydeals.ch\/fr\/offres-de-son-black-friday\/\">Les meilleures offres de Son pendant le Black Friday 2026<\/a><\/li>\n<li><a href=\"https:\/\/www.blackfridaydeals.ch\/fr\/ordinateurs-portables-black-friday\/\">Les meilleures offres sur les ordinateurs portables au Black Friday 2026<\/a><\/li>\n<li><a href=\"https:\/\/www.blackfridaydeals.ch\/fr\/offres-smartphones-black-friday\/\">Ces offres sur les smartphones seront disponibles au Black Friday 2026<\/a><\/li>\n<li><a href=\"https:\/\/www.blackfridaydeals.ch\/fr\/parfum-prix-reduit-black-friday\/\">Comment trouver ce parfum subtil \u00e0 prix r\u00e9duit au Black Friday 2026<\/a><\/li>\n<li><a href=\"https:\/\/www.blackfridaydeals.ch\/fr\/chaussures-au-black-friday\/\">Des chaussures de haute qualit\u00e9 \u00e0 des prix abordables au Black Friday 2026<\/a><\/li>\n<li><a href=\"https:\/\/www.blackfridaydeals.ch\/fr\/black-friday-home-cinema\/\">Les meilleures affaires au Black Friday 2026 sur le Home Cin\u00e9ma<\/a><\/li>\n<li><a href=\"https:\/\/www.blackfridaydeals.ch\/fr\/black-friday-alimentaires\/\">Les meilleures affaires au Black Friday 2026 sur les produits alimentaires et les boissons<\/a><\/li>\n<li><a href=\"https:\/\/www.blackfridaydeals.ch\/fr\/meilleures-meubles-black-friday\/\">Les meilleures affaires sur les meubles au Black Friday 2026<\/a><\/li>\n<li><a href=\"https:\/\/www.blackfridaydeals.ch\/fr\/nouvelle-cuisine-black-friday\/\">Les meilleures offres de cuisine au Black Friday 2026<\/a><\/li>\n<li><a href=\"https:\/\/www.blackfridaydeals.ch\/fr\/offres-fitness-black-friday-year\/\">Les meilleures offres de fitness au Black Friday 2026<\/a><\/li>\n<li><a href=\"https:\/\/www.blackfridaydeals.ch\/fr\/pour-le-menage-black-friday\/\">Tout ce qu&#8217;il faut pour le m\u00e9nage au Black Friday 2026<\/a><\/li>\n<li><a href=\"https:\/\/www.blackfridaydeals.ch\/fr\/voyages-vols-hotels-black-friday\/\">Voyages, vols et h\u00f4tels \u00e0 bas prix Black Friday 2026<\/a><\/li>\n<li><a href=\"https:\/\/www.blackfridaydeals.ch\/fr\/offres-de-jeux-video-black-friday\/\">Voici les offres de jeux vid\u00e9o que nous attendons avec impatience au Black Friday 2026<\/a><\/li>\n<\/ul>\n<p>[\/vc_column_text][\/vc_column][\/vc_row]<\/p>\n","protected":false},"excerpt":{"rendered":"<p>[vc_row][vc_column][vc_column_text] On a tous besoin un jour ou l\u2019autre d&#8217;am\u00e9nager un nouveau bureau, ou d&#8217;apporter quelques modifications \u00e0 un bureau existant ou simplement de faire le plein de fournitures. Pour ce faire, il est tout \u00e0 fait normal d\u2019aller dans un magasin sp\u00e9cialis\u00e9 dans les fournitures de bureau, o\u00f9 vous trouverez tout ce dont vous [&hellip;]<\/p>\n","protected":false},"author":40,"featured_media":37339,"parent":0,"menu_order":0,"comment_status":"closed","ping_status":"closed","template":"","meta":[],"yoast_head":"<!-- This site is optimized with the Yoast SEO plugin v20.5 - https:\/\/yoast.com\/wordpress\/plugins\/seo\/ -->\n<title>Les offres pour les fournitures de bureau au Black Friday<\/title>\n<meta name=\"description\" content=\"Fournitures de bureau : les offres du Black Friday 2026. Ici toutes les offres Black Friday dans l\u2019univers des fournitures de bureau.\" \/>\n<meta name=\"robots\" content=\"index, follow, max-snippet:-1, max-image-preview:large, max-video-preview:-1\" \/>\n<link rel=\"canonical\" href=\"https:\/\/www.blackfridaydeals.ch\/fr\/fournitures-bureau-black-friday\/\" \/>\n<meta property=\"og:locale\" content=\"fr_FR\" \/>\n<meta property=\"og:type\" content=\"article\" \/>\n<meta property=\"og:title\" content=\"Les offres pour les fournitures de bureau au Black Friday\" \/>\n<meta property=\"og:description\" content=\"Fournitures de bureau : les offres du Black Friday 2026. Ici toutes les offres Black Friday dans l\u2019univers des fournitures de bureau.\" \/>\n<meta property=\"og:url\" content=\"https:\/\/www.blackfridaydeals.ch\/fr\/fournitures-bureau-black-friday\/\" \/>\n<meta property=\"og:site_name\" content=\"blackfridaydeals.ch\" \/>\n<meta property=\"article:publisher\" content=\"https:\/\/www.facebook.com\/blackfridaydealsch\/\" \/>\n<meta property=\"article:modified_time\" content=\"2025-02-07T13:46:02+00:00\" \/>\n<meta property=\"og:image\" content=\"https:\/\/www.blackfridaydeals.ch\/wp-content\/uploads\/2021\/10\/workplace-g6415412f0_1920.jpg\" \/>\n\t<meta property=\"og:image:width\" content=\"1920\" \/>\n\t<meta property=\"og:image:height\" content=\"1280\" \/>\n\t<meta property=\"og:image:type\" content=\"image\/jpeg\" \/>\n<meta name=\"twitter:card\" content=\"summary_large_image\" \/>\n<meta name=\"twitter:site\" content=\"@blackfridaych\" \/>\n<meta name=\"twitter:label1\" content=\"Est. reading time\" \/>\n\t<meta name=\"twitter:data1\" content=\"5 minutes\" \/>\n<script type=\"application\/ld+json\" class=\"yoast-schema-graph\">{\"@context\":\"https:\/\/schema.org\",\"@graph\":[{\"@type\":\"WebPage\",\"@id\":\"https:\/\/www.blackfridaydeals.ch\/fr\/fournitures-bureau-black-friday\/\",\"url\":\"https:\/\/www.blackfridaydeals.ch\/fr\/fournitures-bureau-black-friday\/\",\"name\":\"Les offres pour les fournitures de bureau au Black Friday\",\"isPartOf\":{\"@id\":\"https:\/\/www.blackfridaydeals.ch\/fr\/#website\"},\"datePublished\":\"2021-10-27T07:44:53+00:00\",\"dateModified\":\"2025-02-07T13:46:02+00:00\",\"description\":\"Fournitures de bureau : les offres du Black Friday 2026. Ici toutes les offres Black Friday dans l\u2019univers des fournitures de bureau.\",\"breadcrumb\":{\"@id\":\"https:\/\/www.blackfridaydeals.ch\/fr\/fournitures-bureau-black-friday\/#breadcrumb\"},\"inLanguage\":\"fr-CH\",\"potentialAction\":[{\"@type\":\"ReadAction\",\"target\":[\"https:\/\/www.blackfridaydeals.ch\/fr\/fournitures-bureau-black-friday\/\"]}]},{\"@type\":\"BreadcrumbList\",\"@id\":\"https:\/\/www.blackfridaydeals.ch\/fr\/fournitures-bureau-black-friday\/#breadcrumb\",\"itemListElement\":[{\"@type\":\"ListItem\",\"position\":1,\"name\":\"Startseite\",\"item\":\"https:\/\/www.blackfridaydeals.ch\/fr\/\"},{\"@type\":\"ListItem\",\"position\":2,\"name\":\"Les meilleures affaires pour les fournitures de bureau au Black Friday\"}]},{\"@type\":\"WebSite\",\"@id\":\"https:\/\/www.blackfridaydeals.ch\/fr\/#website\",\"url\":\"https:\/\/www.blackfridaydeals.ch\/fr\/\",\"name\":\"blackfridaydeals.ch\",\"description\":\"Toutes les offres du Black Friday 2025 en Suisse\",\"publisher\":{\"@id\":\"https:\/\/www.blackfridaydeals.ch\/fr\/#organization\"},\"alternateName\":\"Black Friday Deals\",\"potentialAction\":[{\"@type\":\"SearchAction\",\"target\":{\"@type\":\"EntryPoint\",\"urlTemplate\":\"https:\/\/www.blackfridaydeals.ch\/fr\/?s={search_term_string}\"},\"query-input\":\"required name=search_term_string\"}],\"inLanguage\":\"fr-CH\"},{\"@type\":\"Organization\",\"@id\":\"https:\/\/www.blackfridaydeals.ch\/fr\/#organization\",\"name\":\"blackfridaydeals.ch\",\"alternateName\":\"Black Friday Deals\",\"url\":\"https:\/\/www.blackfridaydeals.ch\/fr\/\",\"logo\":{\"@type\":\"ImageObject\",\"inLanguage\":\"fr-CH\",\"@id\":\"https:\/\/www.blackfridaydeals.ch\/fr\/#\/schema\/logo\/image\/\",\"url\":\"https:\/\/www.blackfridaydeals.ch\/wp-content\/uploads\/2023\/03\/app-icon-white-bg-jpg.jpg\",\"contentUrl\":\"https:\/\/www.blackfridaydeals.ch\/wp-content\/uploads\/2023\/03\/app-icon-white-bg-jpg.jpg\",\"width\":512,\"height\":512,\"caption\":\"blackfridaydeals.ch\"},\"image\":{\"@id\":\"https:\/\/www.blackfridaydeals.ch\/fr\/#\/schema\/logo\/image\/\"},\"sameAs\":[\"https:\/\/www.facebook.com\/blackfridaydealsch\/\",\"https:\/\/twitter.com\/blackfridaych\",\"https:\/\/www.youtube.com\/channel\/UCNKXHacMw8AS34mBgzVx3FQ\",\"https:\/\/www.instagram.com\/blackfridaydeals.ch\/\"]}]}<\/script>\n<!-- \/ Yoast SEO plugin. -->","yoast_head_json":{"title":"Les offres pour les fournitures de bureau au Black Friday","description":"Fournitures de bureau : les offres du Black Friday 2026. Ici toutes les offres Black Friday dans l\u2019univers des fournitures de bureau.","robots":{"index":"index","follow":"follow","max-snippet":"max-snippet:-1","max-image-preview":"max-image-preview:large","max-video-preview":"max-video-preview:-1"},"canonical":"https:\/\/www.blackfridaydeals.ch\/fr\/fournitures-bureau-black-friday\/","og_locale":"fr_FR","og_type":"article","og_title":"Les offres pour les fournitures de bureau au Black Friday","og_description":"Fournitures de bureau : les offres du Black Friday 2026. Ici toutes les offres Black Friday dans l\u2019univers des fournitures de bureau.","og_url":"https:\/\/www.blackfridaydeals.ch\/fr\/fournitures-bureau-black-friday\/","og_site_name":"blackfridaydeals.ch","article_publisher":"https:\/\/www.facebook.com\/blackfridaydealsch\/","article_modified_time":"2025-02-07T13:46:02+00:00","og_image":[{"width":1920,"height":1280,"url":"https:\/\/www.blackfridaydeals.ch\/wp-content\/uploads\/2021\/10\/workplace-g6415412f0_1920.jpg","type":"image\/jpeg"}],"twitter_card":"summary_large_image","twitter_site":"@blackfridaych","twitter_misc":{"Est. reading time":"5 minutes"},"schema":{"@context":"https:\/\/schema.org","@graph":[{"@type":"WebPage","@id":"https:\/\/www.blackfridaydeals.ch\/fr\/fournitures-bureau-black-friday\/","url":"https:\/\/www.blackfridaydeals.ch\/fr\/fournitures-bureau-black-friday\/","name":"Les offres pour les fournitures de bureau au Black Friday","isPartOf":{"@id":"https:\/\/www.blackfridaydeals.ch\/fr\/#website"},"datePublished":"2021-10-27T07:44:53+00:00","dateModified":"2025-02-07T13:46:02+00:00","description":"Fournitures de bureau : les offres du Black Friday 2026. Ici toutes les offres Black Friday dans l\u2019univers des fournitures de bureau.","breadcrumb":{"@id":"https:\/\/www.blackfridaydeals.ch\/fr\/fournitures-bureau-black-friday\/#breadcrumb"},"inLanguage":"fr-CH","potentialAction":[{"@type":"ReadAction","target":["https:\/\/www.blackfridaydeals.ch\/fr\/fournitures-bureau-black-friday\/"]}]},{"@type":"BreadcrumbList","@id":"https:\/\/www.blackfridaydeals.ch\/fr\/fournitures-bureau-black-friday\/#breadcrumb","itemListElement":[{"@type":"ListItem","position":1,"name":"Startseite","item":"https:\/\/www.blackfridaydeals.ch\/fr\/"},{"@type":"ListItem","position":2,"name":"Les meilleures affaires pour les fournitures de bureau au Black Friday"}]},{"@type":"WebSite","@id":"https:\/\/www.blackfridaydeals.ch\/fr\/#website","url":"https:\/\/www.blackfridaydeals.ch\/fr\/","name":"blackfridaydeals.ch","description":"Toutes les offres du Black Friday 2025 en Suisse","publisher":{"@id":"https:\/\/www.blackfridaydeals.ch\/fr\/#organization"},"alternateName":"Black Friday Deals","potentialAction":[{"@type":"SearchAction","target":{"@type":"EntryPoint","urlTemplate":"https:\/\/www.blackfridaydeals.ch\/fr\/?s={search_term_string}"},"query-input":"required name=search_term_string"}],"inLanguage":"fr-CH"},{"@type":"Organization","@id":"https:\/\/www.blackfridaydeals.ch\/fr\/#organization","name":"blackfridaydeals.ch","alternateName":"Black Friday Deals","url":"https:\/\/www.blackfridaydeals.ch\/fr\/","logo":{"@type":"ImageObject","inLanguage":"fr-CH","@id":"https:\/\/www.blackfridaydeals.ch\/fr\/#\/schema\/logo\/image\/","url":"https:\/\/www.blackfridaydeals.ch\/wp-content\/uploads\/2023\/03\/app-icon-white-bg-jpg.jpg","contentUrl":"https:\/\/www.blackfridaydeals.ch\/wp-content\/uploads\/2023\/03\/app-icon-white-bg-jpg.jpg","width":512,"height":512,"caption":"blackfridaydeals.ch"},"image":{"@id":"https:\/\/www.blackfridaydeals.ch\/fr\/#\/schema\/logo\/image\/"},"sameAs":["https:\/\/www.facebook.com\/blackfridaydealsch\/","https:\/\/twitter.com\/blackfridaych","https:\/\/www.youtube.com\/channel\/UCNKXHacMw8AS34mBgzVx3FQ","https:\/\/www.instagram.com\/blackfridaydeals.ch\/"]}]}},"_links":{"self":[{"href":"https:\/\/www.blackfridaydeals.ch\/fr\/wp-json\/wp\/v2\/pages\/38199"}],"collection":[{"href":"https:\/\/www.blackfridaydeals.ch\/fr\/wp-json\/wp\/v2\/pages"}],"about":[{"href":"https:\/\/www.blackfridaydeals.ch\/fr\/wp-json\/wp\/v2\/types\/page"}],"author":[{"embeddable":true,"href":"https:\/\/www.blackfridaydeals.ch\/fr\/wp-json\/wp\/v2\/users\/40"}],"replies":[{"embeddable":true,"href":"https:\/\/www.blackfridaydeals.ch\/fr\/wp-json\/wp\/v2\/comments?post=38199"}],"version-history":[{"count":14,"href":"https:\/\/www.blackfridaydeals.ch\/fr\/wp-json\/wp\/v2\/pages\/38199\/revisions"}],"predecessor-version":[{"id":64126,"href":"https:\/\/www.blackfridaydeals.ch\/fr\/wp-json\/wp\/v2\/pages\/38199\/revisions\/64126"}],"wp:featuredmedia":[{"embeddable":true,"href":"https:\/\/www.blackfridaydeals.ch\/fr\/wp-json\/wp\/v2\/media\/37339"}],"wp:attachment":[{"href":"https:\/\/www.blackfridaydeals.ch\/fr\/wp-json\/wp\/v2\/media?parent=38199"}],"curies":[{"name":"wp","href":"https:\/\/api.w.org\/{rel}","templated":true}]}}