{"id":38194,"date":"2021-10-27T09:39:46","date_gmt":"2021-10-27T07:39:46","guid":{"rendered":"https:\/\/www.blackfridaydeals.ch\/?page_id=38194"},"modified":"2025-02-07T14:50:50","modified_gmt":"2025-02-07T13:50:50","slug":"meilleures-appareils-photos","status":"publish","type":"page","link":"https:\/\/www.blackfridaydeals.ch\/fr\/meilleures-appareils-photos\/","title":{"rendered":"Les meilleures affaires sur les appareils photos au Black Friday"},"content":{"rendered":"<p>[vc_row][vc_column]\n[vc_column_text]<\/p>\n<p style=\"text-align: center;\"><a href=\"https:\/\/www.blackfridaydeals.ch\/fr\/electronique-divertissement\/\" target=\"_blank\" style=\"border-radius:5px\" class=\"wpsm-button btncolor medium rehub_btn_color\"><i class=\"rhicon rhi-none\"><\/i>Afficher tous les deals \u00e9lectroniques<\/a><\/p>\n<p>Si vous \u00eates \u00e0 la recherche d\u2019un nouvel appareil photo, vous pourrez b\u00e9n\u00e9ficier de nombreuses bonnes affaires dans divers magasins \u00e0 la fin du mois de novembre. On s\u2019attend en effet \u00e0 ce que des appareils photo de toutes sortes, pour tous les usages, subissent des baisses de prix significatives au <a href=\"https:\/\/www.blackfridaydeals.ch\/fr\/\">Black Friday<\/a> 2026. Qu\u2019il s\u2019agisse d\u2019un mod\u00e8le instantan\u00e9 ludique, d\u2019un appareil photo sans miroir haut de gamme ou d\u2019une cam\u00e9ra hybride, vous aurez l\u2019opportunit\u00e9 de faire de belles \u00e9conomies. Pour vous aider \u00e0 rep\u00e9rer la meilleure offre, nous avons pass\u00e9 en revue les promotions annonc\u00e9es par les distributeurs d\u2019\u00e9lectronique et les fabricants d\u2019appareils photo pour le Black Friday 2026.<\/p>\n<h2>Acheter des cam\u00e9ras directement aupr\u00e8s du fabricant<\/h2>\n<p>Si vous connaissez d\u00e9j\u00e0 la marque ou le mod\u00e8le qui vous int\u00e9resse, l\u2019achat direct aupr\u00e8s du fabricant peut \u00eatre un choix pertinent. De nombreux Suisses privil\u00e9gient cette option afin de soutenir la marque. Par ailleurs, il est fort probable que des rabais importants soient propos\u00e9s lors du Black Friday 2026 chez divers constructeurs, ce qui vous permettra potentiellement de d\u00e9crocher l\u2019appareil de vos r\u00eaves \u00e0 moindre co\u00fbt. Par exemple, <a href=\"https:\/\/www.blackfridaydeals.ch\/fr\/shops\/olympus-fr\/\">Olympus<\/a> et <a href=\"https:\/\/www.blackfridaydeals.ch\/fr\/shops\/canon-fr\/\">Canon<\/a> sont tr\u00e8s appr\u00e9ci\u00e9s par les photographes amateurs comme professionnels.<\/p>\n<p>Pour ceux qui veulent \u00e9conomiser, le montant de la r\u00e9duction constitue \u00e9videmment un crit\u00e8re d\u00e9cisif. En r\u00e8gle g\u00e9n\u00e9rale, pendant le Black Friday 2026, la majorit\u00e9 des appareils photo pourront \u00eatre propos\u00e9s au meilleur prix de l\u2019ann\u00e9e. Certains mod\u00e8les en b\u00e9n\u00e9ficieront m\u00eame pour atteindre leur record de baisse, avec des ristournes allant au-del\u00e0 de 50\u00a0%. Cette p\u00e9riode de soldes constitue donc un excellent moment pour acqu\u00e9rir un appareil photo de qualit\u00e9 sans trop d\u00e9penser.<\/p>\n<h2>Grand choix d\u2019appareils photo chez les d\u00e9taillants en \u00e9lectronique<\/h2>\n<p>Si vous pr\u00e9f\u00e9rez comparer plusieurs r\u00e9f\u00e9rences de marques diff\u00e9rentes avant de faire votre choix, vous gagnerez \u00e0 vous rendre dans une grande enseigne d\u2019\u00e9lectronique. Vous y trouverez un large \u00e9ventail de mod\u00e8les r\u00e9cents ou plus anciens, issus de fabricants reconnus. Parmi les reflex, on peut citer par exemple le CANON EOS\u00a02000D+18-55MM\/F3.5-5.6\u00a0IS\u00a0II (24,1\u00a0MP), tr\u00e8s populaire aupr\u00e8s des d\u00e9butants et passionn\u00e9s, ou encore le compact SONY\u00a0DSC-RX100\u00a0VII (20,1\u00a0MP), deux appareils se n\u00e9gociant g\u00e9n\u00e9ralement autour de 400\u00a0CHF et 1\u00a0000\u00a0CHF respectivement.<\/p>\n<p>Si <a href=\"https:\/\/www.blackfridaydeals.ch\/fr\/shops\/fust-fr\/\">Fust.ch<\/a> et d\u2019autres marchands d\u00e9cident de lancer leurs propres promotions pour le Black Friday 2026, elles prendront vraisemblablement la forme de soldes, tout comme chez les fabricants. C\u2019est en effet une pratique courante dans le secteur high-tech, avec des rabais susceptibles de grimper jusqu\u2019\u00e0 80\u00a0%. Cependant, il reste essentiel de comparer les tarifs d\u2019un magasin \u00e0 l\u2019autre, car l\u2019\u201cancien prix\u201d mis en avant n\u2019est pas toujours repr\u00e9sentatif de la r\u00e9alit\u00e9 du march\u00e9.<\/p>\n<h2>Remises sur les accessoires de l\u2019appareil photo<\/h2>\n<p>Les boutiques d\u2019\u00e9lectronique et les constructeurs ne se limitent pas aux bo\u00eetiers\u00a0: ils disposent \u00e9galement d\u2019un catalogue complet d\u2019accessoires pour am\u00e9liorer vos prises de vue. Sacs, tr\u00e9pieds, objectifs ou encore mat\u00e9riel de d\u00e9veloppement figurent souvent dans ces gammes. Pendant le Black Friday 2026, il n\u2019est pas rare de voir ces articles faire l\u2019objet de belles promotions.<\/p>\n<p>Si vous \u00eates press\u00e9 et ne voulez pas patienter jusqu\u2019\u00e0 fin novembre, vous pouvez d\u00e9j\u00e0 inspecter les offres du <a href=\"https:\/\/www.blackfridaydeals.ch\/fr\/singles-day\/\">Singles Day<\/a>. \u00c0 l\u2019inverse, si vous manquez le Black Friday, vous pourrez encore profiter du <a href=\"https:\/\/www.blackfridaydeals.ch\/fr\/cyber-monday\/\">Cyber Monday<\/a>, qui r\u00e9serve lui aussi quelques surprises pour les amateurs de photographie.<\/p>\n<h3>Plus d&#8217;articles int\u00e9ressants:<\/h3>\n<ul>\n<li><a href=\"https:\/\/www.blackfridaydeals.ch\/fr\/photos-video-black-friday\/\">Les meilleures affaires en photos et vid\u00e9o au Black Friday 2026<\/a><\/li>\n<li><a href=\"https:\/\/www.blackfridaydeals.ch\/fr\/fournitures-bureau-black-friday\/\">Les meilleures affaires pour les fournitures de bureau au Black Friday 2026<\/a><\/li>\n<li><a href=\"https:\/\/www.blackfridaydeals.ch\/fr\/montres-connectees-black-friday\/\">Les meilleures affaires sur les montres connect\u00e9es au Black Friday 2026<\/a><\/li>\n<li><a href=\"https:\/\/www.blackfridaydeals.ch\/fr\/offres-jouets-black-friday\/\">Les meilleures offres sur les jouets au Black Friday 2026<\/a><\/li>\n<li><a href=\"https:\/\/www.blackfridaydeals.ch\/fr\/offres-montres-black-friday\/\">Les meilleures offres de montres pour le Black Friday 2026<\/a><\/li>\n<li><a href=\"https:\/\/www.blackfridaydeals.ch\/fr\/beaute-au-black-friday\/\">Les meilleures offres dans le monde de beaut\u00e9 au Black Friday 2026<\/a><\/li>\n<li><a href=\"https:\/\/www.blackfridaydeals.ch\/fr\/offres-de-son-black-friday\/\">Les meilleures offres de Son pendant le Black Friday 2026<\/a><\/li>\n<li><a href=\"https:\/\/www.blackfridaydeals.ch\/fr\/ordinateurs-portables-black-friday\/\">Les meilleures offres sur les ordinateurs portables au Black Friday 2026<\/a><\/li>\n<li><a href=\"https:\/\/www.blackfridaydeals.ch\/fr\/nouvelle-cuisine-black-friday\/\">Les meilleures offres de cuisine au Black Friday 2026<\/a><\/li>\n<li><a href=\"https:\/\/www.blackfridaydeals.ch\/fr\/offres-smartphones-black-friday\/\">Ces offres sur les smartphones seront disponibles au Black Friday 2026<\/a><\/li>\n<li><a href=\"https:\/\/www.blackfridaydeals.ch\/fr\/parfum-prix-reduit-black-friday\/\">Comment trouver ce parfum subtil \u00e0 prix r\u00e9duit au Black Friday 2026<\/a><\/li>\n<li><a href=\"https:\/\/www.blackfridaydeals.ch\/fr\/chaussures-au-black-friday\/\">Des chaussures de haute qualit\u00e9 \u00e0 des prix abordables au Black Friday 2026<\/a><\/li>\n<li><a href=\"https:\/\/www.blackfridaydeals.ch\/fr\/black-friday-home-cinema\/\">Les meilleures affaires au Black Friday 2026 sur le Home Cin\u00e9ma<\/a><\/li>\n<li><a href=\"https:\/\/www.blackfridaydeals.ch\/fr\/black-friday-alimentaires\/\">Les meilleures affaires au Black Friday 2026 sur les produits alimentaires et les boissons<\/a><\/li>\n<li><a href=\"https:\/\/www.blackfridaydeals.ch\/fr\/meilleures-meubles-black-friday\/\">Les meilleures affaires sur les meubles au Black Friday 2026<\/a><\/li>\n<li><a href=\"https:\/\/www.blackfridaydeals.ch\/fr\/offres-fitness-black-friday-year\/\">Les meilleures offres de fitness au Black Friday 2026<\/a><\/li>\n<li><a href=\"https:\/\/www.blackfridaydeals.ch\/fr\/pour-le-menage-black-friday\/\">Tout ce qu&#8217;il faut pour le m\u00e9nage au Black Friday 2026<\/a><\/li>\n<li><a href=\"https:\/\/www.blackfridaydeals.ch\/fr\/voyages-vols-hotels-black-friday\/\">Voyages, vols et h\u00f4tels \u00e0 bas prix Black Friday 2026<\/a><\/li>\n<li><a href=\"https:\/\/www.blackfridaydeals.ch\/fr\/offres-de-jeux-video-black-friday\/\">Voici les offres de jeux vid\u00e9o que nous attendons avec impatience au Black Friday 2026<\/a><\/li>\n<\/ul>\n<p>[\/vc_column_text][\/vc_column][\/vc_row]<\/p>\n","protected":false},"excerpt":{"rendered":"<p>[vc_row][vc_column][vc_column_text] Si vous \u00eates \u00e0 la recherche d\u2019un nouvel appareil photo, vous pourrez b\u00e9n\u00e9ficier de nombreuses bonnes affaires dans divers magasins \u00e0 la fin du mois de novembre. On s\u2019attend en effet \u00e0 ce que des appareils photo de toutes sortes, pour tous les usages, subissent des baisses de prix significatives au Black Friday . [&hellip;]<\/p>\n","protected":false},"author":40,"featured_media":38195,"parent":0,"menu_order":0,"comment_status":"closed","ping_status":"closed","template":"","meta":[],"yoast_head":"<!-- This site is optimized with the Yoast SEO plugin v20.5 - https:\/\/yoast.com\/wordpress\/plugins\/seo\/ -->\n<title>Les affaires sur les appareils photos au Black Friday<\/title>\n<meta name=\"description\" content=\"Appareils photos : les offres du Black Friday 2026. Ici vous trouverez toutes les offres Black Friday dans l\u2019univers des appareils photos.\" \/>\n<meta name=\"robots\" content=\"index, follow, max-snippet:-1, max-image-preview:large, max-video-preview:-1\" \/>\n<link rel=\"canonical\" href=\"https:\/\/www.blackfridaydeals.ch\/fr\/meilleures-appareils-photos\/\" \/>\n<meta property=\"og:locale\" content=\"fr_FR\" \/>\n<meta property=\"og:type\" content=\"article\" \/>\n<meta property=\"og:title\" content=\"Les affaires sur les appareils photos au Black Friday\" \/>\n<meta property=\"og:description\" content=\"Appareils photos : les offres du Black Friday 2026. Ici vous trouverez toutes les offres Black Friday dans l\u2019univers des appareils photos.\" \/>\n<meta property=\"og:url\" content=\"https:\/\/www.blackfridaydeals.ch\/fr\/meilleures-appareils-photos\/\" \/>\n<meta property=\"og:site_name\" content=\"blackfridaydeals.ch\" \/>\n<meta property=\"article:publisher\" content=\"https:\/\/www.facebook.com\/blackfridaydealsch\/\" \/>\n<meta property=\"article:modified_time\" content=\"2025-02-07T13:50:50+00:00\" \/>\n<meta property=\"og:image\" content=\"https:\/\/www.blackfridaydeals.ch\/wp-content\/uploads\/2021\/10\/camera-gfe2e1db27_1920.jpg\" \/>\n\t<meta property=\"og:image:width\" content=\"1920\" \/>\n\t<meta property=\"og:image:height\" content=\"1123\" \/>\n\t<meta property=\"og:image:type\" content=\"image\/jpeg\" \/>\n<meta name=\"twitter:card\" content=\"summary_large_image\" \/>\n<meta name=\"twitter:site\" content=\"@blackfridaych\" \/>\n<meta name=\"twitter:label1\" content=\"Est. reading time\" \/>\n\t<meta name=\"twitter:data1\" content=\"5 minutes\" \/>\n<script type=\"application\/ld+json\" class=\"yoast-schema-graph\">{\"@context\":\"https:\/\/schema.org\",\"@graph\":[{\"@type\":\"WebPage\",\"@id\":\"https:\/\/www.blackfridaydeals.ch\/fr\/meilleures-appareils-photos\/\",\"url\":\"https:\/\/www.blackfridaydeals.ch\/fr\/meilleures-appareils-photos\/\",\"name\":\"Les affaires sur les appareils photos au Black Friday\",\"isPartOf\":{\"@id\":\"https:\/\/www.blackfridaydeals.ch\/fr\/#website\"},\"datePublished\":\"2021-10-27T07:39:46+00:00\",\"dateModified\":\"2025-02-07T13:50:50+00:00\",\"description\":\"Appareils photos : les offres du Black Friday 2026. Ici vous trouverez toutes les offres Black Friday dans l\u2019univers des appareils photos.\",\"breadcrumb\":{\"@id\":\"https:\/\/www.blackfridaydeals.ch\/fr\/meilleures-appareils-photos\/#breadcrumb\"},\"inLanguage\":\"fr-CH\",\"potentialAction\":[{\"@type\":\"ReadAction\",\"target\":[\"https:\/\/www.blackfridaydeals.ch\/fr\/meilleures-appareils-photos\/\"]}]},{\"@type\":\"BreadcrumbList\",\"@id\":\"https:\/\/www.blackfridaydeals.ch\/fr\/meilleures-appareils-photos\/#breadcrumb\",\"itemListElement\":[{\"@type\":\"ListItem\",\"position\":1,\"name\":\"Startseite\",\"item\":\"https:\/\/www.blackfridaydeals.ch\/fr\/\"},{\"@type\":\"ListItem\",\"position\":2,\"name\":\"Les meilleures affaires sur les appareils photos au Black Friday\"}]},{\"@type\":\"WebSite\",\"@id\":\"https:\/\/www.blackfridaydeals.ch\/fr\/#website\",\"url\":\"https:\/\/www.blackfridaydeals.ch\/fr\/\",\"name\":\"blackfridaydeals.ch\",\"description\":\"Toutes les offres du Black Friday 2025 en Suisse\",\"publisher\":{\"@id\":\"https:\/\/www.blackfridaydeals.ch\/fr\/#organization\"},\"alternateName\":\"Black Friday Deals\",\"potentialAction\":[{\"@type\":\"SearchAction\",\"target\":{\"@type\":\"EntryPoint\",\"urlTemplate\":\"https:\/\/www.blackfridaydeals.ch\/fr\/?s={search_term_string}\"},\"query-input\":\"required name=search_term_string\"}],\"inLanguage\":\"fr-CH\"},{\"@type\":\"Organization\",\"@id\":\"https:\/\/www.blackfridaydeals.ch\/fr\/#organization\",\"name\":\"blackfridaydeals.ch\",\"alternateName\":\"Black Friday Deals\",\"url\":\"https:\/\/www.blackfridaydeals.ch\/fr\/\",\"logo\":{\"@type\":\"ImageObject\",\"inLanguage\":\"fr-CH\",\"@id\":\"https:\/\/www.blackfridaydeals.ch\/fr\/#\/schema\/logo\/image\/\",\"url\":\"https:\/\/www.blackfridaydeals.ch\/wp-content\/uploads\/2023\/03\/app-icon-white-bg-jpg.jpg\",\"contentUrl\":\"https:\/\/www.blackfridaydeals.ch\/wp-content\/uploads\/2023\/03\/app-icon-white-bg-jpg.jpg\",\"width\":512,\"height\":512,\"caption\":\"blackfridaydeals.ch\"},\"image\":{\"@id\":\"https:\/\/www.blackfridaydeals.ch\/fr\/#\/schema\/logo\/image\/\"},\"sameAs\":[\"https:\/\/www.facebook.com\/blackfridaydealsch\/\",\"https:\/\/twitter.com\/blackfridaych\",\"https:\/\/www.youtube.com\/channel\/UCNKXHacMw8AS34mBgzVx3FQ\",\"https:\/\/www.instagram.com\/blackfridaydeals.ch\/\"]}]}<\/script>\n<!-- \/ Yoast SEO plugin. -->","yoast_head_json":{"title":"Les affaires sur les appareils photos au Black Friday","description":"Appareils photos : les offres du Black Friday 2026. Ici vous trouverez toutes les offres Black Friday dans l\u2019univers des appareils photos.","robots":{"index":"index","follow":"follow","max-snippet":"max-snippet:-1","max-image-preview":"max-image-preview:large","max-video-preview":"max-video-preview:-1"},"canonical":"https:\/\/www.blackfridaydeals.ch\/fr\/meilleures-appareils-photos\/","og_locale":"fr_FR","og_type":"article","og_title":"Les affaires sur les appareils photos au Black Friday","og_description":"Appareils photos : les offres du Black Friday 2026. Ici vous trouverez toutes les offres Black Friday dans l\u2019univers des appareils photos.","og_url":"https:\/\/www.blackfridaydeals.ch\/fr\/meilleures-appareils-photos\/","og_site_name":"blackfridaydeals.ch","article_publisher":"https:\/\/www.facebook.com\/blackfridaydealsch\/","article_modified_time":"2025-02-07T13:50:50+00:00","og_image":[{"width":1920,"height":1123,"url":"https:\/\/www.blackfridaydeals.ch\/wp-content\/uploads\/2021\/10\/camera-gfe2e1db27_1920.jpg","type":"image\/jpeg"}],"twitter_card":"summary_large_image","twitter_site":"@blackfridaych","twitter_misc":{"Est. reading time":"5 minutes"},"schema":{"@context":"https:\/\/schema.org","@graph":[{"@type":"WebPage","@id":"https:\/\/www.blackfridaydeals.ch\/fr\/meilleures-appareils-photos\/","url":"https:\/\/www.blackfridaydeals.ch\/fr\/meilleures-appareils-photos\/","name":"Les affaires sur les appareils photos au Black Friday","isPartOf":{"@id":"https:\/\/www.blackfridaydeals.ch\/fr\/#website"},"datePublished":"2021-10-27T07:39:46+00:00","dateModified":"2025-02-07T13:50:50+00:00","description":"Appareils photos : les offres du Black Friday 2026. Ici vous trouverez toutes les offres Black Friday dans l\u2019univers des appareils photos.","breadcrumb":{"@id":"https:\/\/www.blackfridaydeals.ch\/fr\/meilleures-appareils-photos\/#breadcrumb"},"inLanguage":"fr-CH","potentialAction":[{"@type":"ReadAction","target":["https:\/\/www.blackfridaydeals.ch\/fr\/meilleures-appareils-photos\/"]}]},{"@type":"BreadcrumbList","@id":"https:\/\/www.blackfridaydeals.ch\/fr\/meilleures-appareils-photos\/#breadcrumb","itemListElement":[{"@type":"ListItem","position":1,"name":"Startseite","item":"https:\/\/www.blackfridaydeals.ch\/fr\/"},{"@type":"ListItem","position":2,"name":"Les meilleures affaires sur les appareils photos au Black Friday"}]},{"@type":"WebSite","@id":"https:\/\/www.blackfridaydeals.ch\/fr\/#website","url":"https:\/\/www.blackfridaydeals.ch\/fr\/","name":"blackfridaydeals.ch","description":"Toutes les offres du Black Friday 2025 en Suisse","publisher":{"@id":"https:\/\/www.blackfridaydeals.ch\/fr\/#organization"},"alternateName":"Black Friday Deals","potentialAction":[{"@type":"SearchAction","target":{"@type":"EntryPoint","urlTemplate":"https:\/\/www.blackfridaydeals.ch\/fr\/?s={search_term_string}"},"query-input":"required name=search_term_string"}],"inLanguage":"fr-CH"},{"@type":"Organization","@id":"https:\/\/www.blackfridaydeals.ch\/fr\/#organization","name":"blackfridaydeals.ch","alternateName":"Black Friday Deals","url":"https:\/\/www.blackfridaydeals.ch\/fr\/","logo":{"@type":"ImageObject","inLanguage":"fr-CH","@id":"https:\/\/www.blackfridaydeals.ch\/fr\/#\/schema\/logo\/image\/","url":"https:\/\/www.blackfridaydeals.ch\/wp-content\/uploads\/2023\/03\/app-icon-white-bg-jpg.jpg","contentUrl":"https:\/\/www.blackfridaydeals.ch\/wp-content\/uploads\/2023\/03\/app-icon-white-bg-jpg.jpg","width":512,"height":512,"caption":"blackfridaydeals.ch"},"image":{"@id":"https:\/\/www.blackfridaydeals.ch\/fr\/#\/schema\/logo\/image\/"},"sameAs":["https:\/\/www.facebook.com\/blackfridaydealsch\/","https:\/\/twitter.com\/blackfridaych","https:\/\/www.youtube.com\/channel\/UCNKXHacMw8AS34mBgzVx3FQ","https:\/\/www.instagram.com\/blackfridaydeals.ch\/"]}]}},"_links":{"self":[{"href":"https:\/\/www.blackfridaydeals.ch\/fr\/wp-json\/wp\/v2\/pages\/38194"}],"collection":[{"href":"https:\/\/www.blackfridaydeals.ch\/fr\/wp-json\/wp\/v2\/pages"}],"about":[{"href":"https:\/\/www.blackfridaydeals.ch\/fr\/wp-json\/wp\/v2\/types\/page"}],"author":[{"embeddable":true,"href":"https:\/\/www.blackfridaydeals.ch\/fr\/wp-json\/wp\/v2\/users\/40"}],"replies":[{"embeddable":true,"href":"https:\/\/www.blackfridaydeals.ch\/fr\/wp-json\/wp\/v2\/comments?post=38194"}],"version-history":[{"count":16,"href":"https:\/\/www.blackfridaydeals.ch\/fr\/wp-json\/wp\/v2\/pages\/38194\/revisions"}],"predecessor-version":[{"id":98801,"href":"https:\/\/www.blackfridaydeals.ch\/fr\/wp-json\/wp\/v2\/pages\/38194\/revisions\/98801"}],"wp:featuredmedia":[{"embeddable":true,"href":"https:\/\/www.blackfridaydeals.ch\/fr\/wp-json\/wp\/v2\/media\/38195"}],"wp:attachment":[{"href":"https:\/\/www.blackfridaydeals.ch\/fr\/wp-json\/wp\/v2\/media?parent=38194"}],"curies":[{"name":"wp","href":"https:\/\/api.w.org\/{rel}","templated":true}]}}