{"id":37382,"date":"2021-10-13T16:35:53","date_gmt":"2021-10-13T14:35:53","guid":{"rendered":"https:\/\/www.blackfridaydeals.ch\/?page_id=37382"},"modified":"2025-03-03T11:05:20","modified_gmt":"2025-03-03T10:05:20","slug":"televiseurs-oled-black-friday","status":"publish","type":"page","link":"https:\/\/www.blackfridaydeals.ch\/fr\/televiseurs-oled-black-friday\/","title":{"rendered":"T\u00e9l\u00e9viseurs OLED au Black Friday"},"content":{"rendered":"<p>[vc_row][vc_column]\n\n[vc_column_text]<\/p>\n<h1><img decoding=\"async\" class=\"alignright size-medium wp-image-36603\" src=\"https:\/\/www.blackfridaydeals.ch\/wp-content\/uploads\/2021\/09\/LG_OLED-1-300x175.png\" alt=\"\" width=\"300\" height=\"175\" srcset=\"https:\/\/www.blackfridaydeals.ch\/wp-content\/uploads\/2021\/09\/LG_OLED-1.png 300w, https:\/\/www.blackfridaydeals.ch\/wp-content\/uploads\/2021\/09\/LG_OLED-1-1024x597.png 1024w, https:\/\/www.blackfridaydeals.ch\/wp-content\/uploads\/2021\/09\/LG_OLED-1-768x448.png 768w, https:\/\/www.blackfridaydeals.ch\/wp-content\/uploads\/2021\/09\/LG_OLED-1-1536x896.png 1536w, https:\/\/www.blackfridaydeals.ch\/wp-content\/uploads\/2021\/09\/LG_OLED-1-2048x1195.png 2048w, https:\/\/www.blackfridaydeals.ch\/wp-content\/uploads\/2021\/09\/LG_OLED-1-788x459.png 788w, https:\/\/www.blackfridaydeals.ch\/wp-content\/uploads\/2021\/09\/LG_OLED-1-150x88.png 150w\" sizes=\"(max-width: 300px) 100vw, 300px\" \/>T\u00e9l\u00e9viseurs OLED\u00a0: un must-have au Black Friday<\/h1>\n<p>Aujourd\u2019hui, il est difficile de passer \u00e0 c\u00f4t\u00e9 de termes comme OLED, AMOLED, P\u2011OLED et bien d\u2019autres. Tous incluent l\u2019acronyme OLED, pour \u201cdiode \u00e9lectroluminescente organique\u201d. Il s\u2019agit de minuscules LED capables de s\u2019\u00e9teindre et de s\u2019allumer ind\u00e9pendamment. \u00c0 l\u2019inverse, les t\u00e9l\u00e9viseurs LCD (pour Liquid Crystal Display) de la g\u00e9n\u00e9ration pr\u00e9c\u00e9dente sont g\u00e9n\u00e9ralement \u00e9clair\u00e9s par une unique source lumineuse plac\u00e9e derri\u00e8re l\u2019\u00e9cran, ce qui peut entra\u00eener une reproduction impr\u00e9cise des couleurs (notamment dans les sc\u00e8nes \u00e0 tr\u00e8s fort contraste). Prenons pour exemple une image montrant la lune\u202f: celle-ci appara\u00eet alors blanche, mais on per\u00e7oit un \u201chalo\u201d dans l\u2019obscurit\u00e9 environnante. Ce ph\u00e9nom\u00e8ne, appel\u00e9 \u201cblooming\u201d, est totalement absent des t\u00e9l\u00e9viseurs OLED. C\u2019est l\u2019une des raisons pour lesquelles ils surpassent largement les t\u00e9l\u00e9viseurs LCD classiques.<\/p>\n<p>De nos jours, nombre de marques proposent des \u00e9crans OLED sur leurs mod\u00e8les les plus avanc\u00e9s. Cette technologie ne concerne pas uniquement les t\u00e9l\u00e9viseurs\u202f: on la retrouve dans les ordinateurs portables, les moniteurs PC, certaines consoles de jeu (\u00e0 l\u2019instar de la <a href=\"https:\/\/www.blackfridaydeals.ch\/fr\/nintendo-switch-oled\/\">Nintendo Switch OLED<\/a>), les smartphones, les tablettes, les wearables comme les montres connect\u00e9es ou les trackers de fitness, mais \u00e9galement dans les ampoules, appareils \u00e9lectrom\u00e9nagers et voitures. Parmi les fabricants les plus connus, citons Hewlett Packard (HP), LG Electronics, <a href=\"https:\/\/www.blackfridaydeals.ch\/fr\/shops\/samsung-fr\/\">Samsung<\/a>, Panasonic, Philips, Sony, <a href=\"https:\/\/www.blackfridaydeals.ch\/fr\/shops\/xiaomi-mi-store-fr\/\">Xiaomi<\/a>, Apple, Grundig, <a href=\"https:\/\/www.blackfridaydeals.ch\/xiaomi-oppo-oneplus-realme-black-friday\/\">OnePlus<\/a>, <a href=\"https:\/\/www.blackfridaydeals.ch\/fr\/shops\/huawei-fr\/\">Huawei<\/a>, Cadillac, Mercedes, et bien d\u2019autres encore.<\/p>\n<p>Le grand public a surtout d\u00e9couvert la technologie OLED \u00e0 travers les t\u00e9l\u00e9viseurs. Ce march\u00e9 est actuellement domin\u00e9 par LG, Sony, Philips et Panasonic. Samsung, qui se concentrait plut\u00f4t sur ses t\u00e9l\u00e9viseurs QLED au nom proche, semble vouloir prendre part au segment lucratif des OLED.<\/p>\n<h2>Quels sont les avantages d\u2019un t\u00e9l\u00e9viseur OLED par rapport \u00e0 un t\u00e9l\u00e9viseur QLED, MiniLED ou LCD\u202f?<\/h2>\n<p>Voici les principaux points forts qui peuvent faciliter votre d\u00e9cision d\u2019achat :<\/p>\n<p><strong>1. Les t\u00e9l\u00e9viseurs OLED offrent les meilleures valeurs de noir et de contraste<\/strong><br \/>\nChaque pixel pouvant s\u2019allumer et s\u2019\u00e9teindre de fa\u00e7on ind\u00e9pendante, les sc\u00e8nes sombres sont restitu\u00e9es au pixel pr\u00e8s, \u00e9liminant les probl\u00e8mes de halo lumineux (\u201cblooming\u201d) qu\u2019on observe parfois sur les LCD.<\/p>\n<p><img decoding=\"async\" class=\"aligncenter wp-image-36320\" src=\"https:\/\/www.blackfridaydeals.ch\/wp-content\/uploads\/2021\/09\/OLEDvsLCD-1024x573.jpg\" alt=\"\" width=\"645\" height=\"361\" srcset=\"https:\/\/www.blackfridaydeals.ch\/wp-content\/uploads\/2021\/09\/OLEDvsLCD-1024x573.jpg 1024w, https:\/\/www.blackfridaydeals.ch\/wp-content\/uploads\/2021\/09\/OLEDvsLCD-300x168.jpg 300w, https:\/\/www.blackfridaydeals.ch\/wp-content\/uploads\/2021\/09\/OLEDvsLCD-768x430.jpg 768w, https:\/\/www.blackfridaydeals.ch\/wp-content\/uploads\/2021\/09\/OLEDvsLCD-1536x860.jpg 1536w, https:\/\/www.blackfridaydeals.ch\/wp-content\/uploads\/2021\/09\/OLEDvsLCD-2048x1147.jpg 2048w, https:\/\/www.blackfridaydeals.ch\/wp-content\/uploads\/2021\/09\/OLEDvsLCD-788x441.jpg 788w, https:\/\/www.blackfridaydeals.ch\/wp-content\/uploads\/2021\/09\/OLEDvsLCD-150x84.jpg 150w, https:\/\/www.blackfridaydeals.ch\/wp-content\/uploads\/2021\/09\/OLEDvsLCD.jpg 1600w\" sizes=\"(max-width: 645px) 100vw, 645px\" \/><\/p>\n<p><strong>2. Les t\u00e9l\u00e9viseurs OLED b\u00e9n\u00e9ficient d\u2019un angle de vision plus large<\/strong><br \/>\nEn raison des propri\u00e9t\u00e9s physiques de la technologie, l\u2019image reste mieux per\u00e7ue lorsque l\u2019on se d\u00e9cale sur les c\u00f4t\u00e9s. Bien que certains t\u00e9l\u00e9viseurs classiques embarquent des dalles IPS, ils ne rivalisent g\u00e9n\u00e9ralement pas avec les OLED dans ce domaine.<\/p>\n<p><img decoding=\"async\" class=\"aligncenter wp-image-36323\" src=\"https:\/\/www.blackfridaydeals.ch\/wp-content\/uploads\/2021\/09\/oledvslcd_viewing_angle-1024x767.jpg\" alt=\"\" width=\"553\" height=\"414\" srcset=\"https:\/\/www.blackfridaydeals.ch\/wp-content\/uploads\/2021\/09\/oledvslcd_viewing_angle-1024x767.jpg 1024w, https:\/\/www.blackfridaydeals.ch\/wp-content\/uploads\/2021\/09\/oledvslcd_viewing_angle-300x225.jpg 300w, https:\/\/www.blackfridaydeals.ch\/wp-content\/uploads\/2021\/09\/oledvslcd_viewing_angle-767x574.jpg 767w, https:\/\/www.blackfridaydeals.ch\/wp-content\/uploads\/2021\/09\/oledvslcd_viewing_angle-1536x1150.jpg 1536w, https:\/\/www.blackfridaydeals.ch\/wp-content\/uploads\/2021\/09\/oledvslcd_viewing_angle-2048x1533.jpg 2048w, https:\/\/www.blackfridaydeals.ch\/wp-content\/uploads\/2021\/09\/oledvslcd_viewing_angle-788x589.jpg 788w, https:\/\/www.blackfridaydeals.ch\/wp-content\/uploads\/2021\/09\/oledvslcd_viewing_angle-853x640.jpg 853w, https:\/\/www.blackfridaydeals.ch\/wp-content\/uploads\/2021\/09\/oledvslcd_viewing_angle-150x112.jpg 150w, https:\/\/www.blackfridaydeals.ch\/wp-content\/uploads\/2021\/09\/oledvslcd_viewing_angle.jpg 748w\" sizes=\"(max-width: 553px) 100vw, 553px\" \/><\/p>\n<p><strong>3. Les t\u00e9l\u00e9viseurs OLED disposent d\u2019un temps de r\u00e9ponse nettement plus rapide<\/strong><br \/>\nCeci est particuli\u00e8rement important pour les joueurs. Les dalles OLED peuvent changer de contenu en quelques microsecondes, alors qu\u2019un \u00e9cran LCD classique n\u00e9cessite plusieurs dizaines de millisecondes pour r\u00e9aligner ses cristaux liquides. Cela se traduit par un avantage certain dans les jeux de tir, o\u00f9 chaque milliseconde peut faire la diff\u00e9rence. La plupart des t\u00e9l\u00e9viseurs OLED de 2026 sont par ailleurs optimis\u00e9s pour exploiter pleinement les capacit\u00e9s de la <a href=\"https:\/\/www.blackfridaydeals.ch\/fr\/xbox-series-x-black-friday-1\/\">Xbox Series X<\/a> et de la <a href=\"https:\/\/www.blackfridaydeals.ch\/fr\/playstation-5-black-friday\/\">Playstation 5<\/a>, permettant d\u2019atteindre une r\u00e9solution UHD \u00e0 120\u202fimages par seconde.<\/p>\n<h2>Quel sera le prix des t\u00e9l\u00e9viseurs OLED lors du Black Friday 2026\u202f?<\/h2>\n<p>Nous pr\u00e9voyons \u00e0 nouveau d\u2019importantes baisses de prix sur plusieurs r\u00e9f\u00e9rences de TV OLED pendant le Black Friday 2026. Autant les mod\u00e8les de l\u2019an pass\u00e9 que ceux de cette ann\u00e9e pourraient atteindre leur plus bas tarif jamais vu. D\u00e9j\u00e0 derni\u00e8rement, il \u00e9tait possible de trouver quelques t\u00e9l\u00e9viseurs OLED 65\u00a0pouces \u00e0 moins de 1\u202f000\u202fCHF, notamment gr\u00e2ce \u00e0 une offre fracassante d\u2019<a href=\"https:\/\/www.blackfridaydeals.ch\/fr\/shops\/interdiscount-fr\/\">Interdiscount<\/a> :<\/p>\n<p><img decoding=\"async\" class=\"aligncenter size-large wp-image-37398\" src=\"https:\/\/www.blackfridaydeals.ch\/wp-content\/uploads\/2021\/10\/panasonic_oled_interdiscount_fr-1024x324.png\" alt=\"\" width=\"840\" height=\"266\" srcset=\"https:\/\/www.blackfridaydeals.ch\/wp-content\/uploads\/2021\/10\/panasonic_oled_interdiscount_fr-1024x324.png 1024w, https:\/\/www.blackfridaydeals.ch\/wp-content\/uploads\/2021\/10\/panasonic_oled_interdiscount_fr-300x95.png 300w, https:\/\/www.blackfridaydeals.ch\/wp-content\/uploads\/2021\/10\/panasonic_oled_interdiscount_fr-768x243.png 768w, https:\/\/www.blackfridaydeals.ch\/wp-content\/uploads\/2021\/10\/panasonic_oled_interdiscount_fr-1536x486.png 1536w, https:\/\/www.blackfridaydeals.ch\/wp-content\/uploads\/2021\/10\/panasonic_oled_interdiscount_fr-2048x648.png 2048w, https:\/\/www.blackfridaydeals.ch\/wp-content\/uploads\/2021\/10\/panasonic_oled_interdiscount_fr-788x249.png 788w, https:\/\/www.blackfridaydeals.ch\/wp-content\/uploads\/2021\/10\/panasonic_oled_interdiscount_fr-150x47.png 150w, https:\/\/www.blackfridaydeals.ch\/wp-content\/uploads\/2021\/10\/panasonic_oled_interdiscount_fr.png 831w\" sizes=\"(max-width: 840px) 100vw, 840px\" \/><\/p>\n<p>Depuis, d\u2019autres mod\u00e8les 65\u2033 se sont vendus sous la barre des 1\u202f000\u202fCHF. Assez curieusement, quelques-unes de ces actions ont \u00e9t\u00e9 rep\u00e9r\u00e9es avant le Black Friday. Le jour J, c\u2019\u00e9taient davantage les packs premium (haut de gamme) qui affichaient des records historiques.<\/p>\n<p>Cette ann\u00e9e encore, pour le Black Friday 2026, nous esp\u00e9rons revoir des TV OLED 65\u2033 en dessous de 1\u202f000\u202fCHF. De m\u00eame, il n\u2019est pas impossible de voir un 55\u2033 sous les 700\u2013750\u202fCHF. Les d\u00e9clinaisons premium devraient \u00e9galement profiter de remises int\u00e9ressantes, m\u00eame si l\u2019incertitude demeure quant aux mod\u00e8les phares (s\u00e9rie\u00a0Z de LG, s\u00e9rie 90 de Sony, etc.).<\/p>\n<p>[\/vc_column_text][\/vc_column][\/vc_row]<\/p>\n","protected":false},"excerpt":{"rendered":"<p>[vc_row][vc_column][vc_column_text] T\u00e9l\u00e9viseurs OLED\u00a0: un must-have au Black Friday Aujourd\u2019hui, il est difficile de passer \u00e0 c\u00f4t\u00e9 de termes comme OLED, AMOLED, P\u2011OLED et bien d\u2019autres. Tous incluent l\u2019acronyme OLED, pour \u201cdiode \u00e9lectroluminescente organique\u201d. Il s\u2019agit de minuscules LED capables de s\u2019\u00e9teindre et de s\u2019allumer ind\u00e9pendamment. \u00c0 l\u2019inverse, les t\u00e9l\u00e9viseurs LCD (pour Liquid Crystal Display) de [&hellip;]<\/p>\n","protected":false},"author":309,"featured_media":36603,"parent":0,"menu_order":0,"comment_status":"closed","ping_status":"closed","template":"","meta":[],"yoast_head":"<!-- This site is optimized with the Yoast SEO plugin v20.5 - https:\/\/yoast.com\/wordpress\/plugins\/seo\/ -->\n<title>T\u00e9l\u00e9viseurs OLED au Black Friday - blackfridaydeals.ch<\/title>\n<meta name=\"description\" content=\"Ici vous trouvez tout les informations sur les offres de t\u00e9l\u00e9viseurs OLED de LG, Philips, Sony et Panasonic au Black Friday 2026 .\" \/>\n<meta name=\"robots\" content=\"index, follow, max-snippet:-1, max-image-preview:large, max-video-preview:-1\" \/>\n<link rel=\"canonical\" href=\"https:\/\/www.blackfridaydeals.ch\/fr\/televiseurs-oled-black-friday\/\" \/>\n<meta property=\"og:locale\" content=\"fr_FR\" \/>\n<meta property=\"og:type\" content=\"article\" \/>\n<meta property=\"og:title\" content=\"T\u00e9l\u00e9viseurs OLED au Black Friday - blackfridaydeals.ch\" \/>\n<meta property=\"og:description\" content=\"Ici vous trouvez tout les informations sur les offres de t\u00e9l\u00e9viseurs OLED de LG, Philips, Sony et Panasonic au Black Friday 2026 .\" \/>\n<meta property=\"og:url\" content=\"https:\/\/www.blackfridaydeals.ch\/fr\/televiseurs-oled-black-friday\/\" \/>\n<meta property=\"og:site_name\" content=\"blackfridaydeals.ch\" \/>\n<meta property=\"article:publisher\" content=\"https:\/\/www.facebook.com\/blackfridaydealsch\/\" \/>\n<meta property=\"article:modified_time\" content=\"2025-03-03T10:05:20+00:00\" \/>\n<meta property=\"og:image\" content=\"https:\/\/www.blackfridaydeals.ch\/wp-content\/uploads\/2021\/09\/LG_OLED-1.png\" \/>\n\t<meta property=\"og:image:width\" content=\"300\" \/>\n\t<meta property=\"og:image:height\" content=\"175\" \/>\n\t<meta property=\"og:image:type\" content=\"image\/png\" \/>\n<meta name=\"twitter:card\" content=\"summary_large_image\" \/>\n<meta name=\"twitter:site\" content=\"@blackfridaych\" \/>\n<meta name=\"twitter:label1\" content=\"Est. reading time\" \/>\n\t<meta name=\"twitter:data1\" content=\"5 minutes\" \/>\n<script type=\"application\/ld+json\" class=\"yoast-schema-graph\">{\"@context\":\"https:\/\/schema.org\",\"@graph\":[{\"@type\":\"WebPage\",\"@id\":\"https:\/\/www.blackfridaydeals.ch\/fr\/televiseurs-oled-black-friday\/\",\"url\":\"https:\/\/www.blackfridaydeals.ch\/fr\/televiseurs-oled-black-friday\/\",\"name\":\"T\u00e9l\u00e9viseurs OLED au Black Friday - blackfridaydeals.ch\",\"isPartOf\":{\"@id\":\"https:\/\/www.blackfridaydeals.ch\/fr\/#website\"},\"datePublished\":\"2021-10-13T14:35:53+00:00\",\"dateModified\":\"2025-03-03T10:05:20+00:00\",\"description\":\"Ici vous trouvez tout les informations sur les offres de t\u00e9l\u00e9viseurs OLED de LG, Philips, Sony et Panasonic au Black Friday 2026 .\",\"breadcrumb\":{\"@id\":\"https:\/\/www.blackfridaydeals.ch\/fr\/televiseurs-oled-black-friday\/#breadcrumb\"},\"inLanguage\":\"fr-CH\",\"potentialAction\":[{\"@type\":\"ReadAction\",\"target\":[\"https:\/\/www.blackfridaydeals.ch\/fr\/televiseurs-oled-black-friday\/\"]}]},{\"@type\":\"BreadcrumbList\",\"@id\":\"https:\/\/www.blackfridaydeals.ch\/fr\/televiseurs-oled-black-friday\/#breadcrumb\",\"itemListElement\":[{\"@type\":\"ListItem\",\"position\":1,\"name\":\"Startseite\",\"item\":\"https:\/\/www.blackfridaydeals.ch\/fr\/\"},{\"@type\":\"ListItem\",\"position\":2,\"name\":\"T\u00e9l\u00e9viseurs OLED au Black Friday\"}]},{\"@type\":\"WebSite\",\"@id\":\"https:\/\/www.blackfridaydeals.ch\/fr\/#website\",\"url\":\"https:\/\/www.blackfridaydeals.ch\/fr\/\",\"name\":\"blackfridaydeals.ch\",\"description\":\"Toutes les offres du Black Friday 2025 en Suisse\",\"publisher\":{\"@id\":\"https:\/\/www.blackfridaydeals.ch\/fr\/#organization\"},\"alternateName\":\"Black Friday Deals\",\"potentialAction\":[{\"@type\":\"SearchAction\",\"target\":{\"@type\":\"EntryPoint\",\"urlTemplate\":\"https:\/\/www.blackfridaydeals.ch\/fr\/?s={search_term_string}\"},\"query-input\":\"required name=search_term_string\"}],\"inLanguage\":\"fr-CH\"},{\"@type\":\"Organization\",\"@id\":\"https:\/\/www.blackfridaydeals.ch\/fr\/#organization\",\"name\":\"blackfridaydeals.ch\",\"alternateName\":\"Black Friday Deals\",\"url\":\"https:\/\/www.blackfridaydeals.ch\/fr\/\",\"logo\":{\"@type\":\"ImageObject\",\"inLanguage\":\"fr-CH\",\"@id\":\"https:\/\/www.blackfridaydeals.ch\/fr\/#\/schema\/logo\/image\/\",\"url\":\"https:\/\/www.blackfridaydeals.ch\/wp-content\/uploads\/2023\/03\/app-icon-white-bg-jpg.jpg\",\"contentUrl\":\"https:\/\/www.blackfridaydeals.ch\/wp-content\/uploads\/2023\/03\/app-icon-white-bg-jpg.jpg\",\"width\":512,\"height\":512,\"caption\":\"blackfridaydeals.ch\"},\"image\":{\"@id\":\"https:\/\/www.blackfridaydeals.ch\/fr\/#\/schema\/logo\/image\/\"},\"sameAs\":[\"https:\/\/www.facebook.com\/blackfridaydealsch\/\",\"https:\/\/twitter.com\/blackfridaych\",\"https:\/\/www.youtube.com\/channel\/UCNKXHacMw8AS34mBgzVx3FQ\",\"https:\/\/www.instagram.com\/blackfridaydeals.ch\/\"]}]}<\/script>\n<!-- \/ Yoast SEO plugin. -->","yoast_head_json":{"title":"T\u00e9l\u00e9viseurs OLED au Black Friday - blackfridaydeals.ch","description":"Ici vous trouvez tout les informations sur les offres de t\u00e9l\u00e9viseurs OLED de LG, Philips, Sony et Panasonic au Black Friday 2026 .","robots":{"index":"index","follow":"follow","max-snippet":"max-snippet:-1","max-image-preview":"max-image-preview:large","max-video-preview":"max-video-preview:-1"},"canonical":"https:\/\/www.blackfridaydeals.ch\/fr\/televiseurs-oled-black-friday\/","og_locale":"fr_FR","og_type":"article","og_title":"T\u00e9l\u00e9viseurs OLED au Black Friday - blackfridaydeals.ch","og_description":"Ici vous trouvez tout les informations sur les offres de t\u00e9l\u00e9viseurs OLED de LG, Philips, Sony et Panasonic au Black Friday 2026 .","og_url":"https:\/\/www.blackfridaydeals.ch\/fr\/televiseurs-oled-black-friday\/","og_site_name":"blackfridaydeals.ch","article_publisher":"https:\/\/www.facebook.com\/blackfridaydealsch\/","article_modified_time":"2025-03-03T10:05:20+00:00","og_image":[{"width":300,"height":175,"url":"https:\/\/www.blackfridaydeals.ch\/wp-content\/uploads\/2021\/09\/LG_OLED-1.png","type":"image\/png"}],"twitter_card":"summary_large_image","twitter_site":"@blackfridaych","twitter_misc":{"Est. reading time":"5 minutes"},"schema":{"@context":"https:\/\/schema.org","@graph":[{"@type":"WebPage","@id":"https:\/\/www.blackfridaydeals.ch\/fr\/televiseurs-oled-black-friday\/","url":"https:\/\/www.blackfridaydeals.ch\/fr\/televiseurs-oled-black-friday\/","name":"T\u00e9l\u00e9viseurs OLED au Black Friday - blackfridaydeals.ch","isPartOf":{"@id":"https:\/\/www.blackfridaydeals.ch\/fr\/#website"},"datePublished":"2021-10-13T14:35:53+00:00","dateModified":"2025-03-03T10:05:20+00:00","description":"Ici vous trouvez tout les informations sur les offres de t\u00e9l\u00e9viseurs OLED de LG, Philips, Sony et Panasonic au Black Friday 2026 .","breadcrumb":{"@id":"https:\/\/www.blackfridaydeals.ch\/fr\/televiseurs-oled-black-friday\/#breadcrumb"},"inLanguage":"fr-CH","potentialAction":[{"@type":"ReadAction","target":["https:\/\/www.blackfridaydeals.ch\/fr\/televiseurs-oled-black-friday\/"]}]},{"@type":"BreadcrumbList","@id":"https:\/\/www.blackfridaydeals.ch\/fr\/televiseurs-oled-black-friday\/#breadcrumb","itemListElement":[{"@type":"ListItem","position":1,"name":"Startseite","item":"https:\/\/www.blackfridaydeals.ch\/fr\/"},{"@type":"ListItem","position":2,"name":"T\u00e9l\u00e9viseurs OLED au Black Friday"}]},{"@type":"WebSite","@id":"https:\/\/www.blackfridaydeals.ch\/fr\/#website","url":"https:\/\/www.blackfridaydeals.ch\/fr\/","name":"blackfridaydeals.ch","description":"Toutes les offres du Black Friday 2025 en Suisse","publisher":{"@id":"https:\/\/www.blackfridaydeals.ch\/fr\/#organization"},"alternateName":"Black Friday Deals","potentialAction":[{"@type":"SearchAction","target":{"@type":"EntryPoint","urlTemplate":"https:\/\/www.blackfridaydeals.ch\/fr\/?s={search_term_string}"},"query-input":"required name=search_term_string"}],"inLanguage":"fr-CH"},{"@type":"Organization","@id":"https:\/\/www.blackfridaydeals.ch\/fr\/#organization","name":"blackfridaydeals.ch","alternateName":"Black Friday Deals","url":"https:\/\/www.blackfridaydeals.ch\/fr\/","logo":{"@type":"ImageObject","inLanguage":"fr-CH","@id":"https:\/\/www.blackfridaydeals.ch\/fr\/#\/schema\/logo\/image\/","url":"https:\/\/www.blackfridaydeals.ch\/wp-content\/uploads\/2023\/03\/app-icon-white-bg-jpg.jpg","contentUrl":"https:\/\/www.blackfridaydeals.ch\/wp-content\/uploads\/2023\/03\/app-icon-white-bg-jpg.jpg","width":512,"height":512,"caption":"blackfridaydeals.ch"},"image":{"@id":"https:\/\/www.blackfridaydeals.ch\/fr\/#\/schema\/logo\/image\/"},"sameAs":["https:\/\/www.facebook.com\/blackfridaydealsch\/","https:\/\/twitter.com\/blackfridaych","https:\/\/www.youtube.com\/channel\/UCNKXHacMw8AS34mBgzVx3FQ","https:\/\/www.instagram.com\/blackfridaydeals.ch\/"]}]}},"_links":{"self":[{"href":"https:\/\/www.blackfridaydeals.ch\/fr\/wp-json\/wp\/v2\/pages\/37382"}],"collection":[{"href":"https:\/\/www.blackfridaydeals.ch\/fr\/wp-json\/wp\/v2\/pages"}],"about":[{"href":"https:\/\/www.blackfridaydeals.ch\/fr\/wp-json\/wp\/v2\/types\/page"}],"author":[{"embeddable":true,"href":"https:\/\/www.blackfridaydeals.ch\/fr\/wp-json\/wp\/v2\/users\/309"}],"replies":[{"embeddable":true,"href":"https:\/\/www.blackfridaydeals.ch\/fr\/wp-json\/wp\/v2\/comments?post=37382"}],"version-history":[{"count":13,"href":"https:\/\/www.blackfridaydeals.ch\/fr\/wp-json\/wp\/v2\/pages\/37382\/revisions"}],"predecessor-version":[{"id":98848,"href":"https:\/\/www.blackfridaydeals.ch\/fr\/wp-json\/wp\/v2\/pages\/37382\/revisions\/98848"}],"wp:featuredmedia":[{"embeddable":true,"href":"https:\/\/www.blackfridaydeals.ch\/fr\/wp-json\/wp\/v2\/media\/36603"}],"wp:attachment":[{"href":"https:\/\/www.blackfridaydeals.ch\/fr\/wp-json\/wp\/v2\/media?parent=37382"}],"curies":[{"name":"wp","href":"https:\/\/api.w.org\/{rel}","templated":true}]}}