{"id":34842,"date":"2021-04-28T11:38:28","date_gmt":"2021-04-28T09:38:28","guid":{"rendered":"https:\/\/www.blackfridaydeals.ch\/?page_id=34842"},"modified":"2025-02-07T15:36:40","modified_gmt":"2025-02-07T14:36:40","slug":"monerio-cashback","status":"publish","type":"page","link":"https:\/\/www.blackfridaydeals.ch\/fr\/monerio-cashback\/","title":{"rendered":"Monerio Cashback &#8211; R\u00e9ductions suppl\u00e9mentaires pour le Black Friday gr\u00e2ce au cashback"},"content":{"rendered":"<p><img decoding=\"async\" class=\"alignright size-medium wp-image-34630\" src=\"https:\/\/www.blackfridaydeals.ch\/wp-content\/uploads\/2021\/04\/monerio-icon-300x300.png\" alt=\"\" width=\"300\" height=\"300\" srcset=\"https:\/\/www.blackfridaydeals.ch\/wp-content\/uploads\/2021\/04\/monerio-icon-300x300.png 300w, https:\/\/www.blackfridaydeals.ch\/wp-content\/uploads\/2021\/04\/monerio-icon-1024x1024.png 1024w, https:\/\/www.blackfridaydeals.ch\/wp-content\/uploads\/2021\/04\/monerio-icon-150x150.png 150w, https:\/\/www.blackfridaydeals.ch\/wp-content\/uploads\/2021\/04\/monerio-icon-768x768.png 768w, https:\/\/www.blackfridaydeals.ch\/wp-content\/uploads\/2021\/04\/monerio-icon-1536x1536.png 1536w, https:\/\/www.blackfridaydeals.ch\/wp-content\/uploads\/2021\/04\/monerio-icon-2048x2048.png 2048w, https:\/\/www.blackfridaydeals.ch\/wp-content\/uploads\/2021\/04\/monerio-icon-788x788.png 788w, https:\/\/www.blackfridaydeals.ch\/wp-content\/uploads\/2021\/04\/monerio-icon-640x640.png 640w, https:\/\/www.blackfridaydeals.ch\/wp-content\/uploads\/2021\/04\/monerio-icon-96x96.png 96w\" sizes=\"(max-width: 300px) 100vw, 300px\" \/>R\u00e9ductions suppl\u00e9mentaires pour le Black Friday gr\u00e2ce au cashback chez Monerio<br \/>\n\u00c0 l\u2019occasion du Black Friday, plusieurs magasins suisses proposent des r\u00e9ductions assez substantielles \u00e0 l\u2019avantage de leurs clients. Ainsi, vous pourrez \u00e9conomiser beaucoup d&#8217;argent. C\u2019est aussi l\u2019occasion id\u00e9ale pour d\u00e9couvrir des offres difficiles \u00e0 trouver pendant le reste de l&#8217;ann\u00e9e. Comme la plupart des grandes entreprises suisses participent d\u00e9sormais \u00e0 l&#8217;\u00e9v\u00e9nement, il y a de fortes chances que vous tombiez sur des bons plans dans un large \u00e9ventail de secteurs.<\/p>\n<p>Vous d\u00e9couvrirez ici les promotions du Black Friday qui fera certainement votre bonheur. Nous vous r\u00e9v\u00e9lerons \u00e9galement comment obtenir des remises suppl\u00e9mentaires gr\u00e2ce au programme de cashback de <a href=\"https:\/\/monerio.ch\/\">Monerio<\/a> lorsque vous faites des achats durant le Black Friday. Ainsi, vous vivrez un \u00e9v\u00e9nement commercial particuli\u00e8rement lucratif dont vous vous souviendrez pendant des ann\u00e9es.<\/p>\n<p>&nbsp;<\/p>\n<h2>Le cashback expliqu\u00e9 simplement &#8211; Voici comment vous pouvez \u00e9conomiser gr\u00e2ce au programme<\/h2>\n<p>Le cashback est un syst\u00e8me de r\u00e9compense qui permet aux membres de tirer avantage des r\u00e9ductions suppl\u00e9mentaires dans certains magasins. Il suffit de s&#8217;inscrire et de cr\u00e9er un compte pour commencer. Chez Monerio, votre compte est toujours gratuit, vous ne prenez donc aucun risque. Tout en restant connect\u00e9 \u00e0 votre portail de cashback, il vous suffit de faire vos achats dans les magasins partenaires de l&#8217;entreprise et de b\u00e9n\u00e9ficier de r\u00e9ductions. La plupart du temps, vous aurez droit \u00e0 une r\u00e9duction suppl\u00e9mentaire, mais le montant peut toujours varier. Il est parfois possible d&#8217;obtenir jusqu&#8217;\u00e0 une r\u00e9duction de 20\u00a0% gr\u00e2ce \u00e0 un portail de cashback comme c\u2019est le cas avec Monerio.<\/p>\n<p>L&#8217;argent que vous \u00e9conomisez est cr\u00e9dit\u00e9 sur votre compte de cashback. Vous pouvez ensuite le transf\u00e9rer sur votre compte courant. Toutefois, vous devez garder \u00e0 l&#8217;esprit qu&#8217;il existe g\u00e9n\u00e9ralement un montant minimum \u00e0 retirer. Chez Monerio, vous pouvez retirer votre cr\u00e9dit \u00e0 partir de 10 CHF seulement. Vous pouvez \u00e9galement acc\u00e9der \u00e0 votre cr\u00e9dit via PayPal, par exemple.<\/p>\n<p>Monerio a conclu des accords de partenariat avec plus de 600 magasins suisses. Vous avez donc un choix assez large en mati\u00e8re d&#8217;offres de cashback, que ce soit au <a href=\"https:\/\/www.blackfridaydeals.ch\/fr\/\">Black Friday<\/a> ou non. Chaque commer\u00e7ant propose ses propres r\u00e9ductions dans sa gamme, il vaut mieux donc que vous compariez les offres. Une fois que votre commande a \u00e9t\u00e9 confirm\u00e9e par un magasin, le montant sera cr\u00e9dit\u00e9 sur votre compte.<\/p>\n<p>&nbsp;<\/p>\n<h2>Ces magasins participent \u00e0 des promotions de cashback chez Monerio.<\/h2>\n<p>Monerio a conclu un accord de partenariat avec des centaines de magasins suisses, ce qui vous permet de b\u00e9n\u00e9ficier d&#8217;avantages en mati\u00e8re de cashback aupr\u00e8s d&#8217;une large panoplie d&#8217;entreprises. Les offres vous permettent d&#8217;obtenir rapidement un aper\u00e7u, tant des fournisseurs individuels que des cat\u00e9gories de produits. Il est ainsi facile de trouver des offres rentables pour vous, quel que soit le secteur des articles qui vous int\u00e9ressent. Voici quelques magasins o\u00f9 vous pouvez b\u00e9n\u00e9ficier de cashback chez Monerio\u00a0:<\/p>\n<ul>\n<li><a href=\"https:\/\/www.blackfridaydeals.ch\/wp-content\/uploads\/2021\/04\/monerio-cashback-app.jpg\"><img decoding=\"async\" class=\"alignright size-medium wp-image-34639\" src=\"https:\/\/www.blackfridaydeals.ch\/wp-content\/uploads\/2021\/04\/monerio-cashback-app-300x152.jpg\" alt=\"\" width=\"300\" height=\"152\" srcset=\"https:\/\/www.blackfridaydeals.ch\/wp-content\/uploads\/2021\/04\/monerio-cashback-app-300x152.jpg 300w, https:\/\/www.blackfridaydeals.ch\/wp-content\/uploads\/2021\/04\/monerio-cashback-app.jpg 1024w, https:\/\/www.blackfridaydeals.ch\/wp-content\/uploads\/2021\/04\/monerio-cashback-app-768x390.jpg 768w, https:\/\/www.blackfridaydeals.ch\/wp-content\/uploads\/2021\/04\/monerio-cashback-app-1536x780.jpg 1536w, https:\/\/www.blackfridaydeals.ch\/wp-content\/uploads\/2021\/04\/monerio-cashback-app-2048x1040.jpg 2048w, https:\/\/www.blackfridaydeals.ch\/wp-content\/uploads\/2021\/04\/monerio-cashback-app-788x400.jpg 788w, https:\/\/www.blackfridaydeals.ch\/wp-content\/uploads\/2021\/04\/monerio-cashback-app-150x76.jpg 150w\" sizes=\"(max-width: 300px) 100vw, 300px\" \/><\/a><a href=\"https:\/\/monerio.ch\/store\/manor\">Manor<\/a><\/li>\n<li><a href=\"https:\/\/monerio.ch\/store\/ochsner-shoes\">Ochsner Shoes<\/a><\/li>\n<li><a href=\"https:\/\/monerio.ch\/store\/swiss\">Swiss<\/a><\/li>\n<li><a href=\"https:\/\/monerio.ch\/store\/orell-fuessli\">Orell F\u00fcssli<\/a><\/li>\n<li><a href=\"https:\/\/monerio.ch\/store\/conforama\">Conforama<\/a><\/li>\n<li><a href=\"https:\/\/monerio.ch\/store\/jumbo\">Jumbo<\/a><\/li>\n<\/ul>\n<p>En plus de ces fournisseurs, plusieurs autres entreprises participent aux promotions de cashback chez Monerio. Vous pouvez consulter <a href=\"https:\/\/monerio.ch\/all-stores\">tous les magasins sur le site web<\/a>, o\u00f9 vous serez \u00e9galement inform\u00e9 des \u00e9ventuelles remises en esp\u00e8ces.<\/p>\n<p>Au Black Friday, il y a toujours des remises particuli\u00e8rement avantageuses dont vous pourrez tirer profit. Cela peut \u00e9galement se remarquer dans les promotions de cashback des diff\u00e9rents fournisseurs. C\u2019est pourquoi, il serait utile pour \u00eatre \u00e0 la page que vous gardiez un \u0153il sur les diff\u00e9rentes promotions pendant les grands \u00e9v\u00e9nements commerciaux. Ainsi, au Black Friday, au <a href=\"https:\/\/www.blackfridaydeals.ch\/fr\/cyber-monday\/\">Cyber Monday<\/a> et m\u00eame au <a href=\"https:\/\/www.blackfridaydeals.ch\/fr\/singles-day\/\">Singles Day<\/a>, vous pouvez tirer \u00e9norm\u00e9ment avantage des remises suppl\u00e9mentaires gr\u00e2ce au cashback.<\/p>\n<p>&nbsp;<\/p>\n<h2>Voici comment les rabais fructueux de cashback arrivent\u00a0!<\/h2>\n<p>Le montant de la remise en esp\u00e8ces d\u00e9pend du magasin qui la propose. Il est essentiel, donc que vous compariez les offres de diff\u00e9rentes entreprises, surtout si elles appartiennent au m\u00eame secteur. Il est possible que vous trouviez une diff\u00e9rence significative au niveau de la remise qu\u2019on propose sur l\u2019article que vous souhaitez acheter. En g\u00e9n\u00e9ral, vous pouvez vous attendre \u00e0 recevoir un cashback de 3 \u00e0 10\u00a0%. Toutefois, vous pouvez obtenir des remises beaucoup plus lucratives pour une courte p\u00e9riode aupr\u00e8s de vendeurs individuels. Il y aura parfois des cashback de 20\u00a0%, ce qui vous permettra d&#8217;augmenter sans effort le solde de votre compte Monerio.<\/p>\n<p>Les r\u00e9ductions que vous pouvez obtenir par le biais du cashback changent assez rapidement, vous devez donc toujours rester \u00e0 l&#8217;aff\u00fbt des bonnes promotions. Chez Monerio, les magasins sont r\u00e9pertori\u00e9s en fonction de leur cashback, ce qui vous permet de trouver instantan\u00e9ment les meilleures r\u00e9ductions. En outre, vous pouvez \u00e9conomiser gr\u00e2ce aux codes de r\u00e9duction et aux promotions qui sont \u00e9galement affich\u00e9s. Il est pr\u00e9f\u00e9rable de consulter souvent le site si vous voulez d\u00e9couvrir des offres particuli\u00e8rement attrayantes.<\/p>\n<p>&nbsp;<\/p>\n<h2>Profitez des autres codes de r\u00e9duction et des promotions au Black Friday.<\/h2>\n<p><a href=\"https:\/\/www.blackfridaydeals.ch\/wp-content\/uploads\/2021\/04\/1-scaled.jpg\"><img decoding=\"async\" class=\"alignright size-medium wp-image-34633\" src=\"https:\/\/www.blackfridaydeals.ch\/wp-content\/uploads\/2021\/04\/1-300x188.jpg\" alt=\"\" width=\"300\" height=\"188\" srcset=\"https:\/\/www.blackfridaydeals.ch\/wp-content\/uploads\/2021\/04\/1-300x188.jpg 300w, https:\/\/www.blackfridaydeals.ch\/wp-content\/uploads\/2021\/04\/1-1024x640.jpg 1024w, https:\/\/www.blackfridaydeals.ch\/wp-content\/uploads\/2021\/04\/1-768x480.jpg 768w, https:\/\/www.blackfridaydeals.ch\/wp-content\/uploads\/2021\/04\/1-1536x960.jpg 1536w, https:\/\/www.blackfridaydeals.ch\/wp-content\/uploads\/2021\/04\/1-2048x1280.jpg 2048w, https:\/\/www.blackfridaydeals.ch\/wp-content\/uploads\/2021\/04\/1-788x492.jpg 788w, https:\/\/www.blackfridaydeals.ch\/wp-content\/uploads\/2021\/04\/1-150x94.jpg 150w\" sizes=\"(max-width: 300px) 100vw, 300px\" \/><\/a>Pendant le Black Friday, vous pourrez trouver des promotions exceptionnellement substantielles dans de nombreux magasins, ce qui peut \u00e9galement influencer les offres de cashback. En profitant \u00e0 la fois du cashback et des promotions du Black Friday, vous pourrez faire d&#8217;\u00e9normes \u00e9conomies pendant l&#8217;\u00e9v\u00e9nement commercial. Cependant, m\u00eame en dehors des grands \u00e9v\u00e9nements de shopping, il existe toujours des coupons qui peuvent vous permettre d\u2019avoir des r\u00e9ductions. Chez Monerio, vous pouvez facilement les trouver en faisant d\u00e9filer la page d&#8217;accueil. Voici quelques exemples de codes de r\u00e9duction qui ont \u00e9t\u00e9 d\u00e9j\u00e0 offerts\u00a0:<\/p>\n<ul>\n<li>Cadeau de 20 CHF pour les nouveaux clients \u00e0 partir d&#8217;un montant de commande de 60 CHF.<\/li>\n<li>Jusqu&#8217;\u00e0 50 % de r\u00e9duction sur les produits s\u00e9lectionn\u00e9s<\/li>\n<li>10 % de r\u00e9duction pour l&#8217;inscription \u00e0 la newsletter<\/li>\n<li>40 % de r\u00e9duction sur les articles s\u00e9lectionn\u00e9s en solde<\/li>\n<li>3 % d&#8217;escompte pour paiement anticip\u00e9<\/li>\n<\/ul>\n<p>Comme vous pouvez le constater, m\u00eame en dehors du Black Friday, il existe des promotions int\u00e9ressantes qui peuvent vous rapporter gros. La plupart du temps, vous devez saisir un code de r\u00e9duction, ou \u00eatre un nouveau client ou remplir d&#8217;autres conditions. En ce qui concerne Monerio, nous vous informerons de toutes les conditions de chaque code promo, afin que vous puissiez commencer \u00e0 \u00e9conomiser d\u00e8s maintenant. Vous pouvez m\u00eame b\u00e9n\u00e9ficier de temps en temps d&#8217;un cashback gratuit lorsque vous vous inscrivez \u00e0 des abonnements d&#8217;essai, par exemple. La plupart de ces bons peuvent \u00eatre combin\u00e9s avec des remises en esp\u00e8ces, ce qui vous permet de faire de bonnes affaires.<\/p>\n<h2>Questions fr\u00e9quemment pos\u00e9es &#8211; Cashback et Black Friday<\/h2>\n<p><strong>Tous les magasins qui participent au &#8220;Black Friday&#8221; offrent-ils \u00e9galement des remises en esp\u00e8ces\u00a0?<\/strong><\/p>\n<p>En Suisse, de nombreuses entreprises participent d\u00e9sormais au Black Friday, mais toutes ne proposent pas de cashback. Bien s\u00fbr, les magasins o\u00f9 vous pouvez obtenir les deux sont particuli\u00e8rement int\u00e9ressants. Gr\u00e2ce \u00e0 Monerio, vous pouvez trouver ces fournisseurs rapidement si vous recherchez des offres pour le Black Friday.<\/p>\n<p><strong>Comment puis-je m&#8217;assurer que mon cashback est enregistr\u00e9\u00a0?<\/strong><\/p>\n<p>En raison des param\u00e8tres du navigateur, des bloqueurs de publicit\u00e9 ou de la visite de sites de coupons, votre cashback peut ne pas \u00eatre automatiquement captur\u00e9. Dans ce cas, il vous suffit de contacter l&#8217;\u00e9quipe du service client\u00e8le de Monerio, qui pourra vous aider rapidement et organiser une nouvelle facturation. Pour \u00e9viter ces probl\u00e8mes, il peut \u00eatre utile de cr\u00e9er un profil de navigateur distinct pour Monerio, dans lequel vous n&#8217;utilisez pas d&#8217;autres plug-ins. De cette fa\u00e7on, votre cashback devrait toujours \u00eatre enregistr\u00e9 automatiquement.<\/p>\n<p><strong>Comment puis-je m&#8217;inscrire \u00e0 Monerio\u00a0?<\/strong><\/p>\n<p>Pour vous inscrire \u00e0 Monerio, il vous suffit de saisir une adresse \u00e9lectronique et de choisir un mot de passe. Apr\u00e8s avoir confirm\u00e9 votre adresse e-mail, vous pouvez commencer \u00e0 b\u00e9n\u00e9ficier de cashback. L&#8217;inscription est gratuite ainsi que le retrait des cr\u00e9dits, il n&#8217;y a donc aucun co\u00fbt suppl\u00e9mentaire avec Monerio. En outre, vous pouvez parfois avoir droit \u00e0 diff\u00e9rentes promotions, par exemple sous la forme d&#8217;un cr\u00e9dit de d\u00e9part, lorsque vous cr\u00e9ez un nouveau compte client,<\/p>\n<p><strong>Comment puis-je garder une vue d&#8217;ensemble sur les magasins qui offrent des cashback\u00a0?<\/strong><\/p>\n<p>\u00c9tant donn\u00e9 que de nombreux magasins participent d\u00e9j\u00e0 \u00e0 Monerio, il peut \u00eatre difficile de savoir si le fournisseur qui vous int\u00e9resse fait partie du programme d&#8217;affiliation. En t\u00e9l\u00e9chargeant l&#8217;extension de navigateur de Monerio, vous obtiendrez un indice lorsque vous ach\u00e8terez sur une boutique affili\u00e9e. Ainsi, vous pouvez b\u00e9n\u00e9ficier de cashback en un seul clic et ne jamais manquer les bonnes affaires.<\/p>\n<p>&nbsp;<\/p>\n<h3>D\u2019autres articles int\u00e9ressants<\/h3>\n<ul>\n<li><a href=\"https:\/\/www.blackfridaydeals.ch\/fr\/airpods-black-friday\/\">AirPods Black Friday 2026<\/a><\/li>\n<li><a href=\"https:\/\/www.blackfridaydeals.ch\/fr\/macbooks-black-friday\/\">Les meilleurs MacBooks en offre sp\u00e9ciale au Black Friday 2026<\/a><\/li>\n<li><a href=\"https:\/\/www.blackfridaydeals.ch\/fr\/lipad-au-black-friday\/\">L\u2019iPad d\u2019Apple offre une touche high-tech au Black Friday 2026<\/a><\/li>\n<li><a href=\"https:\/\/www.blackfridaydeals.ch\/fr\/microsoft-surface-au-black-friday\/\">Obtenez votre Microsoft Surface au Black Friday 2026<\/a><\/li>\n<li><a href=\"https:\/\/www.blackfridaydeals.ch\/fr\/apple-watch-black-friday\/\">Apple Watch Series 6 Black Friday 2026<\/a><\/li>\n<li><a href=\"https:\/\/www.blackfridaydeals.ch\/fr\/abo-mobile-black-friday\/\">Les meilleurs abonnements de t\u00e9l\u00e9phonie mobile au Black Friday<\/a><\/li>\n<li><a href=\"https:\/\/www.blackfridaydeals.ch\/fr\/smartphones-black-friday\/\">Les derniers smartphones en vedette<\/a><\/li>\n<li><a href=\"https:\/\/www.blackfridaydeals.ch\/fr\/bijouterie-black-friday\/\">Les offres au Black Friday 2026 dans l\u2019univers de la bijouterie<\/a><\/li>\n<li><a href=\"https:\/\/www.blackfridaydeals.ch\/fr\/airpods-black-friday\/\">Les \u00e9couteurs Bluetooth AirPods d\u2019Apple au Black Friday 2026<\/a><\/li>\n<\/ul>\n","protected":false},"excerpt":{"rendered":"<p>R\u00e9ductions suppl\u00e9mentaires pour le Black Friday gr\u00e2ce au cashback chez Monerio \u00c0 l\u2019occasion du Black Friday, plusieurs magasins suisses proposent des r\u00e9ductions assez substantielles \u00e0 l\u2019avantage de leurs clients. Ainsi, vous pourrez \u00e9conomiser beaucoup d&#8217;argent. C\u2019est aussi l\u2019occasion id\u00e9ale pour d\u00e9couvrir des offres difficiles \u00e0 trouver pendant le reste de l&#8217;ann\u00e9e. Comme la plupart des [&hellip;]<\/p>\n","protected":false},"author":40,"featured_media":34630,"parent":0,"menu_order":0,"comment_status":"closed","ping_status":"closed","template":"","meta":[],"yoast_head":"<!-- This site is optimized with the Yoast SEO plugin v20.5 - https:\/\/yoast.com\/wordpress\/plugins\/seo\/ -->\n<title>Monerio Cashback - R\u00e9ductions suppl\u00e9mentaires au Black Friday<\/title>\n<meta name=\"description\" content=\"R\u00e9ductions suppl\u00e9mentaires pour le Black Friday gr\u00e2ce au cashback chez Monerio \u00c0 l\u2019occasion du Black Friday, plusieurs magasins suisses proposent des\" \/>\n<meta name=\"robots\" content=\"noindex, follow\" \/>\n<meta property=\"og:locale\" content=\"fr_FR\" \/>\n<meta property=\"og:type\" content=\"article\" \/>\n<meta property=\"og:title\" content=\"Monerio Cashback - R\u00e9ductions suppl\u00e9mentaires au Black Friday\" \/>\n<meta property=\"og:description\" content=\"R\u00e9ductions suppl\u00e9mentaires pour le Black Friday gr\u00e2ce au cashback chez Monerio \u00c0 l\u2019occasion du Black Friday, plusieurs magasins suisses proposent des\" \/>\n<meta property=\"og:url\" content=\"https:\/\/www.blackfridaydeals.ch\/fr\/monerio-cashback\/\" \/>\n<meta property=\"og:site_name\" content=\"blackfridaydeals.ch\" \/>\n<meta property=\"article:publisher\" content=\"https:\/\/www.facebook.com\/blackfridaydealsch\/\" \/>\n<meta property=\"article:modified_time\" content=\"2025-02-07T14:36:40+00:00\" \/>\n<meta property=\"og:image\" content=\"https:\/\/www.blackfridaydeals.ch\/wp-content\/uploads\/2021\/04\/monerio-icon.png\" \/>\n\t<meta property=\"og:image:width\" content=\"2150\" \/>\n\t<meta property=\"og:image:height\" content=\"2150\" \/>\n\t<meta property=\"og:image:type\" content=\"image\/png\" \/>\n<meta name=\"twitter:card\" content=\"summary_large_image\" \/>\n<meta name=\"twitter:site\" content=\"@blackfridaych\" \/>\n<meta name=\"twitter:label1\" content=\"Est. reading time\" \/>\n\t<meta name=\"twitter:data1\" content=\"8 minutes\" \/>\n<script type=\"application\/ld+json\" class=\"yoast-schema-graph\">{\"@context\":\"https:\/\/schema.org\",\"@graph\":[{\"@type\":\"WebPage\",\"@id\":\"https:\/\/www.blackfridaydeals.ch\/fr\/monerio-cashback\/\",\"url\":\"https:\/\/www.blackfridaydeals.ch\/fr\/monerio-cashback\/\",\"name\":\"Monerio Cashback - R\u00e9ductions suppl\u00e9mentaires au Black Friday\",\"isPartOf\":{\"@id\":\"https:\/\/www.blackfridaydeals.ch\/fr\/#website\"},\"datePublished\":\"2021-04-28T09:38:28+00:00\",\"dateModified\":\"2025-02-07T14:36:40+00:00\",\"description\":\"R\u00e9ductions suppl\u00e9mentaires pour le Black Friday gr\u00e2ce au cashback chez Monerio \u00c0 l\u2019occasion du Black Friday, plusieurs magasins suisses proposent des\",\"breadcrumb\":{\"@id\":\"https:\/\/www.blackfridaydeals.ch\/fr\/monerio-cashback\/#breadcrumb\"},\"inLanguage\":\"fr-CH\",\"potentialAction\":[{\"@type\":\"ReadAction\",\"target\":[\"https:\/\/www.blackfridaydeals.ch\/fr\/monerio-cashback\/\"]}]},{\"@type\":\"BreadcrumbList\",\"@id\":\"https:\/\/www.blackfridaydeals.ch\/fr\/monerio-cashback\/#breadcrumb\",\"itemListElement\":[{\"@type\":\"ListItem\",\"position\":1,\"name\":\"Startseite\",\"item\":\"https:\/\/www.blackfridaydeals.ch\/fr\/\"},{\"@type\":\"ListItem\",\"position\":2,\"name\":\"Monerio Cashback &#8211; R\u00e9ductions suppl\u00e9mentaires pour le Black Friday gr\u00e2ce au cashback\"}]},{\"@type\":\"WebSite\",\"@id\":\"https:\/\/www.blackfridaydeals.ch\/fr\/#website\",\"url\":\"https:\/\/www.blackfridaydeals.ch\/fr\/\",\"name\":\"blackfridaydeals.ch\",\"description\":\"Toutes les offres du Black Friday 2025 en Suisse\",\"publisher\":{\"@id\":\"https:\/\/www.blackfridaydeals.ch\/fr\/#organization\"},\"alternateName\":\"Black Friday Deals\",\"potentialAction\":[{\"@type\":\"SearchAction\",\"target\":{\"@type\":\"EntryPoint\",\"urlTemplate\":\"https:\/\/www.blackfridaydeals.ch\/fr\/?s={search_term_string}\"},\"query-input\":\"required name=search_term_string\"}],\"inLanguage\":\"fr-CH\"},{\"@type\":\"Organization\",\"@id\":\"https:\/\/www.blackfridaydeals.ch\/fr\/#organization\",\"name\":\"blackfridaydeals.ch\",\"alternateName\":\"Black Friday Deals\",\"url\":\"https:\/\/www.blackfridaydeals.ch\/fr\/\",\"logo\":{\"@type\":\"ImageObject\",\"inLanguage\":\"fr-CH\",\"@id\":\"https:\/\/www.blackfridaydeals.ch\/fr\/#\/schema\/logo\/image\/\",\"url\":\"https:\/\/www.blackfridaydeals.ch\/wp-content\/uploads\/2023\/03\/app-icon-white-bg-jpg.jpg\",\"contentUrl\":\"https:\/\/www.blackfridaydeals.ch\/wp-content\/uploads\/2023\/03\/app-icon-white-bg-jpg.jpg\",\"width\":512,\"height\":512,\"caption\":\"blackfridaydeals.ch\"},\"image\":{\"@id\":\"https:\/\/www.blackfridaydeals.ch\/fr\/#\/schema\/logo\/image\/\"},\"sameAs\":[\"https:\/\/www.facebook.com\/blackfridaydealsch\/\",\"https:\/\/twitter.com\/blackfridaych\",\"https:\/\/www.youtube.com\/channel\/UCNKXHacMw8AS34mBgzVx3FQ\",\"https:\/\/www.instagram.com\/blackfridaydeals.ch\/\"]}]}<\/script>\n<!-- \/ Yoast SEO plugin. -->","yoast_head_json":{"title":"Monerio Cashback - R\u00e9ductions suppl\u00e9mentaires au Black Friday","description":"R\u00e9ductions suppl\u00e9mentaires pour le Black Friday gr\u00e2ce au cashback chez Monerio \u00c0 l\u2019occasion du Black Friday, plusieurs magasins suisses proposent des","robots":{"index":"noindex","follow":"follow"},"og_locale":"fr_FR","og_type":"article","og_title":"Monerio Cashback - R\u00e9ductions suppl\u00e9mentaires au Black Friday","og_description":"R\u00e9ductions suppl\u00e9mentaires pour le Black Friday gr\u00e2ce au cashback chez Monerio \u00c0 l\u2019occasion du Black Friday, plusieurs magasins suisses proposent des","og_url":"https:\/\/www.blackfridaydeals.ch\/fr\/monerio-cashback\/","og_site_name":"blackfridaydeals.ch","article_publisher":"https:\/\/www.facebook.com\/blackfridaydealsch\/","article_modified_time":"2025-02-07T14:36:40+00:00","og_image":[{"width":2150,"height":2150,"url":"https:\/\/www.blackfridaydeals.ch\/wp-content\/uploads\/2021\/04\/monerio-icon.png","type":"image\/png"}],"twitter_card":"summary_large_image","twitter_site":"@blackfridaych","twitter_misc":{"Est. reading time":"8 minutes"},"schema":{"@context":"https:\/\/schema.org","@graph":[{"@type":"WebPage","@id":"https:\/\/www.blackfridaydeals.ch\/fr\/monerio-cashback\/","url":"https:\/\/www.blackfridaydeals.ch\/fr\/monerio-cashback\/","name":"Monerio Cashback - R\u00e9ductions suppl\u00e9mentaires au Black Friday","isPartOf":{"@id":"https:\/\/www.blackfridaydeals.ch\/fr\/#website"},"datePublished":"2021-04-28T09:38:28+00:00","dateModified":"2025-02-07T14:36:40+00:00","description":"R\u00e9ductions suppl\u00e9mentaires pour le Black Friday gr\u00e2ce au cashback chez Monerio \u00c0 l\u2019occasion du Black Friday, plusieurs magasins suisses proposent des","breadcrumb":{"@id":"https:\/\/www.blackfridaydeals.ch\/fr\/monerio-cashback\/#breadcrumb"},"inLanguage":"fr-CH","potentialAction":[{"@type":"ReadAction","target":["https:\/\/www.blackfridaydeals.ch\/fr\/monerio-cashback\/"]}]},{"@type":"BreadcrumbList","@id":"https:\/\/www.blackfridaydeals.ch\/fr\/monerio-cashback\/#breadcrumb","itemListElement":[{"@type":"ListItem","position":1,"name":"Startseite","item":"https:\/\/www.blackfridaydeals.ch\/fr\/"},{"@type":"ListItem","position":2,"name":"Monerio Cashback &#8211; R\u00e9ductions suppl\u00e9mentaires pour le Black Friday gr\u00e2ce au cashback"}]},{"@type":"WebSite","@id":"https:\/\/www.blackfridaydeals.ch\/fr\/#website","url":"https:\/\/www.blackfridaydeals.ch\/fr\/","name":"blackfridaydeals.ch","description":"Toutes les offres du Black Friday 2025 en Suisse","publisher":{"@id":"https:\/\/www.blackfridaydeals.ch\/fr\/#organization"},"alternateName":"Black Friday Deals","potentialAction":[{"@type":"SearchAction","target":{"@type":"EntryPoint","urlTemplate":"https:\/\/www.blackfridaydeals.ch\/fr\/?s={search_term_string}"},"query-input":"required name=search_term_string"}],"inLanguage":"fr-CH"},{"@type":"Organization","@id":"https:\/\/www.blackfridaydeals.ch\/fr\/#organization","name":"blackfridaydeals.ch","alternateName":"Black Friday Deals","url":"https:\/\/www.blackfridaydeals.ch\/fr\/","logo":{"@type":"ImageObject","inLanguage":"fr-CH","@id":"https:\/\/www.blackfridaydeals.ch\/fr\/#\/schema\/logo\/image\/","url":"https:\/\/www.blackfridaydeals.ch\/wp-content\/uploads\/2023\/03\/app-icon-white-bg-jpg.jpg","contentUrl":"https:\/\/www.blackfridaydeals.ch\/wp-content\/uploads\/2023\/03\/app-icon-white-bg-jpg.jpg","width":512,"height":512,"caption":"blackfridaydeals.ch"},"image":{"@id":"https:\/\/www.blackfridaydeals.ch\/fr\/#\/schema\/logo\/image\/"},"sameAs":["https:\/\/www.facebook.com\/blackfridaydealsch\/","https:\/\/twitter.com\/blackfridaych","https:\/\/www.youtube.com\/channel\/UCNKXHacMw8AS34mBgzVx3FQ","https:\/\/www.instagram.com\/blackfridaydeals.ch\/"]}]}},"_links":{"self":[{"href":"https:\/\/www.blackfridaydeals.ch\/fr\/wp-json\/wp\/v2\/pages\/34842"}],"collection":[{"href":"https:\/\/www.blackfridaydeals.ch\/fr\/wp-json\/wp\/v2\/pages"}],"about":[{"href":"https:\/\/www.blackfridaydeals.ch\/fr\/wp-json\/wp\/v2\/types\/page"}],"author":[{"embeddable":true,"href":"https:\/\/www.blackfridaydeals.ch\/fr\/wp-json\/wp\/v2\/users\/40"}],"replies":[{"embeddable":true,"href":"https:\/\/www.blackfridaydeals.ch\/fr\/wp-json\/wp\/v2\/comments?post=34842"}],"version-history":[{"count":13,"href":"https:\/\/www.blackfridaydeals.ch\/fr\/wp-json\/wp\/v2\/pages\/34842\/revisions"}],"predecessor-version":[{"id":98827,"href":"https:\/\/www.blackfridaydeals.ch\/fr\/wp-json\/wp\/v2\/pages\/34842\/revisions\/98827"}],"wp:featuredmedia":[{"embeddable":true,"href":"https:\/\/www.blackfridaydeals.ch\/fr\/wp-json\/wp\/v2\/media\/34630"}],"wp:attachment":[{"href":"https:\/\/www.blackfridaydeals.ch\/fr\/wp-json\/wp\/v2\/media?parent=34842"}],"curies":[{"name":"wp","href":"https:\/\/api.w.org\/{rel}","templated":true}]}}