{"id":26638,"date":"2020-10-22T14:30:08","date_gmt":"2020-10-22T12:30:08","guid":{"rendered":"https:\/\/www.blackfridaydeals.ch\/?page_id=26638"},"modified":"2024-11-08T18:00:39","modified_gmt":"2024-11-08T17:00:39","slug":"bijouterie-black-friday","status":"publish","type":"page","link":"https:\/\/www.blackfridaydeals.ch\/fr\/bijouterie-black-friday\/","title":{"rendered":"Les offres au Black Friday dans l\u2019univers de la bijouterie"},"content":{"rendered":"<p>[vc_row][vc_column]\n[vc_column_text]<\/p>\n<p style=\"text-align: center;\"><a href=\"https:\/\/www.blackfridaydeals.ch\/fr\/mode-bijoux\/\" target=\"_blank\" style=\"border-radius:5px\" class=\"wpsm-button btncolor medium rehub_btn_color\"><i class=\"rhicon rhi-none\"><\/i>D\u00e9couvrez les meilleures offres de produits de bijouterie<\/a><\/p>\n<p><img decoding=\"async\" class=\"alignright size-medium wp-image-26526\" style=\"text-align: center;\" src=\"https:\/\/www.blackfridaydeals.ch\/wp-content\/uploads\/2020\/10\/Black-Friday-Schmuck-Angebote-300x200.jpg\" alt=\"\" width=\"300\" height=\"200\" srcset=\"https:\/\/www.blackfridaydeals.ch\/wp-content\/uploads\/2020\/10\/Black-Friday-Schmuck-Angebote-300x200.jpg 300w, https:\/\/www.blackfridaydeals.ch\/wp-content\/uploads\/2020\/10\/Black-Friday-Schmuck-Angebote-1024x682.jpg 1024w, https:\/\/www.blackfridaydeals.ch\/wp-content\/uploads\/2020\/10\/Black-Friday-Schmuck-Angebote-767x511.jpg 767w, https:\/\/www.blackfridaydeals.ch\/wp-content\/uploads\/2020\/10\/Black-Friday-Schmuck-Angebote-1536x1024.jpg 1536w, https:\/\/www.blackfridaydeals.ch\/wp-content\/uploads\/2020\/10\/Black-Friday-Schmuck-Angebote-2048x1365.jpg 2048w, https:\/\/www.blackfridaydeals.ch\/wp-content\/uploads\/2020\/10\/Black-Friday-Schmuck-Angebote-788x525.jpg 788w, https:\/\/www.blackfridaydeals.ch\/wp-content\/uploads\/2020\/10\/Black-Friday-Schmuck-Angebote.jpg 1280w\" sizes=\"(max-width: 300px) 100vw, 300px\" \/><span style=\"text-align: center;\"><\/span><\/p>\n<p>Qu\u2019il s\u2019agisse de bracelets, de bagues, de montres-bracelets, de boucles d\u2019oreilles ou de colliers, les bijoux accompagnent nombre d\u2019entre nous tout au long de notre vie. De nos jours, il existe un grand nombre de fournisseurs qui vendent tout un assortiment de bijoux sous diff\u00e9rentes formes. Il s\u2019agit notamment de boutiques sp\u00e9cialis\u00e9es, de grands magasins et de cha\u00eenes de mode. Vous avez le choix entre des articles en m\u00e9taux pr\u00e9cieux au \u00ab caratage \u00bb \u00e9lev\u00e9 et des bijoux de fantaisie bon march\u00e9 avec des pierres d\u00e9coratives. Dans la plupart des cas, le prix joue le r\u00f4le le plus important pour prendre une d\u00e9cision. Une occasion id\u00e9ale pour d\u00e9couvrir des bijoux \u00e0 moindre prix est le Black Friday. Chaque ann\u00e9e, plusieurs entreprises participent \u00e0 cet \u00e9v\u00e9nement et g\u00e2tent les clients avec des r\u00e9ductions uniques. D\u00e9couvrez ici les march\u00e9s qui pourraient \u00eatre conclus cette ann\u00e9e dans l\u2019univers de la bijouterie !<\/p>\n<h2>Les principaux fournisseurs de bijoux au Black Friday en un coup d\u2019\u0153il<\/h2>\n<p>Le Black Friday constitue la meilleure opportunit\u00e9 pour s\u2019offrir des bijoux avec des r\u00e9ductions importantes essentiellement dans les magasins qui avaient d\u00e9j\u00e0 particip\u00e9 \u00e0 l\u2019\u00e9v\u00e9nement dans le pass\u00e9. Comme les entreprises en Suisse qui c\u00e9l\u00e8brent le Black Friday sont nombreuses et proposent une large gamme de bijoux, le choix est en effet \u00e9norme. Vous trouverez ici un aper\u00e7u des magasins qui se sont distingu\u00e9s\u00a0:<\/p>\n<ul>\n<li><a href=\"https:\/\/www.blackfridaydeals.ch\/fr\/shops\/christ-montres-bijoux\/\">CHRIST<\/a><\/li>\n<li><a href=\"https:\/\/www.blackfridaydeals.ch\/fr\/shops\/manor-fr\/\">Manor<\/a><\/li>\n<li><a href=\"https:\/\/www.blackfridaydeals.ch\/fr\/shops\/amazon-fr\/\">Amazon<\/a><\/li>\n<\/ul>\n<p>Ces commer\u00e7ants pourraient marquer encore leur pr\u00e9sence cette ann\u00e9e lors du Black Friday. Par ailleurs, il y a de fortes chances que d\u2019autres entreprises suivent la tendance et participent \u00e9galement \u00e0 l\u2019\u00e9v\u00e9nement. Dans l\u2019ensemble, nous nous attendons \u00e0 d\u00e9couvrir de meilleures offres au Black Friday 2026 jamais r\u00e9alis\u00e9es auparavant. Mais pour \u00e9tablir une \u00e9valuation, nous devons d\u2019abord examiner les bons plans conclus jusqu\u2019\u00e0 pr\u00e9sent.<\/p>\n<h2>Les offres en bijoux au Black Friday pass\u00e9<\/h2>\n<p>Ces derni\u00e8res ann\u00e9es, le secteur de la joaillerie avait surpris par des promotions sensationnelles dans le cadre du <a href=\"https:\/\/www.blackfridaydeals.ch\/fr\/\">Black Friday<\/a>. Manor avait offert au Black Friday une r\u00e9duction de 30\u00a0% dans la cat\u00e9gorie des bijoux. Christ avait \u00e9galement propos\u00e9 une r\u00e9duction entre 10 et 30\u00a0% sur les montres et les bijoux. Amazon s\u2019est distingu\u00e9 par une strat\u00e9gie diff\u00e9rente et avait lanc\u00e9 des offres flash sur son assortiment. Il y a toujours eu des offres \u00e9clair en quantit\u00e9s limit\u00e9es qui n\u2019\u00e9taient disponibles que pendant une courte p\u00e9riode. Les bijoux et les montres \u00e9taient \u00e9galement disponibles \u00e0 des prix plus bas, avec parfois d\u2019immenses remises allant jusqu\u2019\u00e0 70\u00a0% et plus.<\/p>\n<p>Il est tout \u00e0 fait envisageable que cette ann\u00e9e encore, certaines entreprises qui avaient conclu de belles affaires par le pass\u00e9 au Black Friday r\u00e9it\u00e8rent leurs actions.<\/p>\n<p>Dans le secteur de la bijouterie, une r\u00e9duction d\u2019environ 30\u00a0% semble tout \u00e0 fait possible. En outre, il se peut que certains articles individuels soient offerts \u00e0 des prix beaucoup plus bas. La saison de shopping de cette ann\u00e9e promet d\u2019\u00eatre passionnante, comme les ann\u00e9es pr\u00e9c\u00e9dentes ou m\u00eame davantage.<\/p>\n<h2>Comment d\u00e9couvrir les meilleurs bijoux au Black Friday<\/h2>\n<p>Les bijoux sont un cadeau royal, tr\u00e8s convoit\u00e9 qui a fait ses preuves tout au long de l\u2019histoire. Cependant, vous devrez trouver un fournisseur dont l\u2019assortiment r\u00e9pond \u00e0 vos attentes. Vous pouvez par exemple trouver un rayon consacr\u00e9 aux bijoux dans plusieurs boutiques de mode et dans les grands magasins. La plupart du temps, vous trouverez des bijoux de fantaisie qui sont assez bon march\u00e9 et qui ont un beau design. Le seul hic, peut-\u00eatre, est que ces bijoux sont g\u00e9n\u00e9ralement fabriqu\u00e9s \u00e0 partir des mat\u00e9riaux de moindre qualit\u00e9. Si vous voulez acheter un bijou haut de gamme, il vous faudra pr\u00e9voir un budget assez substantiel et d\u00e9penser un peu plus\u00a0; mais il vaut probablement mieux dans ce cas vous adresser \u00e0 un joaillier. N\u2019ayez pas peur de demander conseil lorsque vous \u00eates dans un magasin, cela peut vous aider \u00e0 vous rep\u00e9rer devant le grand choix d\u2019articles. En ligne, vous pouvez utiliser des options de filtrage pour faciliter votre recherche.<\/p>\n<p>Pour trouver une boutique en ligne adapt\u00e9e, vous pouvez consulter les offres de certains d\u00e9taillants bien connus. Vous trouverez probablement rapidement un favori dont le style des bijoux correspond au v\u00f4tre. Si vous ne voulez pas manquer une affaire, vous devez vous inscrire \u00e0 la newsletter de ce magasin. Il ne peut pas y avoir de mal \u00e0 faire de m\u00eame avec quelques autres fournisseurs au cas o\u00f9 une belle affaire se pr\u00e9senterait. Si vous avez re\u00e7u un peu trop de courriers, et que vous vous sentez un peu d\u00e9pass\u00e9, il suffit de consulter notre site, vous d\u00e9couvrirez les derni\u00e8res nouvelles concernant le Black Friday. Et ce qui est s\u00fbr, c\u2019est que vous saurez tout et aucune bonne affaire ne vous \u00e9chappera.<\/p>\n<h2>Ces bijoux sont particuli\u00e8rement \u00e0 la mode en ce moment<\/h2>\n<p>Les colliers et bracelets \u00e0 maillons, en particulier, ont fait flores cette ann\u00e9e. En combinaison avec des robes f\u00e9minines ou des chemisiers chics, vous pourriez cr\u00e9er des contrastes clairs qui vous mettront en valeur. Nous ne serions pas surpris qu\u2019il y ait des offres dans ce domaine au Black Friday de cette ann\u00e9e. En visitant les boutiques de mode de grandes marques, vous pourriez tomber sur un bon plan, comme cette combinaison de colliers et de bracelets \u00e0 un prix sp\u00e9cial. S\u2019il y a \u00e9galement une r\u00e9duction sur la mode f\u00e9minine, comme ce fut le cas chez Manor, une exp\u00e9rience d\u2019achat bien \u00e9quilibr\u00e9e est garantie.<\/p>\n<h2>Perspectives d\u2019autres \u00e9v\u00e9nements int\u00e9ressants<\/h2>\n<p>En plus du Black Friday, le Cyber Monday et le Singles Day prennent de plus en plus d\u2019importance. Au Cyber Monday, vous pourrez trouver principalement des promotions assez importantes dans le domaine de la technologie. N\u00e9anmoins, il se trouve que de plus en plus d\u2019entreprises qui n\u2019ont rien \u00e0 voir avec le secteur de l\u2019\u00e9lectronique seront \u00e9galement pr\u00e9sentes au Cyber Monday. Il s\u2019agit parfois d\u2019offres propos\u00e9es au Black Friday et qui s\u2019\u00e9taient prolong\u00e9es jusqu\u2019au <a href=\"https:\/\/www.blackfridaydeals.ch\/fr\/cyber-monday\/\">Cyber Monday<\/a>. Cette ann\u00e9e, vous pourrez peut-\u00eatre voir au Cyber Monday des promotions dans l\u2019univers de la bijouterie, ce qui vous permettra d\u2019\u00e9conomiser de l\u2019argent. D\u2019autant plus que, avec No\u00ebl \u00e0 nos portes, obtenir des bijoux de haute qualit\u00e9 ou une nouvelle montre \u00e0 un prix inf\u00e9rieur ne pourra que nous combler de bonheur.<\/p>\n<p>Le <a href=\"https:\/\/www.blackfridaydeals.ch\/fr\/singles-day\/\">Singles Day<\/a>, par essence, est la journ\u00e9e parfaite pour faire des affaires dans le domaine des bijoux et des montres. Il n\u2019est donc pas surprenant que de nombreux magasins qui proposent ces articles participent \u00e0 l\u2019\u00e9v\u00e9nement. Par cons\u00e9quent, il vous sera tout \u00e0 fait possible d\u2019obtenir des r\u00e9ductions lors de cette journ\u00e9e. D\u2019habitude, une r\u00e9duction de 11\u00a0% est g\u00e9n\u00e9ralement programm\u00e9e pendant cette manifestation. Pour les bijoux et les montres, cette r\u00e9duction serait assez rentable, surtout si elle est propos\u00e9e pour les mod\u00e8les les plus on\u00e9reux.<\/p>\n<p>&nbsp;<\/p>\n<h3>D\u2019autres articles int\u00e9ressants<\/h3>\n<ul>\n<li><a href=\"https:\/\/www.blackfridaydeals.ch\/fr\/airpods-black-friday\/\">AirPods Black Friday 2026<\/a><\/li>\n<li><a href=\"https:\/\/www.blackfridaydeals.ch\/fr\/macbooks-black-friday\/\">Les meilleurs MacBooks en offre sp\u00e9ciale au Black Friday 2026<\/a><\/li>\n<li><a href=\"https:\/\/www.blackfridaydeals.ch\/fr\/lipad-au-black-friday\/\">L\u2019iPad d\u2019Apple offre une touche high-tech au Black Friday 2026<\/a><\/li>\n<li><a href=\"https:\/\/www.blackfridaydeals.ch\/fr\/microsoft-surface-au-black-friday\/\">Obtenez votre Microsoft Surface au Black Friday 2026<\/a><\/li>\n<li><a href=\"https:\/\/www.blackfridaydeals.ch\/fr\/apple-watch-black-friday\/\">Apple Watch Series 6 Black Friday 2026<\/a><\/li>\n<li><a href=\"https:\/\/www.blackfridaydeals.ch\/fr\/abo-mobile-black-friday\/\">Les meilleurs abonnements de t\u00e9l\u00e9phonie mobile au Black Friday<\/a><\/li>\n<li><a href=\"https:\/\/www.blackfridaydeals.ch\/fr\/smartphones-black-friday\/\">Les derniers smartphones en vedette<\/a><\/li>\n<li><a href=\"https:\/\/www.blackfridaydeals.ch\/fr\/monerio-cashback\/\">Monerio Cashback au Black Friday<\/a><\/li>\n<li><a href=\"https:\/\/www.blackfridaydeals.ch\/fr\/bijouterie-black-friday\/\">Les offres au Black Friday 2026 dans l\u2019univers de la bijouterie<\/a><\/li>\n<li><a href=\"https:\/\/www.blackfridaydeals.ch\/fr\/airpods-black-friday\/\">Les \u00e9couteurs Bluetooth AirPods d\u2019Apple au Black Friday 2026<\/a><\/li>\n<\/ul>\n<p>[\/vc_column_text][\/vc_column][\/vc_row]<\/p>\n","protected":false},"excerpt":{"rendered":"<p>[vc_row][vc_column][vc_column_text] Qu\u2019il s\u2019agisse de bracelets, de bagues, de montres-bracelets, de boucles d\u2019oreilles ou de colliers, les bijoux accompagnent nombre d\u2019entre nous tout au long de notre vie. De nos jours, il existe un grand nombre de fournisseurs qui vendent tout un assortiment de bijoux sous diff\u00e9rentes formes. Il s\u2019agit notamment de boutiques sp\u00e9cialis\u00e9es, de grands [&hellip;]<\/p>\n","protected":false},"author":40,"featured_media":62393,"parent":0,"menu_order":0,"comment_status":"closed","ping_status":"closed","template":"","meta":[],"yoast_head":"<!-- This site is optimized with the Yoast SEO plugin v20.5 - https:\/\/yoast.com\/wordpress\/plugins\/seo\/ -->\n<title>Les offres au Black Friday 2026 dans l\u2019univers de la bijouterie<\/title>\n<meta name=\"description\" content=\"Bijouterie : les offres du Black Friday 2026 Ici vous trouverez toutes les offres Black Friday dans l\u2019univers de bijouterie.\" \/>\n<meta name=\"robots\" content=\"noindex, follow\" \/>\n<meta property=\"og:locale\" content=\"fr_FR\" \/>\n<meta property=\"og:type\" content=\"article\" \/>\n<meta property=\"og:title\" content=\"Les offres au Black Friday 2026 dans l\u2019univers de la bijouterie\" \/>\n<meta property=\"og:description\" content=\"Bijouterie : les offres du Black Friday 2026 Ici vous trouverez toutes les offres Black Friday dans l\u2019univers de bijouterie.\" \/>\n<meta property=\"og:url\" content=\"https:\/\/www.blackfridaydeals.ch\/fr\/bijouterie-black-friday\/\" \/>\n<meta property=\"og:site_name\" content=\"blackfridaydeals.ch\" \/>\n<meta property=\"article:publisher\" content=\"https:\/\/www.facebook.com\/blackfridaydealsch\/\" \/>\n<meta property=\"article:modified_time\" content=\"2024-11-08T17:00:39+00:00\" \/>\n<meta property=\"og:image\" content=\"https:\/\/www.blackfridaydeals.ch\/wp-content\/uploads\/2023\/07\/Schmuck-Black-Friday-1.jpg\" \/>\n\t<meta property=\"og:image:width\" content=\"2196\" \/>\n\t<meta property=\"og:image:height\" content=\"1560\" \/>\n\t<meta property=\"og:image:type\" content=\"image\/jpeg\" \/>\n<meta name=\"twitter:card\" content=\"summary_large_image\" \/>\n<meta name=\"twitter:site\" content=\"@blackfridaych\" \/>\n<meta name=\"twitter:label1\" content=\"Est. reading time\" \/>\n\t<meta name=\"twitter:data1\" content=\"7 minutes\" \/>\n<script type=\"application\/ld+json\" class=\"yoast-schema-graph\">{\"@context\":\"https:\/\/schema.org\",\"@graph\":[{\"@type\":\"WebPage\",\"@id\":\"https:\/\/www.blackfridaydeals.ch\/fr\/bijouterie-black-friday\/\",\"url\":\"https:\/\/www.blackfridaydeals.ch\/fr\/bijouterie-black-friday\/\",\"name\":\"Les offres au Black Friday 2026 dans l\u2019univers de la bijouterie\",\"isPartOf\":{\"@id\":\"https:\/\/www.blackfridaydeals.ch\/fr\/#website\"},\"datePublished\":\"2020-10-22T12:30:08+00:00\",\"dateModified\":\"2024-11-08T17:00:39+00:00\",\"description\":\"Bijouterie : les offres du Black Friday 2026 Ici vous trouverez toutes les offres Black Friday dans l\u2019univers de bijouterie.\",\"breadcrumb\":{\"@id\":\"https:\/\/www.blackfridaydeals.ch\/fr\/bijouterie-black-friday\/#breadcrumb\"},\"inLanguage\":\"fr-CH\",\"potentialAction\":[{\"@type\":\"ReadAction\",\"target\":[\"https:\/\/www.blackfridaydeals.ch\/fr\/bijouterie-black-friday\/\"]}]},{\"@type\":\"BreadcrumbList\",\"@id\":\"https:\/\/www.blackfridaydeals.ch\/fr\/bijouterie-black-friday\/#breadcrumb\",\"itemListElement\":[{\"@type\":\"ListItem\",\"position\":1,\"name\":\"Startseite\",\"item\":\"https:\/\/www.blackfridaydeals.ch\/fr\/\"},{\"@type\":\"ListItem\",\"position\":2,\"name\":\"Les offres au Black Friday dans l\u2019univers de la bijouterie\"}]},{\"@type\":\"WebSite\",\"@id\":\"https:\/\/www.blackfridaydeals.ch\/fr\/#website\",\"url\":\"https:\/\/www.blackfridaydeals.ch\/fr\/\",\"name\":\"blackfridaydeals.ch\",\"description\":\"Toutes les offres du Black Friday 2025 en Suisse\",\"publisher\":{\"@id\":\"https:\/\/www.blackfridaydeals.ch\/fr\/#organization\"},\"alternateName\":\"Black Friday Deals\",\"potentialAction\":[{\"@type\":\"SearchAction\",\"target\":{\"@type\":\"EntryPoint\",\"urlTemplate\":\"https:\/\/www.blackfridaydeals.ch\/fr\/?s={search_term_string}\"},\"query-input\":\"required name=search_term_string\"}],\"inLanguage\":\"fr-CH\"},{\"@type\":\"Organization\",\"@id\":\"https:\/\/www.blackfridaydeals.ch\/fr\/#organization\",\"name\":\"blackfridaydeals.ch\",\"alternateName\":\"Black Friday Deals\",\"url\":\"https:\/\/www.blackfridaydeals.ch\/fr\/\",\"logo\":{\"@type\":\"ImageObject\",\"inLanguage\":\"fr-CH\",\"@id\":\"https:\/\/www.blackfridaydeals.ch\/fr\/#\/schema\/logo\/image\/\",\"url\":\"https:\/\/www.blackfridaydeals.ch\/wp-content\/uploads\/2023\/03\/app-icon-white-bg-jpg.jpg\",\"contentUrl\":\"https:\/\/www.blackfridaydeals.ch\/wp-content\/uploads\/2023\/03\/app-icon-white-bg-jpg.jpg\",\"width\":512,\"height\":512,\"caption\":\"blackfridaydeals.ch\"},\"image\":{\"@id\":\"https:\/\/www.blackfridaydeals.ch\/fr\/#\/schema\/logo\/image\/\"},\"sameAs\":[\"https:\/\/www.facebook.com\/blackfridaydealsch\/\",\"https:\/\/twitter.com\/blackfridaych\",\"https:\/\/www.youtube.com\/channel\/UCNKXHacMw8AS34mBgzVx3FQ\",\"https:\/\/www.instagram.com\/blackfridaydeals.ch\/\"]}]}<\/script>\n<!-- \/ Yoast SEO plugin. -->","yoast_head_json":{"title":"Les offres au Black Friday 2026 dans l\u2019univers de la bijouterie","description":"Bijouterie : les offres du Black Friday 2026 Ici vous trouverez toutes les offres Black Friday dans l\u2019univers de bijouterie.","robots":{"index":"noindex","follow":"follow"},"og_locale":"fr_FR","og_type":"article","og_title":"Les offres au Black Friday 2026 dans l\u2019univers de la bijouterie","og_description":"Bijouterie : les offres du Black Friday 2026 Ici vous trouverez toutes les offres Black Friday dans l\u2019univers de bijouterie.","og_url":"https:\/\/www.blackfridaydeals.ch\/fr\/bijouterie-black-friday\/","og_site_name":"blackfridaydeals.ch","article_publisher":"https:\/\/www.facebook.com\/blackfridaydealsch\/","article_modified_time":"2024-11-08T17:00:39+00:00","og_image":[{"width":2196,"height":1560,"url":"https:\/\/www.blackfridaydeals.ch\/wp-content\/uploads\/2023\/07\/Schmuck-Black-Friday-1.jpg","type":"image\/jpeg"}],"twitter_card":"summary_large_image","twitter_site":"@blackfridaych","twitter_misc":{"Est. reading time":"7 minutes"},"schema":{"@context":"https:\/\/schema.org","@graph":[{"@type":"WebPage","@id":"https:\/\/www.blackfridaydeals.ch\/fr\/bijouterie-black-friday\/","url":"https:\/\/www.blackfridaydeals.ch\/fr\/bijouterie-black-friday\/","name":"Les offres au Black Friday 2026 dans l\u2019univers de la bijouterie","isPartOf":{"@id":"https:\/\/www.blackfridaydeals.ch\/fr\/#website"},"datePublished":"2020-10-22T12:30:08+00:00","dateModified":"2024-11-08T17:00:39+00:00","description":"Bijouterie : les offres du Black Friday 2026 Ici vous trouverez toutes les offres Black Friday dans l\u2019univers de bijouterie.","breadcrumb":{"@id":"https:\/\/www.blackfridaydeals.ch\/fr\/bijouterie-black-friday\/#breadcrumb"},"inLanguage":"fr-CH","potentialAction":[{"@type":"ReadAction","target":["https:\/\/www.blackfridaydeals.ch\/fr\/bijouterie-black-friday\/"]}]},{"@type":"BreadcrumbList","@id":"https:\/\/www.blackfridaydeals.ch\/fr\/bijouterie-black-friday\/#breadcrumb","itemListElement":[{"@type":"ListItem","position":1,"name":"Startseite","item":"https:\/\/www.blackfridaydeals.ch\/fr\/"},{"@type":"ListItem","position":2,"name":"Les offres au Black Friday dans l\u2019univers de la bijouterie"}]},{"@type":"WebSite","@id":"https:\/\/www.blackfridaydeals.ch\/fr\/#website","url":"https:\/\/www.blackfridaydeals.ch\/fr\/","name":"blackfridaydeals.ch","description":"Toutes les offres du Black Friday 2025 en Suisse","publisher":{"@id":"https:\/\/www.blackfridaydeals.ch\/fr\/#organization"},"alternateName":"Black Friday Deals","potentialAction":[{"@type":"SearchAction","target":{"@type":"EntryPoint","urlTemplate":"https:\/\/www.blackfridaydeals.ch\/fr\/?s={search_term_string}"},"query-input":"required name=search_term_string"}],"inLanguage":"fr-CH"},{"@type":"Organization","@id":"https:\/\/www.blackfridaydeals.ch\/fr\/#organization","name":"blackfridaydeals.ch","alternateName":"Black Friday Deals","url":"https:\/\/www.blackfridaydeals.ch\/fr\/","logo":{"@type":"ImageObject","inLanguage":"fr-CH","@id":"https:\/\/www.blackfridaydeals.ch\/fr\/#\/schema\/logo\/image\/","url":"https:\/\/www.blackfridaydeals.ch\/wp-content\/uploads\/2023\/03\/app-icon-white-bg-jpg.jpg","contentUrl":"https:\/\/www.blackfridaydeals.ch\/wp-content\/uploads\/2023\/03\/app-icon-white-bg-jpg.jpg","width":512,"height":512,"caption":"blackfridaydeals.ch"},"image":{"@id":"https:\/\/www.blackfridaydeals.ch\/fr\/#\/schema\/logo\/image\/"},"sameAs":["https:\/\/www.facebook.com\/blackfridaydealsch\/","https:\/\/twitter.com\/blackfridaych","https:\/\/www.youtube.com\/channel\/UCNKXHacMw8AS34mBgzVx3FQ","https:\/\/www.instagram.com\/blackfridaydeals.ch\/"]}]}},"_links":{"self":[{"href":"https:\/\/www.blackfridaydeals.ch\/fr\/wp-json\/wp\/v2\/pages\/26638"}],"collection":[{"href":"https:\/\/www.blackfridaydeals.ch\/fr\/wp-json\/wp\/v2\/pages"}],"about":[{"href":"https:\/\/www.blackfridaydeals.ch\/fr\/wp-json\/wp\/v2\/types\/page"}],"author":[{"embeddable":true,"href":"https:\/\/www.blackfridaydeals.ch\/fr\/wp-json\/wp\/v2\/users\/40"}],"replies":[{"embeddable":true,"href":"https:\/\/www.blackfridaydeals.ch\/fr\/wp-json\/wp\/v2\/comments?post=26638"}],"version-history":[{"count":10,"href":"https:\/\/www.blackfridaydeals.ch\/fr\/wp-json\/wp\/v2\/pages\/26638\/revisions"}],"predecessor-version":[{"id":74482,"href":"https:\/\/www.blackfridaydeals.ch\/fr\/wp-json\/wp\/v2\/pages\/26638\/revisions\/74482"}],"wp:featuredmedia":[{"embeddable":true,"href":"https:\/\/www.blackfridaydeals.ch\/fr\/wp-json\/wp\/v2\/media\/62393"}],"wp:attachment":[{"href":"https:\/\/www.blackfridaydeals.ch\/fr\/wp-json\/wp\/v2\/media?parent=26638"}],"curies":[{"name":"wp","href":"https:\/\/api.w.org\/{rel}","templated":true}]}}