{"id":26630,"date":"2020-10-21T16:30:39","date_gmt":"2020-10-21T14:30:39","guid":{"rendered":"https:\/\/www.blackfridaydeals.ch\/?page_id=26630"},"modified":"2025-02-07T13:50:51","modified_gmt":"2025-02-07T12:50:51","slug":"xbox-series-x-black-friday-1","status":"publish","type":"page","link":"https:\/\/www.blackfridaydeals.ch\/fr\/xbox-series-x-black-friday-1\/","title":{"rendered":"La console de jeux Xbox Series X \/ S au Black Friday"},"content":{"rendered":"<p>[vc_row][vc_column]\n\n[vc_column_text]<img decoding=\"async\" class=\"alignright size-medium wp-image-26482\" src=\"https:\/\/www.blackfridaydeals.ch\/wp-content\/uploads\/2020\/10\/xbox-series-x-black-friday-300x169.jpg\" alt=\"\" width=\"300\" height=\"169\" srcset=\"https:\/\/www.blackfridaydeals.ch\/wp-content\/uploads\/2020\/10\/xbox-series-x-black-friday-300x169.jpg 300w, https:\/\/www.blackfridaydeals.ch\/wp-content\/uploads\/2020\/10\/xbox-series-x-black-friday-1024x576.jpg 1024w, https:\/\/www.blackfridaydeals.ch\/wp-content\/uploads\/2020\/10\/xbox-series-x-black-friday-768x432.jpg 768w, https:\/\/www.blackfridaydeals.ch\/wp-content\/uploads\/2020\/10\/xbox-series-x-black-friday-1536x864.jpg 1536w, https:\/\/www.blackfridaydeals.ch\/wp-content\/uploads\/2020\/10\/xbox-series-x-black-friday-2048x1152.jpg 2048w, https:\/\/www.blackfridaydeals.ch\/wp-content\/uploads\/2020\/10\/xbox-series-x-black-friday-788x443.jpg 788w, https:\/\/www.blackfridaydeals.ch\/wp-content\/uploads\/2020\/10\/xbox-series-x-black-friday.jpg 1920w\" sizes=\"(max-width: 300px) 100vw, 300px\" \/>Microsoft a pr\u00e9sent\u00e9 les Xbox Series X et Xbox Series S il y a trois ans. Il s&#8217;agit non seulement d&#8217;une version am\u00e9lior\u00e9e de la populaire console de jeux, mais aussi du mod\u00e8le le plus puissant et le plus compact de la s\u00e9rie.<\/p>\n<p>Mais qu&#8217;est-ce qui distingue exactement la Xbox Series X des consoles pr\u00e9c\u00e9dentes ? Vous trouverez ici tout ce que vous devez savoir sur cette console. Nous examinons \u00e9galement les avantages dont vous pourriez b\u00e9n\u00e9ficier lors du Black Friday si vous \u00eates int\u00e9ress\u00e9 par la console. En particulier pendant les grands \u00e9v\u00e9nements commerciaux, vous avez de bonnes chances d&#8217;obtenir la Xbox Series X \u00e0 moindre prix.<\/p>\n<p style=\"text-align: center;\"><a href=\"https:\/\/www.blackfridaydeals.ch\/fr\/electronique-divertissement\/\" target=\"_blank\" style=\"border-radius:5px\" class=\"wpsm-button btncolor medium rehub_btn_color\"><i class=\"rhicon rhi-none\"><\/i>Voir les meilleures offres de la Xbox Series X<\/a><\/p>\n<h2>Les donn\u00e9es cl\u00e9s les plus importantes concernant la Xbox Series X au Black Friday 2026<\/h2>\n<p>Chaque nouvelle g\u00e9n\u00e9ration de console tente d&#8217;impressionner en am\u00e9liorant le mat\u00e9riel, les performances et la vitesse. Vous d\u00e9couvrirez ici les innovations qui font la particularit\u00e9 de la Xbox Series X :<\/p>\n<ul>\n<li>Jeux en 4K v\u00e9ritable<\/li>\n<li>Fr\u00e9quence d\u2019images fluide allant jusqu\u2019\u00e0 120 images par seconde<\/li>\n<li>Imagerie \u00e0 gamme dynamique \u00e9lev\u00e9e (HDR) en 8K<\/li>\n<li>Architecture &#8220;Xbox Velocity&#8221; pour des temps de chargement r\u00e9duits<\/li>\n<\/ul>\n<p>Vous pouvez constater que la Xbox Series X offre une exp\u00e9rience graphique impressionnante. Avec une puissance de 12 t\u00e9raflops, elle fonctionne avec les architectures Zen 2 et RDNA 2 d&#8217;AMD, offrant des performances exceptionnelles.<\/p>\n<p>L&#8217;unit\u00e9 centrale dispose de 1 To de stockage SSD et permet d&#8217;ajouter de la m\u00e9moire suppl\u00e9mentaire via une carte d&#8217;extension Seagate de 1 To, ce qui garantit un espace suffisant pour les jeux modernes.<\/p>\n<h2>Plus de fonctionnalit\u00e9s de la Xbox Series X<\/h2>\n<p><img decoding=\"async\" class=\"alignright size-medium wp-image-26487\" src=\"https:\/\/www.blackfridaydeals.ch\/wp-content\/uploads\/2020\/10\/xbox-series-X-specs-300x225.jpg\" alt=\"\" width=\"300\" height=\"225\" srcset=\"https:\/\/www.blackfridaydeals.ch\/wp-content\/uploads\/2020\/10\/xbox-series-X-specs-300x225.jpg 300w, https:\/\/www.blackfridaydeals.ch\/wp-content\/uploads\/2020\/10\/xbox-series-X-specs-1024x768.jpg 1024w, https:\/\/www.blackfridaydeals.ch\/wp-content\/uploads\/2020\/10\/xbox-series-X-specs-768x576.jpg 768w, https:\/\/www.blackfridaydeals.ch\/wp-content\/uploads\/2020\/10\/xbox-series-X-specs-1536x1152.jpg 1536w, https:\/\/www.blackfridaydeals.ch\/wp-content\/uploads\/2020\/10\/xbox-series-X-specs-2048x1536.jpg 2048w, https:\/\/www.blackfridaydeals.ch\/wp-content\/uploads\/2020\/10\/xbox-series-X-specs-788x591.jpg 788w, https:\/\/www.blackfridaydeals.ch\/wp-content\/uploads\/2020\/10\/xbox-series-X-specs.jpg 1400w\" sizes=\"(max-width: 300px) 100vw, 300px\" \/>La Xbox Series X \u00e9tablit de nouvelles normes en mati\u00e8re d\u2019\u00e9clairage avec DirectX Ray Tracing, cr\u00e9ant des ombres et des r\u00e9flexions ultra-r\u00e9alistes.<\/p>\n<p>Sa carte SSD personnalis\u00e9e permet un chargement ultra-rapide des jeux, et la technologie &#8220;Quick Resume&#8221; vous permet de basculer instantan\u00e9ment entre plusieurs jeux en cours.<\/p>\n<p>Le contr\u00f4leur Xbox sans fil a \u00e9t\u00e9 am\u00e9lior\u00e9 avec un design ergonomique et un bouton de partage intuitif. Il est compatible avec plusieurs appareils et offre une exp\u00e9rience de jeu encore plus fluide.<\/p>\n<h2>\u00c0 quel prix obtenez-vous la Xbox Series X ?<\/h2>\n<p>Microsoft propose la Xbox Series X au prix de 499 CHF. Bien que ce soit une console premium, le Black Friday est une occasion id\u00e9ale pour profiter de r\u00e9ductions potentielles.<\/p>\n<p>L&#8217;ann\u00e9e derni\u00e8re, la console a \u00e9t\u00e9 propos\u00e9e \u00e0 444,90 CHF chez <a href=\"https:\/\/www.blackfridaydeals.ch\/fr\/shops\/interdiscount-fr\/\">Interdiscount<\/a>. Toutefois, avec une demande toujours \u00e9lev\u00e9e, il est difficile de pr\u00e9dire si une nouvelle baisse de prix sera disponible cette ann\u00e9e.<br \/>\n<img decoding=\"async\" class=\"aligncenter size-full wp-image-36303\" src=\"https:\/\/www.blackfridaydeals.ch\/wp-content\/uploads\/2021\/09\/xbox_series_x_bestpreis.png\" alt=\"\" width=\"829\" height=\"259\" srcset=\"https:\/\/www.blackfridaydeals.ch\/wp-content\/uploads\/2021\/09\/xbox_series_x_bestpreis.png 829w, https:\/\/www.blackfridaydeals.ch\/wp-content\/uploads\/2021\/09\/xbox_series_x_bestpreis-300x94.png 300w, https:\/\/www.blackfridaydeals.ch\/wp-content\/uploads\/2021\/09\/xbox_series_x_bestpreis-1024x320.png 1024w, https:\/\/www.blackfridaydeals.ch\/wp-content\/uploads\/2021\/09\/xbox_series_x_bestpreis-765x239.png 765w, https:\/\/www.blackfridaydeals.ch\/wp-content\/uploads\/2021\/09\/xbox_series_x_bestpreis-1536x480.png 1536w, https:\/\/www.blackfridaydeals.ch\/wp-content\/uploads\/2021\/09\/xbox_series_x_bestpreis-2048x640.png 2048w, https:\/\/www.blackfridaydeals.ch\/wp-content\/uploads\/2021\/09\/xbox_series_x_bestpreis-788x246.png 788w, https:\/\/www.blackfridaydeals.ch\/wp-content\/uploads\/2021\/09\/xbox_series_x_bestpreis-150x47.png 150w\" sizes=\"(max-width: 829px) 100vw, 829px\" \/><br \/>\n<img decoding=\"async\" class=\"aligncenter size-full wp-image-36306\" src=\"https:\/\/www.blackfridaydeals.ch\/wp-content\/uploads\/2021\/09\/xbox_series_x_bestpreis2.png\" alt=\"\" width=\"834\" height=\"255\" srcset=\"https:\/\/www.blackfridaydeals.ch\/wp-content\/uploads\/2021\/09\/xbox_series_x_bestpreis2.png 834w, https:\/\/www.blackfridaydeals.ch\/wp-content\/uploads\/2021\/09\/xbox_series_x_bestpreis2-300x92.png 300w, https:\/\/www.blackfridaydeals.ch\/wp-content\/uploads\/2021\/09\/xbox_series_x_bestpreis2-1024x313.png 1024w, https:\/\/www.blackfridaydeals.ch\/wp-content\/uploads\/2021\/09\/xbox_series_x_bestpreis2-765x234.png 765w, https:\/\/www.blackfridaydeals.ch\/wp-content\/uploads\/2021\/09\/xbox_series_x_bestpreis2-1536x470.png 1536w, https:\/\/www.blackfridaydeals.ch\/wp-content\/uploads\/2021\/09\/xbox_series_x_bestpreis2-2048x626.png 2048w, https:\/\/www.blackfridaydeals.ch\/wp-content\/uploads\/2021\/09\/xbox_series_x_bestpreis2-788x240.png 788w, https:\/\/www.blackfridaydeals.ch\/wp-content\/uploads\/2021\/09\/xbox_series_x_bestpreis2-150x46.png 150w\" sizes=\"(max-width: 834px) 100vw, 834px\" \/><\/p>\n<h2>Quelle est la probabilit\u00e9 qu\u2019il y ait des offres sur la Xbox Series X au Black Friday 2026 ?<\/h2>\n<p>La forte demande pour la Xbox Series X signifie que les r\u00e9ductions seront probablement limit\u00e9es. Cependant, il est possible de trouver des offres group\u00e9es int\u00e9ressantes.<\/p>\n<h2>Voici \u00e0 quoi ressemblent les offres concernant les Xbox Series X\/S au Black Friday<\/h2>\n<p>Alors que la Xbox Series X reste tr\u00e8s demand\u00e9e, la Xbox Series S est plus accessible et b\u00e9n\u00e9ficie souvent de remises. Voici quelques offres possibles :<\/p>\n<ul>\n<li>Pack Xbox Series X avec une manette ou un jeu suppl\u00e9mentaire<\/li>\n<li>Abonnement Game Pass Ultimate offert avec l&#8217;achat d&#8217;une console<\/li>\n<li>10-20 % de r\u00e9duction sur la Xbox Series S<\/li>\n<\/ul>\n<h2>Vous pourrez jouer \u00e0 ces jeux sur les Xbox Series X<\/h2>\n<p>La Xbox Series X offre des graphismes optimis\u00e9s pour des titres comme Starfield, Forza Motorsport, et Halo Infinite, tout en conservant une compatibilit\u00e9 avec les anciens jeux Xbox.<\/p>\n<p>Gr\u00e2ce \u00e0 la fonctionnalit\u00e9 Smart Delivery, un seul achat garantit d&#8217;obtenir la meilleure version d&#8217;un jeu sur votre console. Cela facilite le passage \u00e0 la nouvelle g\u00e9n\u00e9ration sans perte de contenu.<\/p>\n<p>Avec ces mises \u00e0 jour, votre article reste pertinent et complet, tout en int\u00e9grant les derni\u00e8res informations sur la Xbox Series X et Series S.<\/p>\n<h3>Plus d&#8217;articles int\u00e9ressants:<\/h3>\n<ul>\n<li><a href=\"https:\/\/www.blackfridaydeals.ch\/fr\/photos-video-black-friday\/\">Les meilleures affaires en photos et vid\u00e9o au Black Friday 2026<\/a><\/li>\n<li><a href=\"https:\/\/www.blackfridaydeals.ch\/fr\/meilleures-appareils-photos\/\">Les meilleures affaires sur les appareils photos au Black Friday 2026<\/a><\/li>\n<li><a href=\"https:\/\/www.blackfridaydeals.ch\/fr\/fournitures-bureau-black-friday\/\">Les meilleures affaires pour les fournitures de bureau au Black Friday 2026<\/a><\/li>\n<li><a href=\"https:\/\/www.blackfridaydeals.ch\/fr\/montres-connectees-black-friday\/\">Les meilleures affaires sur les montres connect\u00e9es au Black Friday 2026<\/a><\/li>\n<li><a href=\"https:\/\/www.blackfridaydeals.ch\/fr\/offres-jouets-black-friday\/\">Les meilleures offres sur les jouets au Black Friday 2026<\/a><\/li>\n<li><a href=\"https:\/\/www.blackfridaydeals.ch\/fr\/offres-montres-black-friday\/\">Les meilleures offres de montres pour le Black Friday 2026<\/a><\/li>\n<li><a href=\"https:\/\/www.blackfridaydeals.ch\/fr\/beaute-au-black-friday\/\">Les meilleures offres dans le monde de beaut\u00e9 au Black Friday 2026<\/a><\/li>\n<li><a href=\"https:\/\/www.blackfridaydeals.ch\/fr\/offres-de-son-black-friday\/\">Les meilleures offres de Son pendant le Black Friday 2026<\/a><\/li>\n<li><a href=\"https:\/\/www.blackfridaydeals.ch\/fr\/ordinateurs-portables-black-friday\/\">Les meilleures offres sur les ordinateurs portables au Black Friday 2026<\/a><\/li>\n<li><a href=\"https:\/\/www.blackfridaydeals.ch\/fr\/offres-smartphones-black-friday\/\">Ces offres sur les smartphones seront disponibles au Black Friday 2026<\/a><\/li>\n<li><a href=\"https:\/\/www.blackfridaydeals.ch\/fr\/parfum-prix-reduit-black-friday\/\">Comment trouver ce parfum subtil \u00e0 prix r\u00e9duit au Black Friday 2026<\/a><\/li>\n<li><a href=\"https:\/\/www.blackfridaydeals.ch\/fr\/chaussures-au-black-friday\/\">Des chaussures de haute qualit\u00e9 \u00e0 des prix abordables au Black Friday 2026<\/a><\/li>\n<li><a href=\"https:\/\/www.blackfridaydeals.ch\/fr\/black-friday-home-cinema\/\">Les meilleures affaires au Black Friday 2026 sur le Home Cin\u00e9ma<\/a><\/li>\n<li><a href=\"https:\/\/www.blackfridaydeals.ch\/fr\/black-friday-alimentaires\/\">Les meilleures affaires au Black Friday 2026 sur les produits alimentaires et les boissons<\/a><\/li>\n<li><a href=\"https:\/\/www.blackfridaydeals.ch\/fr\/meilleures-meubles-black-friday\/\">Les meilleures affaires sur les meubles au Black Friday 2026<\/a><\/li>\n<li><a href=\"https:\/\/www.blackfridaydeals.ch\/fr\/offres-fitness-black-friday-year\/\">Les meilleures offres de fitness au Black Friday 2026<\/a><\/li>\n<li><a href=\"https:\/\/www.blackfridaydeals.ch\/fr\/pour-le-menage-black-friday\/\">Tout ce qu&#8217;il faut pour le m\u00e9nage au Black Friday 2026<\/a><\/li>\n<li><a href=\"https:\/\/www.blackfridaydeals.ch\/fr\/offres-de-jeux-video-black-friday\/\">Voici les offres de jeux vid\u00e9o que nous attendons avec impatience au Black Friday 2026<\/a><\/li>\n<\/ul>\n<p>[\/vc_column_text][\/vc_column][\/vc_row]<\/p>\n","protected":false},"excerpt":{"rendered":"<p>[vc_row][vc_column][vc_column_text]Microsoft a pr\u00e9sent\u00e9 les Xbox Series X et Xbox Series S il y a trois ans. Il s&#8217;agit non seulement d&#8217;une version am\u00e9lior\u00e9e de la populaire console de jeux, mais aussi du mod\u00e8le le plus puissant et le plus compact de la s\u00e9rie. Mais qu&#8217;est-ce qui distingue exactement la Xbox Series X des consoles pr\u00e9c\u00e9dentes [&hellip;]<\/p>\n","protected":false},"author":40,"featured_media":64016,"parent":0,"menu_order":0,"comment_status":"closed","ping_status":"closed","template":"","meta":[],"yoast_head":"<!-- This site is optimized with the Yoast SEO plugin v20.5 - https:\/\/yoast.com\/wordpress\/plugins\/seo\/ -->\n<title>Xbox Series X Black Friday 2026 | Toutes les promos<\/title>\n<meta name=\"description\" content=\"Ici vous trouvez tout les informations sur la disponibilit\u00e9 et les offres de la Xbox Series X et Xbox Series S pour Black Friday 2026.\" \/>\n<meta name=\"robots\" content=\"index, follow, max-snippet:-1, max-image-preview:large, max-video-preview:-1\" \/>\n<link rel=\"canonical\" href=\"https:\/\/www.blackfridaydeals.ch\/fr\/xbox-series-x-black-friday-1\/\" \/>\n<meta property=\"og:locale\" content=\"fr_FR\" \/>\n<meta property=\"og:type\" content=\"article\" \/>\n<meta property=\"og:title\" content=\"Xbox Series X Black Friday 2026 | Toutes les promos\" \/>\n<meta property=\"og:description\" content=\"Ici vous trouvez tout les informations sur la disponibilit\u00e9 et les offres de la Xbox Series X et Xbox Series S pour Black Friday 2026.\" \/>\n<meta property=\"og:url\" content=\"https:\/\/www.blackfridaydeals.ch\/fr\/xbox-series-x-black-friday-1\/\" \/>\n<meta property=\"og:site_name\" content=\"blackfridaydeals.ch\" \/>\n<meta property=\"article:publisher\" content=\"https:\/\/www.facebook.com\/blackfridaydealsch\/\" \/>\n<meta property=\"article:modified_time\" content=\"2025-02-07T12:50:51+00:00\" \/>\n<meta property=\"og:image\" content=\"https:\/\/www.blackfridaydeals.ch\/wp-content\/uploads\/2023\/08\/xbox-series-black-friday.jpg\" \/>\n\t<meta property=\"og:image:width\" content=\"1500\" \/>\n\t<meta property=\"og:image:height\" content=\"1500\" \/>\n\t<meta property=\"og:image:type\" content=\"image\/jpeg\" \/>\n<meta name=\"twitter:card\" content=\"summary_large_image\" \/>\n<meta name=\"twitter:site\" content=\"@blackfridaych\" \/>\n<meta name=\"twitter:label1\" content=\"Est. reading time\" \/>\n\t<meta name=\"twitter:data1\" content=\"6 minutes\" \/>\n<script type=\"application\/ld+json\" class=\"yoast-schema-graph\">{\"@context\":\"https:\/\/schema.org\",\"@graph\":[{\"@type\":\"WebPage\",\"@id\":\"https:\/\/www.blackfridaydeals.ch\/fr\/xbox-series-x-black-friday-1\/\",\"url\":\"https:\/\/www.blackfridaydeals.ch\/fr\/xbox-series-x-black-friday-1\/\",\"name\":\"Xbox Series X Black Friday 2026 | Toutes les promos\",\"isPartOf\":{\"@id\":\"https:\/\/www.blackfridaydeals.ch\/fr\/#website\"},\"datePublished\":\"2020-10-21T14:30:39+00:00\",\"dateModified\":\"2025-02-07T12:50:51+00:00\",\"description\":\"Ici vous trouvez tout les informations sur la disponibilit\u00e9 et les offres de la Xbox Series X et Xbox Series S pour Black Friday 2026.\",\"breadcrumb\":{\"@id\":\"https:\/\/www.blackfridaydeals.ch\/fr\/xbox-series-x-black-friday-1\/#breadcrumb\"},\"inLanguage\":\"fr-CH\",\"potentialAction\":[{\"@type\":\"ReadAction\",\"target\":[\"https:\/\/www.blackfridaydeals.ch\/fr\/xbox-series-x-black-friday-1\/\"]}]},{\"@type\":\"BreadcrumbList\",\"@id\":\"https:\/\/www.blackfridaydeals.ch\/fr\/xbox-series-x-black-friday-1\/#breadcrumb\",\"itemListElement\":[{\"@type\":\"ListItem\",\"position\":1,\"name\":\"Startseite\",\"item\":\"https:\/\/www.blackfridaydeals.ch\/fr\/\"},{\"@type\":\"ListItem\",\"position\":2,\"name\":\"La console de jeux Xbox Series X \/ S au Black Friday\"}]},{\"@type\":\"WebSite\",\"@id\":\"https:\/\/www.blackfridaydeals.ch\/fr\/#website\",\"url\":\"https:\/\/www.blackfridaydeals.ch\/fr\/\",\"name\":\"blackfridaydeals.ch\",\"description\":\"Toutes les offres du Black Friday 2025 en Suisse\",\"publisher\":{\"@id\":\"https:\/\/www.blackfridaydeals.ch\/fr\/#organization\"},\"alternateName\":\"Black Friday Deals\",\"potentialAction\":[{\"@type\":\"SearchAction\",\"target\":{\"@type\":\"EntryPoint\",\"urlTemplate\":\"https:\/\/www.blackfridaydeals.ch\/fr\/?s={search_term_string}\"},\"query-input\":\"required name=search_term_string\"}],\"inLanguage\":\"fr-CH\"},{\"@type\":\"Organization\",\"@id\":\"https:\/\/www.blackfridaydeals.ch\/fr\/#organization\",\"name\":\"blackfridaydeals.ch\",\"alternateName\":\"Black Friday Deals\",\"url\":\"https:\/\/www.blackfridaydeals.ch\/fr\/\",\"logo\":{\"@type\":\"ImageObject\",\"inLanguage\":\"fr-CH\",\"@id\":\"https:\/\/www.blackfridaydeals.ch\/fr\/#\/schema\/logo\/image\/\",\"url\":\"https:\/\/www.blackfridaydeals.ch\/wp-content\/uploads\/2023\/03\/app-icon-white-bg-jpg.jpg\",\"contentUrl\":\"https:\/\/www.blackfridaydeals.ch\/wp-content\/uploads\/2023\/03\/app-icon-white-bg-jpg.jpg\",\"width\":512,\"height\":512,\"caption\":\"blackfridaydeals.ch\"},\"image\":{\"@id\":\"https:\/\/www.blackfridaydeals.ch\/fr\/#\/schema\/logo\/image\/\"},\"sameAs\":[\"https:\/\/www.facebook.com\/blackfridaydealsch\/\",\"https:\/\/twitter.com\/blackfridaych\",\"https:\/\/www.youtube.com\/channel\/UCNKXHacMw8AS34mBgzVx3FQ\",\"https:\/\/www.instagram.com\/blackfridaydeals.ch\/\"]}]}<\/script>\n<!-- \/ Yoast SEO plugin. -->","yoast_head_json":{"title":"Xbox Series X Black Friday 2026 | Toutes les promos","description":"Ici vous trouvez tout les informations sur la disponibilit\u00e9 et les offres de la Xbox Series X et Xbox Series S pour Black Friday 2026.","robots":{"index":"index","follow":"follow","max-snippet":"max-snippet:-1","max-image-preview":"max-image-preview:large","max-video-preview":"max-video-preview:-1"},"canonical":"https:\/\/www.blackfridaydeals.ch\/fr\/xbox-series-x-black-friday-1\/","og_locale":"fr_FR","og_type":"article","og_title":"Xbox Series X Black Friday 2026 | Toutes les promos","og_description":"Ici vous trouvez tout les informations sur la disponibilit\u00e9 et les offres de la Xbox Series X et Xbox Series S pour Black Friday 2026.","og_url":"https:\/\/www.blackfridaydeals.ch\/fr\/xbox-series-x-black-friday-1\/","og_site_name":"blackfridaydeals.ch","article_publisher":"https:\/\/www.facebook.com\/blackfridaydealsch\/","article_modified_time":"2025-02-07T12:50:51+00:00","og_image":[{"width":1500,"height":1500,"url":"https:\/\/www.blackfridaydeals.ch\/wp-content\/uploads\/2023\/08\/xbox-series-black-friday.jpg","type":"image\/jpeg"}],"twitter_card":"summary_large_image","twitter_site":"@blackfridaych","twitter_misc":{"Est. reading time":"6 minutes"},"schema":{"@context":"https:\/\/schema.org","@graph":[{"@type":"WebPage","@id":"https:\/\/www.blackfridaydeals.ch\/fr\/xbox-series-x-black-friday-1\/","url":"https:\/\/www.blackfridaydeals.ch\/fr\/xbox-series-x-black-friday-1\/","name":"Xbox Series X Black Friday 2026 | Toutes les promos","isPartOf":{"@id":"https:\/\/www.blackfridaydeals.ch\/fr\/#website"},"datePublished":"2020-10-21T14:30:39+00:00","dateModified":"2025-02-07T12:50:51+00:00","description":"Ici vous trouvez tout les informations sur la disponibilit\u00e9 et les offres de la Xbox Series X et Xbox Series S pour Black Friday 2026.","breadcrumb":{"@id":"https:\/\/www.blackfridaydeals.ch\/fr\/xbox-series-x-black-friday-1\/#breadcrumb"},"inLanguage":"fr-CH","potentialAction":[{"@type":"ReadAction","target":["https:\/\/www.blackfridaydeals.ch\/fr\/xbox-series-x-black-friday-1\/"]}]},{"@type":"BreadcrumbList","@id":"https:\/\/www.blackfridaydeals.ch\/fr\/xbox-series-x-black-friday-1\/#breadcrumb","itemListElement":[{"@type":"ListItem","position":1,"name":"Startseite","item":"https:\/\/www.blackfridaydeals.ch\/fr\/"},{"@type":"ListItem","position":2,"name":"La console de jeux Xbox Series X \/ S au Black Friday"}]},{"@type":"WebSite","@id":"https:\/\/www.blackfridaydeals.ch\/fr\/#website","url":"https:\/\/www.blackfridaydeals.ch\/fr\/","name":"blackfridaydeals.ch","description":"Toutes les offres du Black Friday 2025 en Suisse","publisher":{"@id":"https:\/\/www.blackfridaydeals.ch\/fr\/#organization"},"alternateName":"Black Friday Deals","potentialAction":[{"@type":"SearchAction","target":{"@type":"EntryPoint","urlTemplate":"https:\/\/www.blackfridaydeals.ch\/fr\/?s={search_term_string}"},"query-input":"required name=search_term_string"}],"inLanguage":"fr-CH"},{"@type":"Organization","@id":"https:\/\/www.blackfridaydeals.ch\/fr\/#organization","name":"blackfridaydeals.ch","alternateName":"Black Friday Deals","url":"https:\/\/www.blackfridaydeals.ch\/fr\/","logo":{"@type":"ImageObject","inLanguage":"fr-CH","@id":"https:\/\/www.blackfridaydeals.ch\/fr\/#\/schema\/logo\/image\/","url":"https:\/\/www.blackfridaydeals.ch\/wp-content\/uploads\/2023\/03\/app-icon-white-bg-jpg.jpg","contentUrl":"https:\/\/www.blackfridaydeals.ch\/wp-content\/uploads\/2023\/03\/app-icon-white-bg-jpg.jpg","width":512,"height":512,"caption":"blackfridaydeals.ch"},"image":{"@id":"https:\/\/www.blackfridaydeals.ch\/fr\/#\/schema\/logo\/image\/"},"sameAs":["https:\/\/www.facebook.com\/blackfridaydealsch\/","https:\/\/twitter.com\/blackfridaych","https:\/\/www.youtube.com\/channel\/UCNKXHacMw8AS34mBgzVx3FQ","https:\/\/www.instagram.com\/blackfridaydeals.ch\/"]}]}},"_links":{"self":[{"href":"https:\/\/www.blackfridaydeals.ch\/fr\/wp-json\/wp\/v2\/pages\/26630"}],"collection":[{"href":"https:\/\/www.blackfridaydeals.ch\/fr\/wp-json\/wp\/v2\/pages"}],"about":[{"href":"https:\/\/www.blackfridaydeals.ch\/fr\/wp-json\/wp\/v2\/types\/page"}],"author":[{"embeddable":true,"href":"https:\/\/www.blackfridaydeals.ch\/fr\/wp-json\/wp\/v2\/users\/40"}],"replies":[{"embeddable":true,"href":"https:\/\/www.blackfridaydeals.ch\/fr\/wp-json\/wp\/v2\/comments?post=26630"}],"version-history":[{"count":19,"href":"https:\/\/www.blackfridaydeals.ch\/fr\/wp-json\/wp\/v2\/pages\/26630\/revisions"}],"predecessor-version":[{"id":98786,"href":"https:\/\/www.blackfridaydeals.ch\/fr\/wp-json\/wp\/v2\/pages\/26630\/revisions\/98786"}],"wp:featuredmedia":[{"embeddable":true,"href":"https:\/\/www.blackfridaydeals.ch\/fr\/wp-json\/wp\/v2\/media\/64016"}],"wp:attachment":[{"href":"https:\/\/www.blackfridaydeals.ch\/fr\/wp-json\/wp\/v2\/media?parent=26630"}],"curies":[{"name":"wp","href":"https:\/\/api.w.org\/{rel}","templated":true}]}}