{"id":26628,"date":"2020-10-21T16:08:39","date_gmt":"2020-10-21T14:08:39","guid":{"rendered":"https:\/\/www.blackfridaydeals.ch\/?page_id=26628"},"modified":"2025-02-07T15:18:52","modified_gmt":"2025-02-07T14:18:52","slug":"abo-mobile-black-friday","status":"publish","type":"page","link":"https:\/\/www.blackfridaydeals.ch\/fr\/abo-mobile-black-friday\/","title":{"rendered":"Les meilleurs abonnements de t\u00e9l\u00e9phonie mobile au Black Friday"},"content":{"rendered":"<p>[vc_row][vc_column]\n[vc_column_text]<img decoding=\"async\" class=\"alignright size-medium wp-image-95703\" src=\"https:\/\/www.blackfridaydeals.ch\/wp-content\/uploads\/2024\/11\/wingo_red_fr-300x200.jpg\" alt=\"\" width=\"300\" height=\"200\" srcset=\"https:\/\/www.blackfridaydeals.ch\/wp-content\/uploads\/2024\/11\/wingo_red_fr-300x200.jpg 300w, https:\/\/www.blackfridaydeals.ch\/wp-content\/uploads\/2024\/11\/wingo_red_fr-1024x683.jpg 1024w, https:\/\/www.blackfridaydeals.ch\/wp-content\/uploads\/2024\/11\/wingo_red_fr-768x512.jpg 768w, https:\/\/www.blackfridaydeals.ch\/wp-content\/uploads\/2024\/11\/wingo_red_fr-1536x1024.jpg 1536w, https:\/\/www.blackfridaydeals.ch\/wp-content\/uploads\/2024\/11\/wingo_red_fr-2048x1365.jpg 2048w, https:\/\/www.blackfridaydeals.ch\/wp-content\/uploads\/2024\/11\/wingo_red_fr-225x150.jpg 225w, https:\/\/www.blackfridaydeals.ch\/wp-content\/uploads\/2024\/11\/wingo_red_fr-100x67.jpg 100w, https:\/\/www.blackfridaydeals.ch\/wp-content\/uploads\/2024\/11\/wingo_red_fr-525x350.jpg 525w, https:\/\/www.blackfridaydeals.ch\/wp-content\/uploads\/2024\/11\/wingo_red_fr-788x525.jpg 788w, https:\/\/www.blackfridaydeals.ch\/wp-content\/uploads\/2024\/11\/wingo_red_fr.jpg 1200w\" sizes=\"(max-width: 300px) 100vw, 300px\" \/>Choisir le bon abonnement de t\u00e9l\u00e9phonie mobile n\u2019est pas chose ais\u00e9e. La Suisse compte de nombreux prestataires dont les offres varient en termes de prix et d\u2019options (donn\u00e9es, appels, SMS, etc.). Pour d\u00e9nicher l\u2019abonnement qui vous convient, il est primordial de d\u00e9finir vos besoins (forfait voix illimit\u00e9, volume de data, roaming \u00e9ventuel\u2026) puis de comparer les formules existantes.<\/p>\n<p>Les p\u00e9riodes de promotions, telles que le <strong>Black Friday 2026<\/strong>, constituent une excellente opportunit\u00e9 pour souscrire un abonnement \u00e0 moindre co\u00fbt. C\u2019est d\u2019autant plus avantageux qu\u2019un forfait vous engage souvent sur plusieurs mois, voire ann\u00e9es\u00a0: la remise obtenue peut donc avoir un impact financier sur une longue dur\u00e9e. Vous trouverez ci-dessous un tour d\u2019horizon des offres potentielles dans le domaine des abonnements mobiles cette ann\u00e9e.<\/p>\n<p><strong>Vous devriez garder un \u0153il sur ces fournisseurs au Black Friday.<\/strong><\/p>\n<p>Les principaux r\u00e9seaux de t\u00e9l\u00e9phonie mobile en Suisse sont Sunrise, Swisscom et SALT. Toutefois, il existe un certain nombre de fournisseurs aupr\u00e8s desquels vous pouvez souscrire des abonnements de t\u00e9l\u00e9phonie mobile via l\u2019un de ces r\u00e9seaux. Il s\u2019agit notamment des entreprises suivantes\u00a0:<\/p>\n<ul>\n<li><a href=\"https:\/\/www.blackfridaydeals.ch\/fr\/shops\/salt-fr\/\">Salt<\/a><\/li>\n<li><a href=\"https:\/\/www.blackfridaydeals.ch\/fr\/shops\/yallo-fr\/\">Yallo<\/a><\/li>\n<li><a href=\"https:\/\/www.blackfridaydeals.ch\/fr\/shops\/wingo-fr\/\">Wingo<\/a><\/li>\n<li>Lebara<\/li>\n<li>Lidl Connect<\/li>\n<li>Aldi Suisse<\/li>\n<\/ul>\n<p>Chacune de ces entreprises pourrait avoir des offres sp\u00e9ciales au Black Friday. Alors, cela ne vous co\u00fbterait rien de les suivre. Nous vous ferons savoir imm\u00e9diatement s\u2019il y a des annonces concernant les offres sp\u00e9cialement destin\u00e9es au Black Friday.<\/p>\n<p><strong>Ces bons plans pourraient \u00eatre disponibles au Black Friday 2026.<\/strong><\/p>\n<p>Les prestataires de t\u00e9l\u00e9phonie mobile ont recours \u00e0 diff\u00e9rentes strat\u00e9gies pour promouvoir leurs abonnements. D\u2019ailleurs, certains avaient d\u00e9j\u00e0 offert de bons plans au cours des ann\u00e9es pr\u00e9c\u00e9dentes qui pourraient nous aider \u00e0 deviner les offres au Black Friday de cette ann\u00e9e. Cependant, il est toujours possible que les remises pr\u00e9c\u00e9dentes soient largement d\u00e9pass\u00e9es au Black Friday 2026.<\/p>\n<h3><strong>Voici ce qu\u2019on avait propos\u00e9 par le pass\u00e9 lors du Black Friday\u00a0:<\/strong><\/h3>\n<ul>\n<li>50 % de r\u00e9duction sur le co\u00fbt mensuel d\u2019un abonnement avec une dur\u00e9e minimale de contrat<\/li>\n<li>60 % de r\u00e9duction sur l\u2019internet mobile<\/li>\n<li>iPhone ou Samsung Smartphone gratuit avec abonnement<\/li>\n<\/ul>\n<p><img decoding=\"async\" class=\"alignright size-medium wp-image-94068\" src=\"https:\/\/www.blackfridaydeals.ch\/wp-content\/uploads\/2024\/11\/yallo_black-1-300x200.jpg\" alt=\"\" width=\"300\" height=\"200\" srcset=\"https:\/\/www.blackfridaydeals.ch\/wp-content\/uploads\/2024\/11\/yallo_black-1-300x200.jpg 300w, https:\/\/www.blackfridaydeals.ch\/wp-content\/uploads\/2024\/11\/yallo_black-1-1024x683.jpg 1024w, https:\/\/www.blackfridaydeals.ch\/wp-content\/uploads\/2024\/11\/yallo_black-1-768x512.jpg 768w, https:\/\/www.blackfridaydeals.ch\/wp-content\/uploads\/2024\/11\/yallo_black-1-1536x1024.jpg 1536w, https:\/\/www.blackfridaydeals.ch\/wp-content\/uploads\/2024\/11\/yallo_black-1-2048x1365.jpg 2048w, https:\/\/www.blackfridaydeals.ch\/wp-content\/uploads\/2024\/11\/yallo_black-1-225x150.jpg 225w, https:\/\/www.blackfridaydeals.ch\/wp-content\/uploads\/2024\/11\/yallo_black-1-100x67.jpg 100w, https:\/\/www.blackfridaydeals.ch\/wp-content\/uploads\/2024\/11\/yallo_black-1-525x350.jpg 525w, https:\/\/www.blackfridaydeals.ch\/wp-content\/uploads\/2024\/11\/yallo_black-1-788x525.jpg 788w, https:\/\/www.blackfridaydeals.ch\/wp-content\/uploads\/2024\/11\/yallo_black-1.jpg 1200w\" sizes=\"(max-width: 300px) 100vw, 300px\" \/>Les abonnements ont g\u00e9n\u00e9ralement une dur\u00e9e minimale, qui peut varier selon le fournisseur. Toutefois, avant de signer un contrat, vous devez toujours v\u00e9rifier la dur\u00e9e de validit\u00e9 du contrat et si la r\u00e9duction reste valable pendant toute la dur\u00e9e. Ainsi, vous pouvez \u00e9viter de vous \u00e9nerver en d\u00e9couvrant que l\u2019abonnement est plus cher ou qu\u2019il est plus long que pr\u00e9vu.<\/p>\n<p>Certains abonnements sont souscrits avec en option un smartphone que vous obtiendrez \u00e0 prix r\u00e9duit. Il se peut aussi que vous receviez le smartphone gratuitement une fois vous aurez sign\u00e9 le contrat. Au Black Friday, en particulier, vous pouvez trouver de telles offres, la plupart du temps \u00e0 des conditions avantageuses, et le nec plus ultra, c\u2019est que vous pourrez vous offrir les appareils les plus r\u00e9cents. On peut citer comme exemple le Samsung Galaxy S24 Ultra ou l\u2019iPhone 15 Pro. Obtenir un nouveau t\u00e9l\u00e9phone gratuitement avec votre abonnement peut vraiment donner un autre go\u00fbt \u00e0 cet important \u00e9v\u00e9nement de shopping.<\/p>\n<h2>Comment b\u00e9n\u00e9ficier des offres du Black Friday<\/h2>\n<p>Avec certains abonnements, vous pourrez b\u00e9n\u00e9ficier automatiquement d\u2019un prix r\u00e9duit pendant les journ\u00e9es de promotion autour du Black Friday. Dans ce cas, on cherche essentiellement \u00e0 vous faire conna\u00eetre l\u2019offre. Les autres abonnements ne sont disponibles \u00e0 un prix r\u00e9duit que si vous entrez un code de promotion. En g\u00e9n\u00e9ral, vous pouvez trouver ce code directement dans le texte de l\u2019offre. Quoi qu\u2019il en soit, vous devez se montrer attentif aux offres sp\u00e9ciales lanc\u00e9es \u00e0 l\u2019occasion du Black Friday. Dans tous les cas, nous vous tenons au courant en temps r\u00e9el des nouvelles promotions sur les abonnements de t\u00e9l\u00e9phonie mobile. Bien entendu, vous recevrez \u00e9galement le code promo correspondant, le cas \u00e9ch\u00e9ant. Il peut \u00e9galement \u00eatre judicieux de s\u2019abonner \u00e0 la Newsletter de certains fournisseurs susceptibles de vous int\u00e9resser. Ainsi, vous ne manquerez aucune action et vous pourrez d\u00e9cider au Black Friday de conclure une bonne affaire selon vos choix et vos d\u00e9sirs.<\/p>\n<h2>Pourrait-on s\u2019attendre au Black Friday de cette ann\u00e9e \u00e0 de belles promotions dans le domaine des abonnements \u00e0 la t\u00e9l\u00e9phonie mobile\u00a0?<\/h2>\n<p>Il n\u2019est pas facile d\u2019apporter des r\u00e9ponses pr\u00e9cises \u00e0 ce genre de question, que ce soit dans le domaine de la t\u00e9l\u00e9phonie ou dans les autres domaines, car il s\u2019agit de sp\u00e9culations qui restent tributaires de plusieurs facteurs.<\/p>\n<p>Toutefois, comme certains prestataires avaient d\u00e9j\u00e0 offert ces derni\u00e8res ann\u00e9es des abonnements de t\u00e9l\u00e9phonie mobile moins chers, on pourrait esp\u00e9rer de voir cette action se concr\u00e9tiser au Black Friday de cette ann\u00e9e. Dans certains cas, vous pouviez m\u00eame obtenir une r\u00e9duction de 50\u00a0% sur un tarif illimit\u00e9. La dur\u00e9e du contrat \u00e9tait de 24\u00a0mois, mais vous pouviez b\u00e9n\u00e9ficier du prix r\u00e9duit tout le temps. Cette ann\u00e9e encore, ces actions pourraient \u00eatre renouvel\u00e9es sans probl\u00e8me. \u00c0 notre avis, il est tr\u00e8s peu probable que tous les fournisseurs du secteur ignorent le Black Friday de cette ann\u00e9e. Nous supposons plut\u00f4t que le nombre d\u2019entreprises qui participeront \u00e0 cette manifestation commerciale sera plus important et que l\u2019on pourrait m\u00eame d\u00e9couvrir des offres encore plus fructueuses.<\/p>\n<h2>Vous pouvez \u00e9galement d\u00e9couvrir des offres lors de ces \u00e9v\u00e9nements\u00a0!<\/h2>\n<p>Le Black Friday n\u2019est pas le seul grand \u00e9v\u00e9nement de shopping en Suisse. Le Cyber Monday est \u00e9galement c\u00e9l\u00e9br\u00e9 par de plus en plus d\u2019entreprises et on y propose des offres fabuleuses, notamment dans le secteur de l\u2019\u00e9lectronique. Cela ne nous surprendra nullement que vous trouviez \u00e9galement des abonnements de t\u00e9l\u00e9phonie mobile \u00e0 des conditions plus favorables lors du Cyber Monday. Certains fournisseurs d\u2019ailleurs prolongent simplement leurs offres du Black Friday jusqu\u2019au lundi suivant, ce qui peut \u00eatre tr\u00e8s int\u00e9ressant. Il est toutefois possible que les prestataires qui n\u2019aient pas particip\u00e9 au Black Friday se manifestent au Cyber Monday en proposant des abonnements \u00e0 des prix r\u00e9duits.<\/p>\n<p>Le <a href=\"https:\/\/www.blackfridaydeals.ch\/fr\/singles-day\/\">Singles Day<\/a> est un peu moins important en Suisse que les deux autres \u00e9v\u00e9nements de shopping, mais on remarque que cet \u00e9v\u00e9nement commence \u00e0 prendre de l\u2019ampleur et \u00e0 int\u00e9resser de plus en plus les Suisses.<\/p>\n<p>Le Singles Day est c\u00e9l\u00e9br\u00e9 le 11.11, et peut-\u00eatre, vous allez d\u00e9couvrir cette ann\u00e9e des offres sp\u00e9ciales lors de cet \u00e9v\u00e8nement commercial.<\/p>\n<p>Il se peut que l\u2019abonnement soit offert au prix de 11,11\u00a0CHF, en r\u00e9f\u00e9rence \u00e0 cette date symbolique du 11.11. Mais, \u00e0 dire vrai, nous ne faisons que sp\u00e9culer.<\/p>\n<p>Dans tous les cas, il serait certainement b\u00e9n\u00e9fique que vous surveilliez de pr\u00e8s toutes les manifestations de shopping. Surtout lorsqu\u2019il s\u2019agit d\u2019abonnement de t\u00e9l\u00e9phonie mobile, car b\u00e9n\u00e9ficier d\u2019une bonne r\u00e9duction est toujours avantageux. Le Black Friday vous offre de belles opportunit\u00e9s, mais les autres \u00e9v\u00e9nements de shopping m\u00e9ritent \u00e9galement l\u2019attention.<\/p>\n<p>&nbsp;<\/p>\n<h3>D&#8217;autres articles int\u00e9ressants<\/h3>\n<ul>\n<li><a href=\"https:\/\/www.blackfridaydeals.ch\/fr\/airpods-black-friday\/\">AirPods Black Friday 2026<\/a><\/li>\n<li><a href=\"https:\/\/www.blackfridaydeals.ch\/fr\/macbooks-black-friday\/\">Les meilleurs MacBooks en offre sp\u00e9ciale au Black Friday 2026<\/a><\/li>\n<li><a href=\"https:\/\/www.blackfridaydeals.ch\/fr\/lipad-au-black-friday\/\">L\u2019iPad d\u2019Apple offre une touche high-tech au Black Friday 2026<\/a><\/li>\n<li><a href=\"https:\/\/www.blackfridaydeals.ch\/fr\/microsoft-surface-au-black-friday\/\">Obtenez votre Microsoft Surface au Black Friday 2026<\/a><\/li>\n<li><a href=\"https:\/\/www.blackfridaydeals.ch\/fr\/apple-watch-black-friday\/\">Apple Watch Series 6 Black Friday 2026<\/a><\/li>\n<li><a href=\"https:\/\/www.blackfridaydeals.ch\/fr\/smartphones-black-friday\/\">Les derniers smartphones en vedette<\/a><\/li>\n<li><a href=\"https:\/\/www.blackfridaydeals.ch\/fr\/monerio-cashback\/\">Monerio Cashback au Black Friday<\/a><\/li>\n<li><a href=\"https:\/\/www.blackfridaydeals.ch\/fr\/bijouterie-black-friday\/\">Les offres au Black Friday 2026 dans l\u2019univers de la bijouterie<\/a><\/li>\n<li><a href=\"https:\/\/www.blackfridaydeals.ch\/fr\/airpods-black-friday\/\">Les \u00e9couteurs Bluetooth AirPods d\u2019Apple au Black Friday 2026<\/a><\/li>\n<\/ul>\n<p>[\/vc_column_text][\/vc_column][\/vc_row]<\/p>\n","protected":false},"excerpt":{"rendered":"<p>[vc_row][vc_column][vc_column_text]Choisir le bon abonnement de t\u00e9l\u00e9phonie mobile n\u2019est pas chose ais\u00e9e. La Suisse compte de nombreux prestataires dont les offres varient en termes de prix et d\u2019options (donn\u00e9es, appels, SMS, etc.). Pour d\u00e9nicher l\u2019abonnement qui vous convient, il est primordial de d\u00e9finir vos besoins (forfait voix illimit\u00e9, volume de data, roaming \u00e9ventuel\u2026) puis de comparer [&hellip;]<\/p>\n","protected":false},"author":40,"featured_media":26521,"parent":0,"menu_order":0,"comment_status":"closed","ping_status":"closed","template":"","meta":[],"yoast_head":"<!-- This site is optimized with the Yoast SEO plugin v20.5 - https:\/\/yoast.com\/wordpress\/plugins\/seo\/ -->\n<title>Abonnements de t\u00e9l\u00e9phonie mobile Black Friday 2026<\/title>\n<meta name=\"description\" content=\"Abonnements de t\u00e9l\u00e9phonie mobile : les offres du Black Friday 2026 Ici vous trouverez toutes les offres Black Friday.\" \/>\n<meta name=\"robots\" content=\"index, follow, max-snippet:-1, max-image-preview:large, max-video-preview:-1\" \/>\n<link rel=\"canonical\" href=\"https:\/\/www.blackfridaydeals.ch\/fr\/abo-mobile-black-friday\/\" \/>\n<meta property=\"og:locale\" content=\"fr_FR\" \/>\n<meta property=\"og:type\" content=\"article\" \/>\n<meta property=\"og:title\" content=\"Abonnements de t\u00e9l\u00e9phonie mobile Black Friday 2026\" \/>\n<meta property=\"og:description\" content=\"Abonnements de t\u00e9l\u00e9phonie mobile : les offres du Black Friday 2026 Ici vous trouverez toutes les offres Black Friday.\" \/>\n<meta property=\"og:url\" content=\"https:\/\/www.blackfridaydeals.ch\/fr\/abo-mobile-black-friday\/\" \/>\n<meta property=\"og:site_name\" content=\"blackfridaydeals.ch\" \/>\n<meta property=\"article:publisher\" content=\"https:\/\/www.facebook.com\/blackfridaydealsch\/\" \/>\n<meta property=\"article:modified_time\" content=\"2025-02-07T14:18:52+00:00\" \/>\n<meta property=\"og:image\" content=\"https:\/\/www.blackfridaydeals.ch\/wp-content\/uploads\/2020\/10\/Handyabos-am-Black-Friday.jpg\" \/>\n\t<meta property=\"og:image:width\" content=\"1280\" \/>\n\t<meta property=\"og:image:height\" content=\"853\" \/>\n\t<meta property=\"og:image:type\" content=\"image\/jpeg\" \/>\n<meta name=\"twitter:card\" content=\"summary_large_image\" \/>\n<meta name=\"twitter:site\" content=\"@blackfridaych\" \/>\n<meta name=\"twitter:label1\" content=\"Est. reading time\" \/>\n\t<meta name=\"twitter:data1\" content=\"6 minutes\" \/>\n<script type=\"application\/ld+json\" class=\"yoast-schema-graph\">{\"@context\":\"https:\/\/schema.org\",\"@graph\":[{\"@type\":\"WebPage\",\"@id\":\"https:\/\/www.blackfridaydeals.ch\/fr\/abo-mobile-black-friday\/\",\"url\":\"https:\/\/www.blackfridaydeals.ch\/fr\/abo-mobile-black-friday\/\",\"name\":\"Abonnements de t\u00e9l\u00e9phonie mobile Black Friday 2026\",\"isPartOf\":{\"@id\":\"https:\/\/www.blackfridaydeals.ch\/fr\/#website\"},\"datePublished\":\"2020-10-21T14:08:39+00:00\",\"dateModified\":\"2025-02-07T14:18:52+00:00\",\"description\":\"Abonnements de t\u00e9l\u00e9phonie mobile : les offres du Black Friday 2026 Ici vous trouverez toutes les offres Black Friday.\",\"breadcrumb\":{\"@id\":\"https:\/\/www.blackfridaydeals.ch\/fr\/abo-mobile-black-friday\/#breadcrumb\"},\"inLanguage\":\"fr-CH\",\"potentialAction\":[{\"@type\":\"ReadAction\",\"target\":[\"https:\/\/www.blackfridaydeals.ch\/fr\/abo-mobile-black-friday\/\"]}]},{\"@type\":\"BreadcrumbList\",\"@id\":\"https:\/\/www.blackfridaydeals.ch\/fr\/abo-mobile-black-friday\/#breadcrumb\",\"itemListElement\":[{\"@type\":\"ListItem\",\"position\":1,\"name\":\"Startseite\",\"item\":\"https:\/\/www.blackfridaydeals.ch\/fr\/\"},{\"@type\":\"ListItem\",\"position\":2,\"name\":\"Les meilleurs abonnements de t\u00e9l\u00e9phonie mobile au Black Friday\"}]},{\"@type\":\"WebSite\",\"@id\":\"https:\/\/www.blackfridaydeals.ch\/fr\/#website\",\"url\":\"https:\/\/www.blackfridaydeals.ch\/fr\/\",\"name\":\"blackfridaydeals.ch\",\"description\":\"Toutes les offres du Black Friday 2025 en Suisse\",\"publisher\":{\"@id\":\"https:\/\/www.blackfridaydeals.ch\/fr\/#organization\"},\"alternateName\":\"Black Friday Deals\",\"potentialAction\":[{\"@type\":\"SearchAction\",\"target\":{\"@type\":\"EntryPoint\",\"urlTemplate\":\"https:\/\/www.blackfridaydeals.ch\/fr\/?s={search_term_string}\"},\"query-input\":\"required name=search_term_string\"}],\"inLanguage\":\"fr-CH\"},{\"@type\":\"Organization\",\"@id\":\"https:\/\/www.blackfridaydeals.ch\/fr\/#organization\",\"name\":\"blackfridaydeals.ch\",\"alternateName\":\"Black Friday Deals\",\"url\":\"https:\/\/www.blackfridaydeals.ch\/fr\/\",\"logo\":{\"@type\":\"ImageObject\",\"inLanguage\":\"fr-CH\",\"@id\":\"https:\/\/www.blackfridaydeals.ch\/fr\/#\/schema\/logo\/image\/\",\"url\":\"https:\/\/www.blackfridaydeals.ch\/wp-content\/uploads\/2023\/03\/app-icon-white-bg-jpg.jpg\",\"contentUrl\":\"https:\/\/www.blackfridaydeals.ch\/wp-content\/uploads\/2023\/03\/app-icon-white-bg-jpg.jpg\",\"width\":512,\"height\":512,\"caption\":\"blackfridaydeals.ch\"},\"image\":{\"@id\":\"https:\/\/www.blackfridaydeals.ch\/fr\/#\/schema\/logo\/image\/\"},\"sameAs\":[\"https:\/\/www.facebook.com\/blackfridaydealsch\/\",\"https:\/\/twitter.com\/blackfridaych\",\"https:\/\/www.youtube.com\/channel\/UCNKXHacMw8AS34mBgzVx3FQ\",\"https:\/\/www.instagram.com\/blackfridaydeals.ch\/\"]}]}<\/script>\n<!-- \/ Yoast SEO plugin. -->","yoast_head_json":{"title":"Abonnements de t\u00e9l\u00e9phonie mobile Black Friday 2026","description":"Abonnements de t\u00e9l\u00e9phonie mobile : les offres du Black Friday 2026 Ici vous trouverez toutes les offres Black Friday.","robots":{"index":"index","follow":"follow","max-snippet":"max-snippet:-1","max-image-preview":"max-image-preview:large","max-video-preview":"max-video-preview:-1"},"canonical":"https:\/\/www.blackfridaydeals.ch\/fr\/abo-mobile-black-friday\/","og_locale":"fr_FR","og_type":"article","og_title":"Abonnements de t\u00e9l\u00e9phonie mobile Black Friday 2026","og_description":"Abonnements de t\u00e9l\u00e9phonie mobile : les offres du Black Friday 2026 Ici vous trouverez toutes les offres Black Friday.","og_url":"https:\/\/www.blackfridaydeals.ch\/fr\/abo-mobile-black-friday\/","og_site_name":"blackfridaydeals.ch","article_publisher":"https:\/\/www.facebook.com\/blackfridaydealsch\/","article_modified_time":"2025-02-07T14:18:52+00:00","og_image":[{"width":1280,"height":853,"url":"https:\/\/www.blackfridaydeals.ch\/wp-content\/uploads\/2020\/10\/Handyabos-am-Black-Friday.jpg","type":"image\/jpeg"}],"twitter_card":"summary_large_image","twitter_site":"@blackfridaych","twitter_misc":{"Est. reading time":"6 minutes"},"schema":{"@context":"https:\/\/schema.org","@graph":[{"@type":"WebPage","@id":"https:\/\/www.blackfridaydeals.ch\/fr\/abo-mobile-black-friday\/","url":"https:\/\/www.blackfridaydeals.ch\/fr\/abo-mobile-black-friday\/","name":"Abonnements de t\u00e9l\u00e9phonie mobile Black Friday 2026","isPartOf":{"@id":"https:\/\/www.blackfridaydeals.ch\/fr\/#website"},"datePublished":"2020-10-21T14:08:39+00:00","dateModified":"2025-02-07T14:18:52+00:00","description":"Abonnements de t\u00e9l\u00e9phonie mobile : les offres du Black Friday 2026 Ici vous trouverez toutes les offres Black Friday.","breadcrumb":{"@id":"https:\/\/www.blackfridaydeals.ch\/fr\/abo-mobile-black-friday\/#breadcrumb"},"inLanguage":"fr-CH","potentialAction":[{"@type":"ReadAction","target":["https:\/\/www.blackfridaydeals.ch\/fr\/abo-mobile-black-friday\/"]}]},{"@type":"BreadcrumbList","@id":"https:\/\/www.blackfridaydeals.ch\/fr\/abo-mobile-black-friday\/#breadcrumb","itemListElement":[{"@type":"ListItem","position":1,"name":"Startseite","item":"https:\/\/www.blackfridaydeals.ch\/fr\/"},{"@type":"ListItem","position":2,"name":"Les meilleurs abonnements de t\u00e9l\u00e9phonie mobile au Black Friday"}]},{"@type":"WebSite","@id":"https:\/\/www.blackfridaydeals.ch\/fr\/#website","url":"https:\/\/www.blackfridaydeals.ch\/fr\/","name":"blackfridaydeals.ch","description":"Toutes les offres du Black Friday 2025 en Suisse","publisher":{"@id":"https:\/\/www.blackfridaydeals.ch\/fr\/#organization"},"alternateName":"Black Friday Deals","potentialAction":[{"@type":"SearchAction","target":{"@type":"EntryPoint","urlTemplate":"https:\/\/www.blackfridaydeals.ch\/fr\/?s={search_term_string}"},"query-input":"required name=search_term_string"}],"inLanguage":"fr-CH"},{"@type":"Organization","@id":"https:\/\/www.blackfridaydeals.ch\/fr\/#organization","name":"blackfridaydeals.ch","alternateName":"Black Friday Deals","url":"https:\/\/www.blackfridaydeals.ch\/fr\/","logo":{"@type":"ImageObject","inLanguage":"fr-CH","@id":"https:\/\/www.blackfridaydeals.ch\/fr\/#\/schema\/logo\/image\/","url":"https:\/\/www.blackfridaydeals.ch\/wp-content\/uploads\/2023\/03\/app-icon-white-bg-jpg.jpg","contentUrl":"https:\/\/www.blackfridaydeals.ch\/wp-content\/uploads\/2023\/03\/app-icon-white-bg-jpg.jpg","width":512,"height":512,"caption":"blackfridaydeals.ch"},"image":{"@id":"https:\/\/www.blackfridaydeals.ch\/fr\/#\/schema\/logo\/image\/"},"sameAs":["https:\/\/www.facebook.com\/blackfridaydealsch\/","https:\/\/twitter.com\/blackfridaych","https:\/\/www.youtube.com\/channel\/UCNKXHacMw8AS34mBgzVx3FQ","https:\/\/www.instagram.com\/blackfridaydeals.ch\/"]}]}},"_links":{"self":[{"href":"https:\/\/www.blackfridaydeals.ch\/fr\/wp-json\/wp\/v2\/pages\/26628"}],"collection":[{"href":"https:\/\/www.blackfridaydeals.ch\/fr\/wp-json\/wp\/v2\/pages"}],"about":[{"href":"https:\/\/www.blackfridaydeals.ch\/fr\/wp-json\/wp\/v2\/types\/page"}],"author":[{"embeddable":true,"href":"https:\/\/www.blackfridaydeals.ch\/fr\/wp-json\/wp\/v2\/users\/40"}],"replies":[{"embeddable":true,"href":"https:\/\/www.blackfridaydeals.ch\/fr\/wp-json\/wp\/v2\/comments?post=26628"}],"version-history":[{"count":12,"href":"https:\/\/www.blackfridaydeals.ch\/fr\/wp-json\/wp\/v2\/pages\/26628\/revisions"}],"predecessor-version":[{"id":98811,"href":"https:\/\/www.blackfridaydeals.ch\/fr\/wp-json\/wp\/v2\/pages\/26628\/revisions\/98811"}],"wp:featuredmedia":[{"embeddable":true,"href":"https:\/\/www.blackfridaydeals.ch\/fr\/wp-json\/wp\/v2\/media\/26521"}],"wp:attachment":[{"href":"https:\/\/www.blackfridaydeals.ch\/fr\/wp-json\/wp\/v2\/media?parent=26628"}],"curies":[{"name":"wp","href":"https:\/\/api.w.org\/{rel}","templated":true}]}}