{"id":19779,"date":"2019-11-14T12:04:33","date_gmt":"2019-11-14T11:04:33","guid":{"rendered":"https:\/\/www.blackfridaydeals.ch\/black-friday-app\/"},"modified":"2025-02-07T15:44:06","modified_gmt":"2025-02-07T14:44:06","slug":"black-friday-app","status":"publish","type":"page","link":"https:\/\/www.blackfridaydeals.ch\/fr\/black-friday-app\/","title":{"rendered":"Notre app est ici ! Tout sur le Black Friday pour iOS et Android"},"content":{"rendered":"<p>[vc_row css=&#8221;.vc_custom_1573729732749{background-color: #ffffff !important;}&#8221;][vc_column][vc_column_text]<\/p>\n<h1>Notre app est ici ! Tout sur le Black Friday pour iOS et Android<\/h1>\n<p>Depuis quelques jours et surtout pour Black Friday 2026 il y a maintenant l&#8217;application blackfridaydeals.ch dans le Google Play Store et dans l&#8217;Apple App Store.<\/p>\n<p><strong>T\u00e9l\u00e9chargez l&#8217;application d\u00e8s maintenant et profitez le Black Friday \u00e0 minuit de toutes les offres commod\u00e9ment sur votre t\u00e9l\u00e9phone portable !<\/strong>[\/vc_column_text][vc_row_inner][vc_column_inner width=&#8221;1\/4&#8243;][\/vc_column_inner][vc_column_inner width=&#8221;1\/4&#8243;][vc_column_text]<a href=\"https:\/\/apps.apple.com\/us\/app\/blackfridaydeals-ch\/id1486258462?l=fr&amp;ls=1\"><img decoding=\"async\" class=\"aligncenter wp-image-19762 size-full\" src=\"https:\/\/www.blackfridaydeals.ch\/wp-content\/uploads\/2019\/11\/AppStore-1.png\" alt=\"\" width=\"200\" height=\"63\" srcset=\"https:\/\/www.blackfridaydeals.ch\/wp-content\/uploads\/2019\/11\/AppStore-1.png 200w, https:\/\/www.blackfridaydeals.ch\/wp-content\/uploads\/2019\/11\/AppStore-1-300x95.png 300w, https:\/\/www.blackfridaydeals.ch\/wp-content\/uploads\/2019\/11\/AppStore-1-765x241.png 765w, https:\/\/www.blackfridaydeals.ch\/wp-content\/uploads\/2019\/11\/AppStore-1-1024x323.png 1024w, https:\/\/www.blackfridaydeals.ch\/wp-content\/uploads\/2019\/11\/AppStore-1-788x248.png 788w\" sizes=\"(max-width: 200px) 100vw, 200px\" \/><\/a>[\/vc_column_text][\/vc_column_inner][vc_column_inner width=&#8221;1\/4&#8243;][vc_column_text]<a href=\"https:\/\/play.google.com\/store\/apps\/details?id=com.ni.BlackFridayDeals\"><img decoding=\"async\" class=\"aligncenter wp-image-19765 size-full\" src=\"https:\/\/www.blackfridaydeals.ch\/wp-content\/uploads\/2019\/11\/PlayStore-1.png\" alt=\"\" width=\"200\" height=\"63\" srcset=\"https:\/\/www.blackfridaydeals.ch\/wp-content\/uploads\/2019\/11\/PlayStore-1.png 200w, https:\/\/www.blackfridaydeals.ch\/wp-content\/uploads\/2019\/11\/PlayStore-1-300x95.png 300w, https:\/\/www.blackfridaydeals.ch\/wp-content\/uploads\/2019\/11\/PlayStore-1-765x241.png 765w, https:\/\/www.blackfridaydeals.ch\/wp-content\/uploads\/2019\/11\/PlayStore-1-1024x323.png 1024w, https:\/\/www.blackfridaydeals.ch\/wp-content\/uploads\/2019\/11\/PlayStore-1-788x248.png 788w\" sizes=\"(max-width: 200px) 100vw, 200px\" \/><\/a>[\/vc_column_text][\/vc_column_inner][vc_column_inner width=&#8221;1\/4&#8243;][\/vc_column_inner][\/vc_row_inner][\/vc_column][\/vc_row][vc_row css=&#8221;.vc_custom_1573729740335{background-color: #ffffff !important;}&#8221;][vc_column][vc_column_text]<\/p>\n<h2>Fonctions de l&#8217;application<\/h2>\n<ul>\n<li>Les meilleures offres Black Friday \u00e0 l&#8217;heure \u00e0 minuit en ligne<\/li>\n<li>Push-Notifications pour les meilleures offres pendant la semaine du Black Friday<\/li>\n<li>D\u00e9j\u00e0 maintenant des pr\u00e9visions pour 600 magasins<\/li>\n<li>Trier les offres par cat\u00e9gories diff\u00e9rentes pour une vue d&#8217;ensemble simple<\/li>\n<li>Affichage des offres les plus populaires<\/li>\n<li>L&#8217;application est disponible dans les trois principales langues nationales (allemand, fran\u00e7ais et italien)<\/li>\n<\/ul>\n<p><img decoding=\"async\" class=\"aligncenter size-full wp-image-19769\" src=\"https:\/\/www.blackfridaydeals.ch\/wp-content\/uploads\/2019\/11\/Black-Friday-App.png\" alt=\"\" width=\"1166\" height=\"676\" srcset=\"https:\/\/www.blackfridaydeals.ch\/wp-content\/uploads\/2019\/11\/Black-Friday-App.png 1166w, https:\/\/www.blackfridaydeals.ch\/wp-content\/uploads\/2019\/11\/Black-Friday-App-300x174.png 300w, https:\/\/www.blackfridaydeals.ch\/wp-content\/uploads\/2019\/11\/Black-Friday-App-768x445.png 768w, https:\/\/www.blackfridaydeals.ch\/wp-content\/uploads\/2019\/11\/Black-Friday-App-1024x594.png 1024w, https:\/\/www.blackfridaydeals.ch\/wp-content\/uploads\/2019\/11\/Black-Friday-App-788x456.png 788w\" sizes=\"(max-width: 1166px) 100vw, 1166px\" \/>[\/vc_column_text][vc_column_text]Le Black Friday est le plus grand \u00e9v\u00e9nement d\u2019affaires en Suisse durant lequel plus de 600 magasins proposent les meilleures offres et promotions de l\u2019ann\u00e9e. Smartphones, t\u00e9l\u00e9viseurs 4K, appareils \u00e9lectrom\u00e9nagers de cuisine, meubles, mode et bien plus encore \u00e0 des prix exceptionnels.<br \/>\nAvec blackfridaydeals.ch, vous serez les premiers inform\u00e9s en temps r\u00e9el des meilleures offres : Juste \u00e0 temps \u00e0 minuit, vous trouverez les meilleures promotions de vos boutiques pr\u00e9f\u00e9r\u00e9es dans notre application.<\/p>\n<p><strong>LES MEILLEURES AFFAIRES PONCTUELLEMENT \u00c0 MINUIT<\/strong><br \/>\nPlus de 600 magasins nous envoient leurs offres et promotions \u00e0 l\u2019avance cette ann\u00e9e afin que nous puissions les publier \u00e0 temps pour le d\u00e9but de la campagne. De cette fa\u00e7on, vous saurez avant tout le monde ce que le Black Friday vous offre. Personne d\u2019autre n\u2019est aussi v\u00e9loce.<\/p>\n<p><strong>\u00c9VALUER ET COMPARER LES MEILLEURES OFFRES<\/strong><br \/>\n\u00c9changer des id\u00e9es avec d\u2019autres utilisateurs de blackfridaydeals.ch sur les diff\u00e9rentes offres des plus grands magasins suisses et noter les promotions. De partout, simplement depuis votre smartphone.<\/p>\n<p><strong>OBTENIR DES PUSH-NOTIFICATIONS POUR LES NOUVELLES AFFAIRES EN T\u00caTE D\u2019AFFICHE<\/strong><br \/>\nAvec nos notifications, vous serez les premiers inform\u00e9s des nouvelles actions. Saviez-vous que les premi\u00e8res affaires de l\u2019ann\u00e9e derni\u00e8re \u00e9taient d\u00e9j\u00e0 vendues apr\u00e8s cinq minutes ? Cela ne se reproduira plus avec l\u2019application Blackfriday App de blackfridaydeals.ch.<\/p>\n<p><strong>FILTRER PAR CAT\u00c9GORIE OU NE VOIR QUE LES MEILLEURES OFFRES<\/strong><br \/>\nAvec notre application vous pouvez facilement filtrer les diff\u00e9rentes offres Blackfriday : Les derni\u00e8res offres, les offres les mieux not\u00e9es ou celles des diff\u00e9rentes cat\u00e9gories comme l\u2019\u00e9lectronique et le divertissement, la maison et le jardin, le sport et la mode et bien plus encore.<\/p>\n<p>T\u00e9l\u00e9chargez l\u2019application blackfridaydeals.ch d\u00e8s maintenant pour ne pas manquer les r\u00e9ductions int\u00e9ressantes o\u00f9 que vous soyez![\/vc_column_text][\/vc_column][\/vc_row]<\/p>\n","protected":false},"excerpt":{"rendered":"<p>[vc_row css=&#8221;.vc_custom_1573729732749{background-color: #ffffff !important;}&#8221;][vc_column][vc_column_text] Notre app est ici ! Tout sur le Black Friday pour iOS et Android Depuis quelques jours et surtout pour Black Friday il y a maintenant l&#8217;application blackfridaydeals.ch dans le Google Play Store et dans l&#8217;Apple App Store. T\u00e9l\u00e9chargez l&#8217;application d\u00e8s maintenant et profitez le Black Friday \u00e0 minuit de toutes [&hellip;]<\/p>\n","protected":false},"author":40,"featured_media":19770,"parent":0,"menu_order":0,"comment_status":"closed","ping_status":"closed","template":"","meta":[],"yoast_head":"<!-- This site is optimized with the Yoast SEO plugin v20.5 - https:\/\/yoast.com\/wordpress\/plugins\/seo\/ -->\n<title>Black Friday App | Toutes les offres et infos pour iOS et Android<\/title>\n<meta name=\"description\" content=\"T\u00e9l\u00e9chargez l\u2019application d\u00e8s maintenant et profitez le Black Friday \u00e0 minuit de toutes les offres commod\u00e9ment sur votre t\u00e9l\u00e9phone portable !\" \/>\n<meta name=\"robots\" content=\"index, follow, max-snippet:-1, max-image-preview:large, max-video-preview:-1\" \/>\n<link rel=\"canonical\" href=\"https:\/\/www.blackfridaydeals.ch\/fr\/black-friday-app\/\" \/>\n<meta property=\"og:locale\" content=\"fr_FR\" \/>\n<meta property=\"og:type\" content=\"article\" \/>\n<meta property=\"og:title\" content=\"Black Friday App | Toutes les offres et infos pour iOS et Android\" \/>\n<meta property=\"og:description\" content=\"T\u00e9l\u00e9chargez l\u2019application d\u00e8s maintenant et profitez le Black Friday \u00e0 minuit de toutes les offres commod\u00e9ment sur votre t\u00e9l\u00e9phone portable !\" \/>\n<meta property=\"og:url\" content=\"https:\/\/www.blackfridaydeals.ch\/fr\/black-friday-app\/\" \/>\n<meta property=\"og:site_name\" content=\"blackfridaydeals.ch\" \/>\n<meta property=\"article:publisher\" content=\"https:\/\/www.facebook.com\/blackfridaydealsch\/\" \/>\n<meta property=\"article:modified_time\" content=\"2025-02-07T14:44:06+00:00\" \/>\n<meta property=\"og:image\" content=\"https:\/\/www.blackfridaydeals.ch\/wp-content\/uploads\/2019\/11\/Black-Friday-App.png\" \/>\n\t<meta property=\"og:image:width\" content=\"1166\" \/>\n\t<meta property=\"og:image:height\" content=\"676\" \/>\n\t<meta property=\"og:image:type\" content=\"image\/png\" \/>\n<meta name=\"twitter:card\" content=\"summary_large_image\" \/>\n<meta name=\"twitter:site\" content=\"@blackfridaych\" \/>\n<meta name=\"twitter:label1\" content=\"Est. reading time\" \/>\n\t<meta name=\"twitter:data1\" content=\"3 minutes\" \/>\n<script type=\"application\/ld+json\" class=\"yoast-schema-graph\">{\"@context\":\"https:\/\/schema.org\",\"@graph\":[{\"@type\":\"WebPage\",\"@id\":\"https:\/\/www.blackfridaydeals.ch\/fr\/black-friday-app\/\",\"url\":\"https:\/\/www.blackfridaydeals.ch\/fr\/black-friday-app\/\",\"name\":\"Black Friday App | Toutes les offres et infos pour iOS et Android\",\"isPartOf\":{\"@id\":\"https:\/\/www.blackfridaydeals.ch\/fr\/#website\"},\"datePublished\":\"2019-11-14T11:04:33+00:00\",\"dateModified\":\"2025-02-07T14:44:06+00:00\",\"description\":\"T\u00e9l\u00e9chargez l\u2019application d\u00e8s maintenant et profitez le Black Friday \u00e0 minuit de toutes les offres commod\u00e9ment sur votre t\u00e9l\u00e9phone portable !\",\"breadcrumb\":{\"@id\":\"https:\/\/www.blackfridaydeals.ch\/fr\/black-friday-app\/#breadcrumb\"},\"inLanguage\":\"fr-CH\",\"potentialAction\":[{\"@type\":\"ReadAction\",\"target\":[\"https:\/\/www.blackfridaydeals.ch\/fr\/black-friday-app\/\"]}]},{\"@type\":\"BreadcrumbList\",\"@id\":\"https:\/\/www.blackfridaydeals.ch\/fr\/black-friday-app\/#breadcrumb\",\"itemListElement\":[{\"@type\":\"ListItem\",\"position\":1,\"name\":\"Startseite\",\"item\":\"https:\/\/www.blackfridaydeals.ch\/fr\/\"},{\"@type\":\"ListItem\",\"position\":2,\"name\":\"Notre app est ici ! Tout sur le Black Friday pour iOS et Android\"}]},{\"@type\":\"WebSite\",\"@id\":\"https:\/\/www.blackfridaydeals.ch\/fr\/#website\",\"url\":\"https:\/\/www.blackfridaydeals.ch\/fr\/\",\"name\":\"blackfridaydeals.ch\",\"description\":\"Toutes les offres du Black Friday 2025 en Suisse\",\"publisher\":{\"@id\":\"https:\/\/www.blackfridaydeals.ch\/fr\/#organization\"},\"alternateName\":\"Black Friday Deals\",\"potentialAction\":[{\"@type\":\"SearchAction\",\"target\":{\"@type\":\"EntryPoint\",\"urlTemplate\":\"https:\/\/www.blackfridaydeals.ch\/fr\/?s={search_term_string}\"},\"query-input\":\"required name=search_term_string\"}],\"inLanguage\":\"fr-CH\"},{\"@type\":\"Organization\",\"@id\":\"https:\/\/www.blackfridaydeals.ch\/fr\/#organization\",\"name\":\"blackfridaydeals.ch\",\"alternateName\":\"Black Friday Deals\",\"url\":\"https:\/\/www.blackfridaydeals.ch\/fr\/\",\"logo\":{\"@type\":\"ImageObject\",\"inLanguage\":\"fr-CH\",\"@id\":\"https:\/\/www.blackfridaydeals.ch\/fr\/#\/schema\/logo\/image\/\",\"url\":\"https:\/\/www.blackfridaydeals.ch\/wp-content\/uploads\/2023\/03\/app-icon-white-bg-jpg.jpg\",\"contentUrl\":\"https:\/\/www.blackfridaydeals.ch\/wp-content\/uploads\/2023\/03\/app-icon-white-bg-jpg.jpg\",\"width\":512,\"height\":512,\"caption\":\"blackfridaydeals.ch\"},\"image\":{\"@id\":\"https:\/\/www.blackfridaydeals.ch\/fr\/#\/schema\/logo\/image\/\"},\"sameAs\":[\"https:\/\/www.facebook.com\/blackfridaydealsch\/\",\"https:\/\/twitter.com\/blackfridaych\",\"https:\/\/www.youtube.com\/channel\/UCNKXHacMw8AS34mBgzVx3FQ\",\"https:\/\/www.instagram.com\/blackfridaydeals.ch\/\"]}]}<\/script>\n<!-- \/ Yoast SEO plugin. -->","yoast_head_json":{"title":"Black Friday App | Toutes les offres et infos pour iOS et Android","description":"T\u00e9l\u00e9chargez l\u2019application d\u00e8s maintenant et profitez le Black Friday \u00e0 minuit de toutes les offres commod\u00e9ment sur votre t\u00e9l\u00e9phone portable !","robots":{"index":"index","follow":"follow","max-snippet":"max-snippet:-1","max-image-preview":"max-image-preview:large","max-video-preview":"max-video-preview:-1"},"canonical":"https:\/\/www.blackfridaydeals.ch\/fr\/black-friday-app\/","og_locale":"fr_FR","og_type":"article","og_title":"Black Friday App | Toutes les offres et infos pour iOS et Android","og_description":"T\u00e9l\u00e9chargez l\u2019application d\u00e8s maintenant et profitez le Black Friday \u00e0 minuit de toutes les offres commod\u00e9ment sur votre t\u00e9l\u00e9phone portable !","og_url":"https:\/\/www.blackfridaydeals.ch\/fr\/black-friday-app\/","og_site_name":"blackfridaydeals.ch","article_publisher":"https:\/\/www.facebook.com\/blackfridaydealsch\/","article_modified_time":"2025-02-07T14:44:06+00:00","og_image":[{"width":1166,"height":676,"url":"https:\/\/www.blackfridaydeals.ch\/wp-content\/uploads\/2019\/11\/Black-Friday-App.png","type":"image\/png"}],"twitter_card":"summary_large_image","twitter_site":"@blackfridaych","twitter_misc":{"Est. reading time":"3 minutes"},"schema":{"@context":"https:\/\/schema.org","@graph":[{"@type":"WebPage","@id":"https:\/\/www.blackfridaydeals.ch\/fr\/black-friday-app\/","url":"https:\/\/www.blackfridaydeals.ch\/fr\/black-friday-app\/","name":"Black Friday App | Toutes les offres et infos pour iOS et Android","isPartOf":{"@id":"https:\/\/www.blackfridaydeals.ch\/fr\/#website"},"datePublished":"2019-11-14T11:04:33+00:00","dateModified":"2025-02-07T14:44:06+00:00","description":"T\u00e9l\u00e9chargez l\u2019application d\u00e8s maintenant et profitez le Black Friday \u00e0 minuit de toutes les offres commod\u00e9ment sur votre t\u00e9l\u00e9phone portable !","breadcrumb":{"@id":"https:\/\/www.blackfridaydeals.ch\/fr\/black-friday-app\/#breadcrumb"},"inLanguage":"fr-CH","potentialAction":[{"@type":"ReadAction","target":["https:\/\/www.blackfridaydeals.ch\/fr\/black-friday-app\/"]}]},{"@type":"BreadcrumbList","@id":"https:\/\/www.blackfridaydeals.ch\/fr\/black-friday-app\/#breadcrumb","itemListElement":[{"@type":"ListItem","position":1,"name":"Startseite","item":"https:\/\/www.blackfridaydeals.ch\/fr\/"},{"@type":"ListItem","position":2,"name":"Notre app est ici ! Tout sur le Black Friday pour iOS et Android"}]},{"@type":"WebSite","@id":"https:\/\/www.blackfridaydeals.ch\/fr\/#website","url":"https:\/\/www.blackfridaydeals.ch\/fr\/","name":"blackfridaydeals.ch","description":"Toutes les offres du Black Friday 2025 en Suisse","publisher":{"@id":"https:\/\/www.blackfridaydeals.ch\/fr\/#organization"},"alternateName":"Black Friday Deals","potentialAction":[{"@type":"SearchAction","target":{"@type":"EntryPoint","urlTemplate":"https:\/\/www.blackfridaydeals.ch\/fr\/?s={search_term_string}"},"query-input":"required name=search_term_string"}],"inLanguage":"fr-CH"},{"@type":"Organization","@id":"https:\/\/www.blackfridaydeals.ch\/fr\/#organization","name":"blackfridaydeals.ch","alternateName":"Black Friday Deals","url":"https:\/\/www.blackfridaydeals.ch\/fr\/","logo":{"@type":"ImageObject","inLanguage":"fr-CH","@id":"https:\/\/www.blackfridaydeals.ch\/fr\/#\/schema\/logo\/image\/","url":"https:\/\/www.blackfridaydeals.ch\/wp-content\/uploads\/2023\/03\/app-icon-white-bg-jpg.jpg","contentUrl":"https:\/\/www.blackfridaydeals.ch\/wp-content\/uploads\/2023\/03\/app-icon-white-bg-jpg.jpg","width":512,"height":512,"caption":"blackfridaydeals.ch"},"image":{"@id":"https:\/\/www.blackfridaydeals.ch\/fr\/#\/schema\/logo\/image\/"},"sameAs":["https:\/\/www.facebook.com\/blackfridaydealsch\/","https:\/\/twitter.com\/blackfridaych","https:\/\/www.youtube.com\/channel\/UCNKXHacMw8AS34mBgzVx3FQ","https:\/\/www.instagram.com\/blackfridaydeals.ch\/"]}]}},"_links":{"self":[{"href":"https:\/\/www.blackfridaydeals.ch\/fr\/wp-json\/wp\/v2\/pages\/19779"}],"collection":[{"href":"https:\/\/www.blackfridaydeals.ch\/fr\/wp-json\/wp\/v2\/pages"}],"about":[{"href":"https:\/\/www.blackfridaydeals.ch\/fr\/wp-json\/wp\/v2\/types\/page"}],"author":[{"embeddable":true,"href":"https:\/\/www.blackfridaydeals.ch\/fr\/wp-json\/wp\/v2\/users\/40"}],"replies":[{"embeddable":true,"href":"https:\/\/www.blackfridaydeals.ch\/fr\/wp-json\/wp\/v2\/comments?post=19779"}],"version-history":[{"count":6,"href":"https:\/\/www.blackfridaydeals.ch\/fr\/wp-json\/wp\/v2\/pages\/19779\/revisions"}],"predecessor-version":[{"id":64598,"href":"https:\/\/www.blackfridaydeals.ch\/fr\/wp-json\/wp\/v2\/pages\/19779\/revisions\/64598"}],"wp:featuredmedia":[{"embeddable":true,"href":"https:\/\/www.blackfridaydeals.ch\/fr\/wp-json\/wp\/v2\/media\/19770"}],"wp:attachment":[{"href":"https:\/\/www.blackfridaydeals.ch\/fr\/wp-json\/wp\/v2\/media?parent=19779"}],"curies":[{"name":"wp","href":"https:\/\/api.w.org\/{rel}","templated":true}]}}