{"id":1810,"date":"2017-11-09T04:31:51","date_gmt":"2017-11-09T03:31:51","guid":{"rendered":"https:\/\/www.blackfridaydeals.ch\/?page_id=1810\/"},"modified":"2024-01-03T15:31:24","modified_gmt":"2024-01-03T14:31:24","slug":"faits-incroyables-black-friday-mythe-realite-black-friday","status":"publish","type":"page","link":"https:\/\/www.blackfridaydeals.ch\/fr\/faits-incroyables-black-friday-mythe-realite-black-friday\/","title":{"rendered":"Faits incroyables sur le Black Friday, mythe et r\u00e9alit\u00e9 du Black Friday"},"content":{"rendered":"<p>[vc_row][vc_column css=&#8221;.vc_custom_1510198391539{background-color: #ffffff !important;}&#8221;][vc_column_text]<\/p>\n<h1>Faits incroyables sur le Black Friday, mythes et r\u00e9alit\u00e9s du Black Friday<\/h1>\n<p>Vous trouverez ici tous les faits incroyables qui se sont d\u00e9roul\u00e9s pendant le Black Friday. Des faits \u00e9tonnants dont vous n\u2019avez-vous jamais entendu parler. Et pourtant cela s\u2019est pass\u00e9 v\u00e9ritablement, m\u00eame si c\u2019est parfois onirique. Ironique aussi, mais aussi hilarant, et d\u2019autres fois dramatiques.<\/p>\n<div class=\"wpsm-numhead wpsm-style4\"><span>1<\/span><h2>Le s\u00e9jour le plus long en camp devant un magasin pour un march\u00e9 du Black Friday: 22 jours. <\/h2><\/div>\n<p>Deux Californiennes ont effectivement plant\u00e9 leur camp durant 22 jours avant un BestBuy, pour \u00eatre les premi\u00e8res \u00e0 choisir les meilleures affaires. Leur r\u00eave le plus fou : acheter une t\u00e9l\u00e9 bon march\u00e9. &#8220;Nous aurions pu commencer plus tard, mais nous n\u2019\u00e9tions pas s\u00fbrs d&#8217;\u00eatre en premi\u00e8re ligne&#8221;, a d\u00e9clar\u00e9 Vicky Torres. Mais ont-elles achet\u00e9 une t\u00e9l\u00e9vision bon march\u00e9\u00a0apr\u00e8s cette terrible \u00e9preuve? On ne le sait pas, et on ne le saura peut-\u00eatre jamais\u00a0!<\/p>\n<p><strong><div class=\"wpsm-numhead wpsm-style4\"><span>2<\/span><h2><\/strong>Depuis 2005, Black Friday a d\u00e9j\u00e0 fait 10 morts. 105 personnes gri\u00e8vement bless\u00e9es. <\/h2><\/div>\n<p>Si bien que des journaux n\u2019ont pas \u00e9t\u00e9 tendres avec cet \u00e9v\u00e9nement. En d\u00e9non\u00e7ant sa dangerosit\u00e9.<\/p>\n<p>Bizarre, peut-\u00eatre mais de nombreuses blessures \u00e9taient dues aux attaques au poivre. Par d\u00e9pit, certaines personnes qui n\u2019acceptaient pas la concurrence loyale et \u00e9taient incapables de faire de bonnes affaires, n\u2019ont trouv\u00e9 qu\u2019un moyen pour riposter et assouvir leur vengeance un spray au poivre\u00a0! Il y a m\u00eame un site Web qui recueille des rapports de m\u00e9dias sur les blessures et les d\u00e9c\u00e8s pendant le Black Friday. En anglais.<\/p>\n<p><strong><div class=\"wpsm-numhead wpsm-style4\"><span>3<\/span><h2><\/strong>Selon une \u00e9tude am\u00e9ricaine, plus de 12% des acheteurs du Black Friday \u00e9taient ivres.<\/h2><\/div>\n<p>Cela a \u00e9t\u00e9 l\u2019objet d\u2019une \u00e9tude s\u00e9rieuse de RetailMeNot. Et qui a \u00e9t\u00e9 rapport\u00e9 au journal Times.<\/p>\n<p><strong><div class=\"wpsm-numhead wpsm-style4\"><span>4<\/span><h2><\/strong>Jusqu\u2019\u00e0 ce jour, nous ignorons l\u2019origine du nom Black Friday. <\/h2><\/div>\n<p>Bien qu\u2019il y ait plusieurs th\u00e9ories sur ce sujet. Pour en savoir plus sur nos informations sur <a href=\"https:\/\/www.blackfridaydeals.ch\/fr\/\">Black Friday<\/a>.<\/p>\n<p><strong><div class=\"wpsm-numhead wpsm-style4\"><span>5<\/span><h2><\/strong>En Suisse, le Black Friday ne s\u2019est impos\u00e9, en devenant populaire que depuis 2015. <\/h2><\/div>\n<p>A cette \u00e9poque, c\u2019est Manor qui a introduit cette tendance shopping en Suisse.<\/p>\n<p>Mais le Black Friday n&#8217;a vraiment d\u00e9marr\u00e9, en Suisse qu&#8217;en 2016. Ce jour-l\u00e0, le commerce de d\u00e9tail suisse a men\u00e9 une vraie bataille de r\u00e9duction, rares sont ceux qui n\u2019ont pas propos\u00e9 d\u2019offres sp\u00e9ciales. Avant 2015, seules quelques petites boutiques suisses proposaient timidement quelques promotions sp\u00e9ciales pendant le Black Friday.<\/p>\n<p><strong><div class=\"wpsm-numhead wpsm-style4\"><span>6<\/span><h2><\/strong>Rien qu&#8217;en Am\u00e9rique, plus de 50 milliards de dollars am\u00e9ricains sont d\u00e9bours\u00e9s chaque ann\u00e9e pour le Black Friday. <\/h2><\/div>\n<p>Prodigieux\u00a0! Cependant, en Suisse Il n&#8217;y a pas d&#8217;\u00e9tudes de ce genre.<\/p>\n<p>Toutefois, les ventes de Black Friday aux \u00c9tats-Unis ont diminu\u00e9 au cours des trois derni\u00e8res ann\u00e9es.<\/p>\n<p><strong><div class=\"wpsm-numhead wpsm-style4\"><span>7<\/span><h2><\/strong>\u00c0 l&#8217;origine, le terme Black Friday a \u00e9t\u00e9 employ\u00e9 pour d\u00e9signer un krach boursier en 1869.<\/h2><\/div>\n<p>Ce sont les deux sp\u00e9culateurs Jay Gould et James Fisk qui, parce qu\u2019ils en voulaient au gouvernement am\u00e9ricain, ont inond\u00e9 le march\u00e9 d&#8217;or, par vengeance\u00a0! Les prix de l&#8217;or ont chut\u00e9 et de nombreux investisseurs ont perdu \u00e9norm\u00e9ment d\u2019argent<\/p>\n<p><strong><div class=\"wpsm-numhead wpsm-style4\"><span>8<\/span><h2><\/strong>Black Friday est, en r\u00e9alit\u00e9 le deuxi\u00e8me plus grand \u00e9v\u00e9nement de shoping dans le monde.<\/h2><\/div>\n<p>Sur le plan international, c\u2019est la f\u00eate des c\u00e9libataires, le Singles\u2019Day, qui d\u00e9tient le record et se trouve en premi\u00e8re place.<\/p>\n<p>Surtout dans la r\u00e9gion asiatique, en particulier en Chine, o\u00f9 la journ\u00e9e du c\u00e9libataire est devenue une v\u00e9ritable &#8220;journ\u00e9e de shopping monstre&#8221; ces derni\u00e8res ann\u00e9es. En moins de quinze ans, gr\u00e2ce \u00e0 la croissance \u00e9conomique chinoise et \u00e0 l\u2019effet grandissant de la mode, le Single\u2019s Day s\u2019est impos\u00e9 comme le jour de shopping le plus marquant au monde, laissant \u00e0 la tra\u00eene les \u00e9v\u00e9nements analogues am\u00e9ricains.<\/p>\n<p>Ainsi, en 2013, les ventes du Black Friday et du Cyber Monday r\u00e9unies ont ramen\u00e9 2,9 milliards de dollars aux Etats-Unis, par contre, le Single\u2019s Day en Chine a rapport\u00e9 5,8 milliards de dollars pour le seul site Alibaba. 3,1 milliards de rehausse par rapport \u00e0 2012. A couper le souffle\u00a0!<\/p>\n<p>Plus d&#8217;informations sur le <a href=\"https:\/\/www.blackfridaydeals.ch\/fr\/singles-day\/\">jour du c\u00e9libataire ici<\/a>.[\/vc_column_text][vc_btn title=&#8221;Voir les offres Black Friday&#8221; color=&#8221;juicy-pink&#8221; align=&#8221;center&#8221; link=&#8221;url:https%3A%2F%2Fwww.blackfridaydeals.ch%2Ffr%2F|||&#8221;][\/vc_column][\/vc_row]<\/p>\n","protected":false},"excerpt":{"rendered":"<p>[vc_row][vc_column css=&#8221;.vc_custom_1510198391539{background-color: #ffffff !important;}&#8221;][vc_column_text] Faits incroyables sur le Black Friday, mythes et r\u00e9alit\u00e9s du Black Friday Vous trouverez ici tous les faits incroyables qui se sont d\u00e9roul\u00e9s pendant le Black Friday. Des faits \u00e9tonnants dont vous n\u2019avez-vous jamais entendu parler. Et pourtant cela s\u2019est pass\u00e9 v\u00e9ritablement, m\u00eame si c\u2019est parfois onirique. Ironique aussi, mais aussi [&hellip;]<\/p>\n","protected":false},"author":40,"featured_media":1748,"parent":0,"menu_order":0,"comment_status":"closed","ping_status":"closed","template":"","meta":[],"yoast_head":"<!-- This site is optimized with the Yoast SEO plugin v20.5 - https:\/\/yoast.com\/wordpress\/plugins\/seo\/ -->\n<title>Faits incroyables sur le Black Friday<\/title>\n<meta name=\"description\" content=\"Vous trouverez ici tous les faits incroyables qui se sont d\u00e9roul\u00e9s pendant le Black Friday. Des faits \u00e9tonnants dont vous n\u2019avez-vous jamais entendu parler.\" \/>\n<meta name=\"robots\" content=\"index, follow, max-snippet:-1, max-image-preview:large, max-video-preview:-1\" \/>\n<link rel=\"canonical\" href=\"https:\/\/www.blackfridaydeals.ch\/fr\/faits-incroyables-black-friday-mythe-realite-black-friday\/\" \/>\n<meta property=\"og:locale\" content=\"fr_FR\" \/>\n<meta property=\"og:type\" content=\"article\" \/>\n<meta property=\"og:title\" content=\"Faits incroyables sur le Black Friday\" \/>\n<meta property=\"og:description\" content=\"Vous trouverez ici tous les faits incroyables qui se sont d\u00e9roul\u00e9s pendant le Black Friday. Des faits \u00e9tonnants dont vous n\u2019avez-vous jamais entendu parler.\" \/>\n<meta property=\"og:url\" content=\"https:\/\/www.blackfridaydeals.ch\/fr\/faits-incroyables-black-friday-mythe-realite-black-friday\/\" \/>\n<meta property=\"og:site_name\" content=\"blackfridaydeals.ch\" \/>\n<meta property=\"article:publisher\" content=\"https:\/\/www.facebook.com\/blackfridaydealsch\/\" \/>\n<meta property=\"article:modified_time\" content=\"2024-01-03T14:31:24+00:00\" \/>\n<meta property=\"og:image\" content=\"https:\/\/www.blackfridaydeals.ch\/wp-content\/uploads\/2016\/04\/2017-Black-Friday-Suisse.png\" \/>\n\t<meta property=\"og:image:width\" content=\"1920\" \/>\n\t<meta property=\"og:image:height\" content=\"1920\" \/>\n\t<meta property=\"og:image:type\" content=\"image\/png\" \/>\n<meta name=\"twitter:card\" content=\"summary_large_image\" \/>\n<meta name=\"twitter:site\" content=\"@blackfridaych\" \/>\n<meta name=\"twitter:label1\" content=\"Est. reading time\" \/>\n\t<meta name=\"twitter:data1\" content=\"4 minutes\" \/>\n<script type=\"application\/ld+json\" class=\"yoast-schema-graph\">{\"@context\":\"https:\/\/schema.org\",\"@graph\":[{\"@type\":\"WebPage\",\"@id\":\"https:\/\/www.blackfridaydeals.ch\/fr\/faits-incroyables-black-friday-mythe-realite-black-friday\/\",\"url\":\"https:\/\/www.blackfridaydeals.ch\/fr\/faits-incroyables-black-friday-mythe-realite-black-friday\/\",\"name\":\"Faits incroyables sur le Black Friday\",\"isPartOf\":{\"@id\":\"https:\/\/www.blackfridaydeals.ch\/fr\/#website\"},\"datePublished\":\"2017-11-09T03:31:51+00:00\",\"dateModified\":\"2024-01-03T14:31:24+00:00\",\"description\":\"Vous trouverez ici tous les faits incroyables qui se sont d\u00e9roul\u00e9s pendant le Black Friday. Des faits \u00e9tonnants dont vous n\u2019avez-vous jamais entendu parler.\",\"breadcrumb\":{\"@id\":\"https:\/\/www.blackfridaydeals.ch\/fr\/faits-incroyables-black-friday-mythe-realite-black-friday\/#breadcrumb\"},\"inLanguage\":\"fr-CH\",\"potentialAction\":[{\"@type\":\"ReadAction\",\"target\":[\"https:\/\/www.blackfridaydeals.ch\/fr\/faits-incroyables-black-friday-mythe-realite-black-friday\/\"]}]},{\"@type\":\"BreadcrumbList\",\"@id\":\"https:\/\/www.blackfridaydeals.ch\/fr\/faits-incroyables-black-friday-mythe-realite-black-friday\/#breadcrumb\",\"itemListElement\":[{\"@type\":\"ListItem\",\"position\":1,\"name\":\"Startseite\",\"item\":\"https:\/\/www.blackfridaydeals.ch\/fr\/\"},{\"@type\":\"ListItem\",\"position\":2,\"name\":\"Faits incroyables sur le Black Friday, mythe et r\u00e9alit\u00e9 du Black Friday\"}]},{\"@type\":\"WebSite\",\"@id\":\"https:\/\/www.blackfridaydeals.ch\/fr\/#website\",\"url\":\"https:\/\/www.blackfridaydeals.ch\/fr\/\",\"name\":\"blackfridaydeals.ch\",\"description\":\"Alle Angebote des Black Friday 2025 in der Schweiz\",\"publisher\":{\"@id\":\"https:\/\/www.blackfridaydeals.ch\/fr\/#organization\"},\"alternateName\":\"Black Friday Deals\",\"potentialAction\":[{\"@type\":\"SearchAction\",\"target\":{\"@type\":\"EntryPoint\",\"urlTemplate\":\"https:\/\/www.blackfridaydeals.ch\/fr\/?s={search_term_string}\"},\"query-input\":\"required name=search_term_string\"}],\"inLanguage\":\"fr-CH\"},{\"@type\":\"Organization\",\"@id\":\"https:\/\/www.blackfridaydeals.ch\/fr\/#organization\",\"name\":\"blackfridaydeals.ch\",\"alternateName\":\"Black Friday Deals\",\"url\":\"https:\/\/www.blackfridaydeals.ch\/fr\/\",\"logo\":{\"@type\":\"ImageObject\",\"inLanguage\":\"fr-CH\",\"@id\":\"https:\/\/www.blackfridaydeals.ch\/fr\/#\/schema\/logo\/image\/\",\"url\":\"https:\/\/www.blackfridaydeals.ch\/wp-content\/uploads\/2023\/03\/app-icon-white-bg-jpg.jpg\",\"contentUrl\":\"https:\/\/www.blackfridaydeals.ch\/wp-content\/uploads\/2023\/03\/app-icon-white-bg-jpg.jpg\",\"width\":512,\"height\":512,\"caption\":\"blackfridaydeals.ch\"},\"image\":{\"@id\":\"https:\/\/www.blackfridaydeals.ch\/fr\/#\/schema\/logo\/image\/\"},\"sameAs\":[\"https:\/\/www.facebook.com\/blackfridaydealsch\/\",\"https:\/\/twitter.com\/blackfridaych\",\"https:\/\/www.youtube.com\/channel\/UCNKXHacMw8AS34mBgzVx3FQ\",\"https:\/\/www.instagram.com\/blackfridaydeals.ch\/\"]}]}<\/script>\n<!-- \/ Yoast SEO plugin. -->","yoast_head_json":{"title":"Faits incroyables sur le Black Friday","description":"Vous trouverez ici tous les faits incroyables qui se sont d\u00e9roul\u00e9s pendant le Black Friday. Des faits \u00e9tonnants dont vous n\u2019avez-vous jamais entendu parler.","robots":{"index":"index","follow":"follow","max-snippet":"max-snippet:-1","max-image-preview":"max-image-preview:large","max-video-preview":"max-video-preview:-1"},"canonical":"https:\/\/www.blackfridaydeals.ch\/fr\/faits-incroyables-black-friday-mythe-realite-black-friday\/","og_locale":"fr_FR","og_type":"article","og_title":"Faits incroyables sur le Black Friday","og_description":"Vous trouverez ici tous les faits incroyables qui se sont d\u00e9roul\u00e9s pendant le Black Friday. Des faits \u00e9tonnants dont vous n\u2019avez-vous jamais entendu parler.","og_url":"https:\/\/www.blackfridaydeals.ch\/fr\/faits-incroyables-black-friday-mythe-realite-black-friday\/","og_site_name":"blackfridaydeals.ch","article_publisher":"https:\/\/www.facebook.com\/blackfridaydealsch\/","article_modified_time":"2024-01-03T14:31:24+00:00","og_image":[{"width":1920,"height":1920,"url":"https:\/\/www.blackfridaydeals.ch\/wp-content\/uploads\/2016\/04\/2017-Black-Friday-Suisse.png","type":"image\/png"}],"twitter_card":"summary_large_image","twitter_site":"@blackfridaych","twitter_misc":{"Est. reading time":"4 minutes"},"schema":{"@context":"https:\/\/schema.org","@graph":[{"@type":"WebPage","@id":"https:\/\/www.blackfridaydeals.ch\/fr\/faits-incroyables-black-friday-mythe-realite-black-friday\/","url":"https:\/\/www.blackfridaydeals.ch\/fr\/faits-incroyables-black-friday-mythe-realite-black-friday\/","name":"Faits incroyables sur le Black Friday","isPartOf":{"@id":"https:\/\/www.blackfridaydeals.ch\/fr\/#website"},"datePublished":"2017-11-09T03:31:51+00:00","dateModified":"2024-01-03T14:31:24+00:00","description":"Vous trouverez ici tous les faits incroyables qui se sont d\u00e9roul\u00e9s pendant le Black Friday. Des faits \u00e9tonnants dont vous n\u2019avez-vous jamais entendu parler.","breadcrumb":{"@id":"https:\/\/www.blackfridaydeals.ch\/fr\/faits-incroyables-black-friday-mythe-realite-black-friday\/#breadcrumb"},"inLanguage":"fr-CH","potentialAction":[{"@type":"ReadAction","target":["https:\/\/www.blackfridaydeals.ch\/fr\/faits-incroyables-black-friday-mythe-realite-black-friday\/"]}]},{"@type":"BreadcrumbList","@id":"https:\/\/www.blackfridaydeals.ch\/fr\/faits-incroyables-black-friday-mythe-realite-black-friday\/#breadcrumb","itemListElement":[{"@type":"ListItem","position":1,"name":"Startseite","item":"https:\/\/www.blackfridaydeals.ch\/fr\/"},{"@type":"ListItem","position":2,"name":"Faits incroyables sur le Black Friday, mythe et r\u00e9alit\u00e9 du Black Friday"}]},{"@type":"WebSite","@id":"https:\/\/www.blackfridaydeals.ch\/fr\/#website","url":"https:\/\/www.blackfridaydeals.ch\/fr\/","name":"blackfridaydeals.ch","description":"Alle Angebote des Black Friday 2025 in der Schweiz","publisher":{"@id":"https:\/\/www.blackfridaydeals.ch\/fr\/#organization"},"alternateName":"Black Friday Deals","potentialAction":[{"@type":"SearchAction","target":{"@type":"EntryPoint","urlTemplate":"https:\/\/www.blackfridaydeals.ch\/fr\/?s={search_term_string}"},"query-input":"required name=search_term_string"}],"inLanguage":"fr-CH"},{"@type":"Organization","@id":"https:\/\/www.blackfridaydeals.ch\/fr\/#organization","name":"blackfridaydeals.ch","alternateName":"Black Friday Deals","url":"https:\/\/www.blackfridaydeals.ch\/fr\/","logo":{"@type":"ImageObject","inLanguage":"fr-CH","@id":"https:\/\/www.blackfridaydeals.ch\/fr\/#\/schema\/logo\/image\/","url":"https:\/\/www.blackfridaydeals.ch\/wp-content\/uploads\/2023\/03\/app-icon-white-bg-jpg.jpg","contentUrl":"https:\/\/www.blackfridaydeals.ch\/wp-content\/uploads\/2023\/03\/app-icon-white-bg-jpg.jpg","width":512,"height":512,"caption":"blackfridaydeals.ch"},"image":{"@id":"https:\/\/www.blackfridaydeals.ch\/fr\/#\/schema\/logo\/image\/"},"sameAs":["https:\/\/www.facebook.com\/blackfridaydealsch\/","https:\/\/twitter.com\/blackfridaych","https:\/\/www.youtube.com\/channel\/UCNKXHacMw8AS34mBgzVx3FQ","https:\/\/www.instagram.com\/blackfridaydeals.ch\/"]}]}},"_links":{"self":[{"href":"https:\/\/www.blackfridaydeals.ch\/fr\/wp-json\/wp\/v2\/pages\/1810"}],"collection":[{"href":"https:\/\/www.blackfridaydeals.ch\/fr\/wp-json\/wp\/v2\/pages"}],"about":[{"href":"https:\/\/www.blackfridaydeals.ch\/fr\/wp-json\/wp\/v2\/types\/page"}],"author":[{"embeddable":true,"href":"https:\/\/www.blackfridaydeals.ch\/fr\/wp-json\/wp\/v2\/users\/40"}],"replies":[{"embeddable":true,"href":"https:\/\/www.blackfridaydeals.ch\/fr\/wp-json\/wp\/v2\/comments?post=1810"}],"version-history":[{"count":7,"href":"https:\/\/www.blackfridaydeals.ch\/fr\/wp-json\/wp\/v2\/pages\/1810\/revisions"}],"predecessor-version":[{"id":74585,"href":"https:\/\/www.blackfridaydeals.ch\/fr\/wp-json\/wp\/v2\/pages\/1810\/revisions\/74585"}],"wp:featuredmedia":[{"embeddable":true,"href":"https:\/\/www.blackfridaydeals.ch\/fr\/wp-json\/wp\/v2\/media\/1748"}],"wp:attachment":[{"href":"https:\/\/www.blackfridaydeals.ch\/fr\/wp-json\/wp\/v2\/media?parent=1810"}],"curies":[{"name":"wp","href":"https:\/\/api.w.org\/{rel}","templated":true}]}}