{"id":17235,"date":"2019-10-01T13:39:27","date_gmt":"2019-10-01T11:39:27","guid":{"rendered":"https:\/\/www.blackfridaydeals.ch\/?page_id=17235"},"modified":"2025-02-07T16:50:50","modified_gmt":"2025-02-07T15:50:50","slug":"patientier","status":"publish","type":"page","link":"https:\/\/www.blackfridaydeals.ch\/fr\/patientier\/","title":{"rendered":"Vous avez d\u00e9j\u00e0 frapp\u00e9 ? Ou alors vous allez patienter jusqu\u2019au Black Friday ?"},"content":{"rendered":"<p><strong>Dans cet article, je vais vous montrer s\u2019il est plus intelligent d\u2019attendre jusqu\u2019au <a href=\"https:\/\/www.blackfridaydeals.ch\/fr\/\">Black Friday<\/a> pour faire un achat ou s\u2019il serait plus ing\u00e9nieux de le faire maintenant.<\/strong><\/p>\n<p>Voil\u00e0 le dilemme\u00a0:<\/p>\n<p>En g\u00e9n\u00e9ral, je ne peux pas vous dire si vous devriez foncer et conclure une bonne affaire maintenant ou s\u2019il serait plus sage d\u2019attendre jusqu\u2019\u00e0 Black Friday.<\/p>\n<p>Mais je peux vous donner quelques indices\u00a0:<\/p>\n<div class=\"wpsm-numhead wpsm-style4\"><span>1<\/span><h2>Vous ne pouvez pas attendre du tout?<\/h2><\/div>\n<p><a href=\"https:\/\/www.blackfridaydeals.ch\/wp-content\/uploads\/2019\/10\/escobar.png\"><img decoding=\"async\" class=\"alignright size-medium wp-image-17251\" src=\"https:\/\/www.blackfridaydeals.ch\/wp-content\/uploads\/2019\/10\/escobar-300x299.png\" alt=\"\" width=\"300\" height=\"299\" srcset=\"https:\/\/www.blackfridaydeals.ch\/wp-content\/uploads\/2019\/10\/escobar-300x300.png 300w, https:\/\/www.blackfridaydeals.ch\/wp-content\/uploads\/2019\/10\/escobar-150x150.png 150w, https:\/\/www.blackfridaydeals.ch\/wp-content\/uploads\/2019\/10\/escobar-768x764.png 768w, https:\/\/www.blackfridaydeals.ch\/wp-content\/uploads\/2019\/10\/escobar-1024x1019.png 1024w, https:\/\/www.blackfridaydeals.ch\/wp-content\/uploads\/2019\/10\/escobar-788x784.png 788w, https:\/\/www.blackfridaydeals.ch\/wp-content\/uploads\/2019\/10\/escobar.png 851w\" sizes=\"(max-width: 300px) 100vw, 300px\" \/><\/a>Votre ordinateur portable vient de rendre l\u2019\u00e2me et vous en avez grandement besoin pour le travail\u00a0!<\/p>\n<p>Dans ce cas, vous ne pouvez pas attendre pour faire un achat. \u00c7a ne vaut pas la peine d\u2019ailleurs d\u2019attendre le Black Friday.<\/p>\n<p>Sauf, si vous voulez ressembler au triste Pablo Escobar de la s\u00e9rie Narcos.<\/p>\n<div class=\"wpsm-numhead wpsm-style4\"><span>2<\/span><h2>\u00c0 quelle cat\u00e9gorie appartient l\u2019article ?<\/h2><\/div>\n<ul>\n<li>Si vous voulez acheter des v\u00eatements d\u2019hiver : Attendez jusqu\u2019au Black Friday. Habituellement, c\u2019est au Black Friday que vous pourrez faire de belles affaires. De plus, les soldes commencent environ un mois plus tard.<\/li>\n<li>Si vous voulez acheter des cadeaux de No\u00ebl\u00a0: Vous aurez plut\u00f4t int\u00e9r\u00eat \u00e0 attendre le Black Friday\u00a0! Sinon, vous n\u2019aurez pas de cadeaux de No\u00ebl si bon march\u00e9.<\/li>\n<li>Si vous voulez acheter des articles techniques \/ \u00e9lectroniques\u00a0: Lisez ce qui suit.<\/li>\n<li>Si vous voulez acheter des produits de mode et de beaut\u00e9 : Attendez jusqu\u2019au Black Friday. Les produits de beaut\u00e9 et de la mode ne sont jamais aussi bon march\u00e9 qu\u2019\u00e0 l\u2019occasion d\u2019un grand \u00e9v\u00e9nement commercial.<\/li>\n<\/ul>\n<div class=\"wpsm-numhead wpsm-style4\"><span>3<\/span><h2>Quand l\u2019article a-il paru ?<\/h2><\/div>\n<p>Un autre point important\u00a0:<\/p>\n<p><img decoding=\"async\" class=\"size-medium wp-image-4018 alignright\" src=\"https:\/\/www.blackfridaydeals.ch\/wp-content\/uploads\/2018\/05\/iPhone-Vorstellung-300x162.png\" alt=\"iPhone Vorstellung\" width=\"300\" height=\"162\" srcset=\"https:\/\/www.blackfridaydeals.ch\/wp-content\/uploads\/2018\/05\/iPhone-Vorstellung-300x162.png 300w, https:\/\/www.blackfridaydeals.ch\/wp-content\/uploads\/2018\/05\/iPhone-Vorstellung-766x414.png 766w, https:\/\/www.blackfridaydeals.ch\/wp-content\/uploads\/2018\/05\/iPhone-Vorstellung-1024x553.png 1024w, https:\/\/www.blackfridaydeals.ch\/wp-content\/uploads\/2018\/05\/iPhone-Vorstellung-788x425.png 788w, https:\/\/www.blackfridaydeals.ch\/wp-content\/uploads\/2018\/05\/iPhone-Vorstellung.png 992w\" sizes=\"(max-width: 300px) 100vw, 300px\" \/><\/p>\n<p>Si l\u2019article n\u2019a paru que r\u00e9cemment, les chances de b\u00e9n\u00e9ficier d\u2019une r\u00e9duction g\u00e9n\u00e9reuse au Black Friday sont plut\u00f4t faibles. Exception\u00a0:<\/p>\n<p>Les articles du secteur de la mode et de la beaut\u00e9.<\/p>\n<p>Ainsi, si un nouvel iPhone n\u2019est lanc\u00e9 que peu de temps avant le Black Friday, les chances de b\u00e9n\u00e9ficier d\u2019une remise sont tr\u00e8s minces. Des exceptions confirment bien s\u00fbr cette r\u00e8gle.<\/p>\n<div class=\"wpsm-numhead wpsm-style4\"><span>4<\/span><h2>Consultez le graphique de prix chez toppreise<\/h2><\/div>\n<p>Le comparateur des prix toppreise a une fonction ing\u00e9nieuse : le graphique de prix.<\/p>\n<p>Pour afficher le graphique des prix, recherchez un produit sur toppreise puis cliquez sur l\u2019onglet &#8220;Graphique des prix&#8221;.<\/p>\n<p>Si la tendance des prix ressemble \u00e0 ceci, les chances d\u2019obtenir un bon prix au Black Friday sont \u00e9normes. On reconna\u00eet tr\u00e8s clairement que le prix est devenu de plus en plus favorable au cours des derniers mois.<\/p>\n<p><a href=\"https:\/\/www.blackfridaydeals.ch\/wp-content\/uploads\/2019\/10\/graphique-de-prix.png\"><img decoding=\"async\" class=\"aligncenter size-large wp-image-17244\" src=\"https:\/\/www.blackfridaydeals.ch\/wp-content\/uploads\/2019\/10\/graphique-de-prix-1024x336.png\" alt=\"\" width=\"840\" height=\"276\" srcset=\"https:\/\/www.blackfridaydeals.ch\/wp-content\/uploads\/2019\/10\/graphique-de-prix-1024x336.png 1024w, https:\/\/www.blackfridaydeals.ch\/wp-content\/uploads\/2019\/10\/graphique-de-prix-300x99.png 300w, https:\/\/www.blackfridaydeals.ch\/wp-content\/uploads\/2019\/10\/graphique-de-prix-767x252.png 767w, https:\/\/www.blackfridaydeals.ch\/wp-content\/uploads\/2019\/10\/graphique-de-prix-788x258.png 788w\" sizes=\"(max-width: 840px) 100vw, 840px\" \/><\/a>Mais si, par contre, le graphique des prix ressemble \u00e0 l\u2019image suivante, les chances d\u2019une remise \u00e9lev\u00e9e au Black Friday sont plut\u00f4t minimes. Vous pouvez voir que le prix d\u2019un t\u00e9l\u00e9phone portable oscille toujours entre 809 et 825 CHF. Une nette tendance \u00e0 la baisse n\u2019est pas encore perceptible.<\/p>\n<p><a href=\"https:\/\/www.blackfridaydeals.ch\/wp-content\/uploads\/2019\/10\/toppreise.png\"><img decoding=\"async\" class=\"aligncenter size-large wp-image-17247\" src=\"https:\/\/www.blackfridaydeals.ch\/wp-content\/uploads\/2019\/10\/toppreise-1024x338.png\" alt=\"\" width=\"840\" height=\"277\" srcset=\"https:\/\/www.blackfridaydeals.ch\/wp-content\/uploads\/2019\/10\/toppreise-1024x338.png 1024w, https:\/\/www.blackfridaydeals.ch\/wp-content\/uploads\/2019\/10\/toppreise-300x99.png 300w, https:\/\/www.blackfridaydeals.ch\/wp-content\/uploads\/2019\/10\/toppreise-766x253.png 766w, https:\/\/www.blackfridaydeals.ch\/wp-content\/uploads\/2019\/10\/toppreise-788x260.png 788w\" sizes=\"(max-width: 840px) 100vw, 840px\" \/><\/a><\/p>\n","protected":false},"excerpt":{"rendered":"<p>Dans cet article, je vais vous montrer s\u2019il est plus intelligent d\u2019attendre jusqu\u2019au Black Friday pour faire un achat ou s\u2019il serait plus ing\u00e9nieux de le faire maintenant. Voil\u00e0 le dilemme\u00a0: En g\u00e9n\u00e9ral, je ne peux pas vous dire si vous devriez foncer et conclure une bonne affaire maintenant ou s\u2019il serait plus sage d\u2019attendre [&hellip;]<\/p>\n","protected":false},"author":40,"featured_media":0,"parent":0,"menu_order":0,"comment_status":"closed","ping_status":"closed","template":"","meta":[],"yoast_head":"<!-- This site is optimized with the Yoast SEO plugin v20.5 - https:\/\/yoast.com\/wordpress\/plugins\/seo\/ -->\n<title>Vous allez patienter jusqu\u2019au Black Friday ?<\/title>\n<meta name=\"description\" content=\"Dans cet article, je vais vous montrer s\u2019il est plus intelligent d\u2019attendre jusqu\u2019au Black Friday pour faire un achat ou s\u2019il serait plus ing\u00e9nieux de le\" \/>\n<meta name=\"robots\" content=\"index, follow, max-snippet:-1, max-image-preview:large, max-video-preview:-1\" \/>\n<link rel=\"canonical\" href=\"https:\/\/www.blackfridaydeals.ch\/fr\/patientier\/\" \/>\n<meta property=\"og:locale\" content=\"fr_FR\" \/>\n<meta property=\"og:type\" content=\"article\" \/>\n<meta property=\"og:title\" content=\"Vous allez patienter jusqu\u2019au Black Friday ?\" \/>\n<meta property=\"og:description\" content=\"Dans cet article, je vais vous montrer s\u2019il est plus intelligent d\u2019attendre jusqu\u2019au Black Friday pour faire un achat ou s\u2019il serait plus ing\u00e9nieux de le\" \/>\n<meta property=\"og:url\" content=\"https:\/\/www.blackfridaydeals.ch\/fr\/patientier\/\" \/>\n<meta property=\"og:site_name\" content=\"blackfridaydeals.ch\" \/>\n<meta property=\"article:publisher\" content=\"https:\/\/www.facebook.com\/blackfridaydealsch\/\" \/>\n<meta property=\"article:modified_time\" content=\"2025-02-07T15:50:50+00:00\" \/>\n<meta property=\"og:image\" content=\"https:\/\/www.blackfridaydeals.ch\/wp-content\/uploads\/2019\/10\/escobar-300x299.png\" \/>\n<meta name=\"twitter:card\" content=\"summary_large_image\" \/>\n<meta name=\"twitter:site\" content=\"@blackfridaych\" \/>\n<meta name=\"twitter:label1\" content=\"Est. reading time\" \/>\n\t<meta name=\"twitter:data1\" content=\"4 minutes\" \/>\n<script type=\"application\/ld+json\" class=\"yoast-schema-graph\">{\"@context\":\"https:\/\/schema.org\",\"@graph\":[{\"@type\":\"WebPage\",\"@id\":\"https:\/\/www.blackfridaydeals.ch\/fr\/patientier\/\",\"url\":\"https:\/\/www.blackfridaydeals.ch\/fr\/patientier\/\",\"name\":\"Vous allez patienter jusqu\u2019au Black Friday ?\",\"isPartOf\":{\"@id\":\"https:\/\/www.blackfridaydeals.ch\/fr\/#website\"},\"datePublished\":\"2019-10-01T11:39:27+00:00\",\"dateModified\":\"2025-02-07T15:50:50+00:00\",\"description\":\"Dans cet article, je vais vous montrer s\u2019il est plus intelligent d\u2019attendre jusqu\u2019au Black Friday pour faire un achat ou s\u2019il serait plus ing\u00e9nieux de le\",\"breadcrumb\":{\"@id\":\"https:\/\/www.blackfridaydeals.ch\/fr\/patientier\/#breadcrumb\"},\"inLanguage\":\"fr-CH\",\"potentialAction\":[{\"@type\":\"ReadAction\",\"target\":[\"https:\/\/www.blackfridaydeals.ch\/fr\/patientier\/\"]}]},{\"@type\":\"BreadcrumbList\",\"@id\":\"https:\/\/www.blackfridaydeals.ch\/fr\/patientier\/#breadcrumb\",\"itemListElement\":[{\"@type\":\"ListItem\",\"position\":1,\"name\":\"Startseite\",\"item\":\"https:\/\/www.blackfridaydeals.ch\/fr\/\"},{\"@type\":\"ListItem\",\"position\":2,\"name\":\"Vous avez d\u00e9j\u00e0 frapp\u00e9 ? Ou alors vous allez patienter jusqu\u2019au Black Friday ?\"}]},{\"@type\":\"WebSite\",\"@id\":\"https:\/\/www.blackfridaydeals.ch\/fr\/#website\",\"url\":\"https:\/\/www.blackfridaydeals.ch\/fr\/\",\"name\":\"blackfridaydeals.ch\",\"description\":\"Alle Angebote des Black Friday 2025 in der Schweiz\",\"publisher\":{\"@id\":\"https:\/\/www.blackfridaydeals.ch\/fr\/#organization\"},\"alternateName\":\"Black Friday Deals\",\"potentialAction\":[{\"@type\":\"SearchAction\",\"target\":{\"@type\":\"EntryPoint\",\"urlTemplate\":\"https:\/\/www.blackfridaydeals.ch\/fr\/?s={search_term_string}\"},\"query-input\":\"required name=search_term_string\"}],\"inLanguage\":\"fr-CH\"},{\"@type\":\"Organization\",\"@id\":\"https:\/\/www.blackfridaydeals.ch\/fr\/#organization\",\"name\":\"blackfridaydeals.ch\",\"alternateName\":\"Black Friday Deals\",\"url\":\"https:\/\/www.blackfridaydeals.ch\/fr\/\",\"logo\":{\"@type\":\"ImageObject\",\"inLanguage\":\"fr-CH\",\"@id\":\"https:\/\/www.blackfridaydeals.ch\/fr\/#\/schema\/logo\/image\/\",\"url\":\"https:\/\/www.blackfridaydeals.ch\/wp-content\/uploads\/2023\/03\/app-icon-white-bg-jpg.jpg\",\"contentUrl\":\"https:\/\/www.blackfridaydeals.ch\/wp-content\/uploads\/2023\/03\/app-icon-white-bg-jpg.jpg\",\"width\":512,\"height\":512,\"caption\":\"blackfridaydeals.ch\"},\"image\":{\"@id\":\"https:\/\/www.blackfridaydeals.ch\/fr\/#\/schema\/logo\/image\/\"},\"sameAs\":[\"https:\/\/www.facebook.com\/blackfridaydealsch\/\",\"https:\/\/twitter.com\/blackfridaych\",\"https:\/\/www.youtube.com\/channel\/UCNKXHacMw8AS34mBgzVx3FQ\",\"https:\/\/www.instagram.com\/blackfridaydeals.ch\/\"]}]}<\/script>\n<!-- \/ Yoast SEO plugin. -->","yoast_head_json":{"title":"Vous allez patienter jusqu\u2019au Black Friday ?","description":"Dans cet article, je vais vous montrer s\u2019il est plus intelligent d\u2019attendre jusqu\u2019au Black Friday pour faire un achat ou s\u2019il serait plus ing\u00e9nieux de le","robots":{"index":"index","follow":"follow","max-snippet":"max-snippet:-1","max-image-preview":"max-image-preview:large","max-video-preview":"max-video-preview:-1"},"canonical":"https:\/\/www.blackfridaydeals.ch\/fr\/patientier\/","og_locale":"fr_FR","og_type":"article","og_title":"Vous allez patienter jusqu\u2019au Black Friday ?","og_description":"Dans cet article, je vais vous montrer s\u2019il est plus intelligent d\u2019attendre jusqu\u2019au Black Friday pour faire un achat ou s\u2019il serait plus ing\u00e9nieux de le","og_url":"https:\/\/www.blackfridaydeals.ch\/fr\/patientier\/","og_site_name":"blackfridaydeals.ch","article_publisher":"https:\/\/www.facebook.com\/blackfridaydealsch\/","article_modified_time":"2025-02-07T15:50:50+00:00","og_image":[{"url":"https:\/\/www.blackfridaydeals.ch\/wp-content\/uploads\/2019\/10\/escobar-300x299.png"}],"twitter_card":"summary_large_image","twitter_site":"@blackfridaych","twitter_misc":{"Est. reading time":"4 minutes"},"schema":{"@context":"https:\/\/schema.org","@graph":[{"@type":"WebPage","@id":"https:\/\/www.blackfridaydeals.ch\/fr\/patientier\/","url":"https:\/\/www.blackfridaydeals.ch\/fr\/patientier\/","name":"Vous allez patienter jusqu\u2019au Black Friday ?","isPartOf":{"@id":"https:\/\/www.blackfridaydeals.ch\/fr\/#website"},"datePublished":"2019-10-01T11:39:27+00:00","dateModified":"2025-02-07T15:50:50+00:00","description":"Dans cet article, je vais vous montrer s\u2019il est plus intelligent d\u2019attendre jusqu\u2019au Black Friday pour faire un achat ou s\u2019il serait plus ing\u00e9nieux de le","breadcrumb":{"@id":"https:\/\/www.blackfridaydeals.ch\/fr\/patientier\/#breadcrumb"},"inLanguage":"fr-CH","potentialAction":[{"@type":"ReadAction","target":["https:\/\/www.blackfridaydeals.ch\/fr\/patientier\/"]}]},{"@type":"BreadcrumbList","@id":"https:\/\/www.blackfridaydeals.ch\/fr\/patientier\/#breadcrumb","itemListElement":[{"@type":"ListItem","position":1,"name":"Startseite","item":"https:\/\/www.blackfridaydeals.ch\/fr\/"},{"@type":"ListItem","position":2,"name":"Vous avez d\u00e9j\u00e0 frapp\u00e9 ? Ou alors vous allez patienter jusqu\u2019au Black Friday ?"}]},{"@type":"WebSite","@id":"https:\/\/www.blackfridaydeals.ch\/fr\/#website","url":"https:\/\/www.blackfridaydeals.ch\/fr\/","name":"blackfridaydeals.ch","description":"Alle Angebote des Black Friday 2025 in der Schweiz","publisher":{"@id":"https:\/\/www.blackfridaydeals.ch\/fr\/#organization"},"alternateName":"Black Friday Deals","potentialAction":[{"@type":"SearchAction","target":{"@type":"EntryPoint","urlTemplate":"https:\/\/www.blackfridaydeals.ch\/fr\/?s={search_term_string}"},"query-input":"required name=search_term_string"}],"inLanguage":"fr-CH"},{"@type":"Organization","@id":"https:\/\/www.blackfridaydeals.ch\/fr\/#organization","name":"blackfridaydeals.ch","alternateName":"Black Friday Deals","url":"https:\/\/www.blackfridaydeals.ch\/fr\/","logo":{"@type":"ImageObject","inLanguage":"fr-CH","@id":"https:\/\/www.blackfridaydeals.ch\/fr\/#\/schema\/logo\/image\/","url":"https:\/\/www.blackfridaydeals.ch\/wp-content\/uploads\/2023\/03\/app-icon-white-bg-jpg.jpg","contentUrl":"https:\/\/www.blackfridaydeals.ch\/wp-content\/uploads\/2023\/03\/app-icon-white-bg-jpg.jpg","width":512,"height":512,"caption":"blackfridaydeals.ch"},"image":{"@id":"https:\/\/www.blackfridaydeals.ch\/fr\/#\/schema\/logo\/image\/"},"sameAs":["https:\/\/www.facebook.com\/blackfridaydealsch\/","https:\/\/twitter.com\/blackfridaych","https:\/\/www.youtube.com\/channel\/UCNKXHacMw8AS34mBgzVx3FQ","https:\/\/www.instagram.com\/blackfridaydeals.ch\/"]}]}},"_links":{"self":[{"href":"https:\/\/www.blackfridaydeals.ch\/fr\/wp-json\/wp\/v2\/pages\/17235"}],"collection":[{"href":"https:\/\/www.blackfridaydeals.ch\/fr\/wp-json\/wp\/v2\/pages"}],"about":[{"href":"https:\/\/www.blackfridaydeals.ch\/fr\/wp-json\/wp\/v2\/types\/page"}],"author":[{"embeddable":true,"href":"https:\/\/www.blackfridaydeals.ch\/fr\/wp-json\/wp\/v2\/users\/40"}],"replies":[{"embeddable":true,"href":"https:\/\/www.blackfridaydeals.ch\/fr\/wp-json\/wp\/v2\/comments?post=17235"}],"version-history":[{"count":11,"href":"https:\/\/www.blackfridaydeals.ch\/fr\/wp-json\/wp\/v2\/pages\/17235\/revisions"}],"predecessor-version":[{"id":61370,"href":"https:\/\/www.blackfridaydeals.ch\/fr\/wp-json\/wp\/v2\/pages\/17235\/revisions\/61370"}],"wp:attachment":[{"href":"https:\/\/www.blackfridaydeals.ch\/fr\/wp-json\/wp\/v2\/media?parent=17235"}],"curies":[{"name":"wp","href":"https:\/\/api.w.org\/{rel}","templated":true}]}}