{"id":16120,"date":"2019-07-08T14:27:34","date_gmt":"2019-07-08T12:27:34","guid":{"rendered":"https:\/\/www.blackfridaydeals.ch\/?page_id=16120"},"modified":"2026-02-16T15:07:48","modified_gmt":"2026-02-16T14:07:48","slug":"dernieres-offres","status":"publish","type":"page","link":"https:\/\/www.blackfridaydeals.ch\/fr\/dernieres-offres\/","title":{"rendered":"Les derni\u00e8res offres du Black Friday"},"content":{"rendered":"<p>[vc_row][vc_column css=&#8221;.vc_custom_1560761202380{padding-right: 10px !important;padding-left: 10px !important;background-color: #ffffff !important;}&#8221;][vc_empty_space height=&#8221;1px&#8221;][vc_column_text]<\/p>\n<h1>Les derni\u00e8res offres du Black Friday 2026<\/h1>\n<p>Ici, tu trouveras une liste des derni\u00e8res offres du Black Friday :[\/vc_column_text][vc_row_inner bwd_show_when_type=&#8221;after&#8221; bwd_show_when_date=&#8221;11\/01\/2026 00:00&#8243; bwd_tbc4vd_show_weekday=&#8221;&#8221;][vc_column_inner][vc_btn title=&#8221;Afficher les offres sur les produits&#8221; color=&#8221;violet&#8221; align=&#8221;center&#8221; i_icon_fontawesome=&#8221;fa fa-percent&#8221; add_icon=&#8221;true&#8221; link=&#8221;url:https%3A%2F%2Fwww.blackfridaydeals.ch%2Ffr%2Ffavoris-redaction%2F||target:%20_blank|&#8221; el_id=&#8221;goldenbutton&#8221;][\/vc_column_inner][\/vc_row_inner][vc_row_inner bwd_show_when_type=&#8221;between&#8221; bwd_show_when_date=&#8221;11\/01\/2025 00:00&#8243; bwd_show_when_date_end=&#8221;12\/09\/2025 00:00&#8243; bwd_tbc4vd_show_weekday=&#8221;&#8221;][vc_column_inner][vc_raw_html]JTNDZGl2JTIwY2xhc3MlM0QlMjJjYXRlZ29yaWVzc2Nyb2xsJTIyJTNFJTNDYSUyMGhyZWYlM0QlMjJodHRwcyUzQSUyRiUyRnd3dy5ibGFja2ZyaWRheWRlYWxzLmNoJTJGZnIlMkZlbGVjdHJvbmlxdWUtZGl2ZXJ0aXNzZW1lbnQlMkYlMjIlM0UlQzMlODlsZWN0cm9uaXF1ZSUzQyUyRmElM0UlMjAlM0NhJTIwaHJlZiUzRCUyMmh0dHBzJTNBJTJGJTJGd3d3LmJsYWNrZnJpZGF5ZGVhbHMuY2glMkZmciUyRnRlbGVwaG9uZXMtbW9iaWxlcy1hYm9ubmVtZW50cyUyRiUyMiUzRUFib25uZW1lbnRzJTNDJTJGYSUzRSUyMCUzQ2ElMjBocmVmJTNEJTIyaHR0cHMlM0ElMkYlMkZ3d3cuYmxhY2tmcmlkYXlkZWFscy5jaCUyRmZyJTJGbW9kZS1iaWpvdXglMkYlMjIlM0VNb2RlJTNDJTJGYSUzRSUyMCUzQ2ElMjBocmVmJTNEJTIyaHR0cHMlM0ElMkYlMkZ3d3cuYmxhY2tmcmlkYXlkZWFscy5jaCUyRmZyJTJGYmVhdXRlLXNhbnRlJTJGJTIyJTNFQmVhdXQlQzMlQTklM0MlMkZhJTNFJTIwJTNDYSUyMGhyZWYlM0QlMjJodHRwcyUzQSUyRiUyRnd3dy5ibGFja2ZyaWRheWRlYWxzLmNoJTJGZnIlMkZob21lLWxpdmluZyUyRiUyMiUzRUhvbWUlM0MlMkZhJTNFJTIwJTNDYSUyMGhyZWYlM0QlMjJodHRwcyUzQSUyRiUyRnd3dy5ibGFja2ZyaWRheWRlYWxzLmNoJTJGZnIlMkZjYWRlYXV4LWxpdnJlcyUyRiUyMiUzRUNhZGVhdXglM0MlMkZhJTNFJTIwJTNDYSUyMGhyZWYlM0QlMjJodHRwcyUzQSUyRiUyRnd3dy5ibGFja2ZyaWRheWRlYWxzLmNoJTJGZnIlMkZzcG9ydHMtb3V0ZG9vciUyRiUyMiUzRVNwb3J0cyUzQyUyRmElM0UlM0MlMkZkaXYlM0U=[\/vc_raw_html][\/vc_column_inner][\/vc_row_inner]\n[vc_row_inner bwd_show_when_type=&#8221;after&#8221; bwd_show_when_date=&#8221;12\/09\/2025 00:00&#8243; bwd_tbc4vd_show_weekday=&#8221;&#8221;][vc_column_inner][vc_cta h2=&#8221;Il reste encore un peu de temps avant le Black Friday !&#8221; color=&#8221;juicy-pink&#8221; add_button=&#8221;right&#8221; btn_title=&#8221;Vers les meilleures offres&#8221; btn_color=&#8221;danger&#8221; btn_link=&#8221;url:https%3A%2F%2Fwww.piratesdesprix.ch||target:%20_blank|&#8221;]Mais ne t&#8217;inqui\u00e8te pas &#8211; m\u00eame pendant ce temps, nous cherchons pour vous \u00e0 la main les meilleures affaires du jour. Il y a certainement quelque chose pour toi aussi ![\/vc_cta][\/vc_column_inner][\/vc_row_inner][vc_empty_space height=&#8221;1px&#8221;][vc_column_text]<\/p>\n<h2><span>Offres du Black Friday 2026<\/span><\/h2>\n<p><span>Il y a quelques ann\u00e9es, le Black Friday est \u00e9galement arriv\u00e9 en Suisse. Alors qu&#8217;aux \u00c9tats-Unis, d&#8217;innombrables personnes se pr\u00e9cipitent dans les magasins, le Black Friday se d\u00e9roule principalement en ligne dans notre pays. Le 23 novembre 2026 marque le d\u00e9but de la Semaine du Black Friday de cette ann\u00e9e. Pendant cette semaine, de nombreux magasins proposent de bonnes offres et des r\u00e9ductions attractives.<\/span><\/p>\n<p><span>La plupart des promotions se terminent le Black Friday, qui tombe cette ann\u00e9e le 27 novembre 2026. Au-dessus de ce texte, tu trouveras un aper\u00e7u des derni\u00e8res offres pour le Black Friday 2026. De nombreux magasins commencent leur propre Black Friday plus t\u00f4t, parfois m\u00eame dans la premi\u00e8re semaine de novembre. Il est pr\u00e9f\u00e9rable de marquer cette page ou de suivre notre newsletter pour ne manquer aucune offre.<\/span><\/p>\n<h2><span>Qui participe au Black Friday 2026?<\/span><\/h2>\n<p><span>Au d\u00e9but, seuls quelques-uns y ont particip\u00e9, mais maintenant, le Black Friday est \u00e9galement bien \u00e9tabli en Suisse et des centaines de magasins comme <a href=\"https:\/\/www.blackfridaydeals.ch\/fr\/shops\/zara-fr\/\">Zara<\/a>, <a href=\"https:\/\/www.blackfridaydeals.ch\/fr\/shops\/manor-fr\/\">Manor<\/a>, <a href=\"https:\/\/www.blackfridaydeals.ch\/fr\/shops\/hm-fr\/\">H&amp;M<\/a>, digitec et m\u00eame <a href=\"https:\/\/www.blackfridaydeals.ch\/fr\/shops\/migros-fr\/\">Migros<\/a> publient des offres. Le Black Friday a d&#8217;abord \u00e9t\u00e9 reconnu par les grands magasins et les magasins d&#8217;\u00e9lectronique, mais depuis quelques ann\u00e9es, des commer\u00e7ants de tous les secteurs y participent. De l&#8217;<a href=\"https:\/\/www.blackfridaydeals.ch\/fr\/electronique-divertissement\/\">\u00e9lectronique<\/a>, aux v\u00eatements, en passant par les aliments &#8211; le choix est \u00e9norme !<\/span><\/p>\n<p><span>L&#8217;exp\u00e9rience des derni\u00e8res ann\u00e9es a montr\u00e9 que <a href=\"https:\/\/www.blackfridaydeals.ch\/fr\/\">les offres du Black Friday<\/a> ne sont pas d\u00e9pass\u00e9es tout au long de l&#8217;ann\u00e9e. La plupart des participants r\u00e9duisent l&#8217;ensemble de leur assortiment jusqu&#8217;\u00e0 20 %. Cela vaut surtout la peine pour les produits qui sont rarement en promotion, comme les jouets ou les appareils <a href=\"https:\/\/www.blackfridaydeals.ch\/fr\/shops\/apple-fr\/\">Apple<\/a>. D&#8217;autres boutiques en ligne offrent \u00e0 leur tour des r\u00e9ductions g\u00e9n\u00e9reuses sur une s\u00e9lection de produits. Ainsi, tu peux \u00e9conomiser jusqu&#8217;\u00e0 70 %.<\/span><\/p>\n<h2><span>Les meilleures offres du Cyber Monday et du Singles Day <\/span><\/h2>\n<p><span>Juste apr\u00e8s le Black Friday, le <a href=\"https:\/\/www.blackfridaydeals.ch\/fr\/cyber-monday\/\">Cyber Monday<\/a> a lieu. Ce jour a \u00e9t\u00e9 introduit par les d\u00e9taillants d&#8217;\u00e9lectronique au d\u00e9but du Black Friday pour pouvoir publier \u00e0 nouveau des offres exceptionnelles s\u00e9par\u00e9ment. Cette ann\u00e9e, le Cyber Monday aura lieu le 30 Novembre 2026 et nous nous attendons \u00e0 de fortes r\u00e9ductions chez <a href=\"https:\/\/www.blackfridaydeals.ch\/fr\/shops\/amazon-fr\/\">Amazon<\/a>, <a href=\"https:\/\/www.blackfridaydeals.ch\/fr\/shops\/mediamarkt-fr\/\">MediaMarkt<\/a>, <a href=\"https:\/\/www.blackfridaydeals.ch\/fr\/shops\/brack-fr\/\">Brack<\/a> et de nombreux autres magasins.<\/span><\/p>\n<p><span>Certaines entreprises participant au Black Friday prolongent simplement leur promotion du Black Friday. Cela te donne plus de temps pour profiter des offres. Cependant, si tu trouves une bonne offre le jour du Black Friday, tu devrais en profiter. La plupart du temps, on ne peut pas pr\u00e9dire si la promotion sera prolong\u00e9e jusqu&#8217;au Cyber Monday ou si une meilleure offre suivra.<\/span><\/p>\n<p><span>Tu as peut-\u00eatre remarqu\u00e9 que nous incluons \u00e9galement certaines offres dans notre aper\u00e7u avant le Black Friday. Cela est d\u00fb en partie au Singles Day, qui a lieu chaque ann\u00e9e le 11.11. De nombreux magasins en ligne publient \u00e9galement des r\u00e9ductions lucratives ce jour-l\u00e0. En accord avec la date, des r\u00e9ductions de 11 %, 22 % ou m\u00eame 33 % sont g\u00e9n\u00e9ralement accord\u00e9es.<\/span><\/p>\n<p><span>En Asie, le <a href=\"https:\/\/www.blackfridaydeals.ch\/fr\/singles-day\/\">Singles Day<\/a> g\u00e9n\u00e8re m\u00eame plus de chiffre d&#8217;affaires que le Black Friday et en Suisse aussi, le chiffre d&#8217;affaires du Singles Day augmente chaque ann\u00e9e. Il vaut donc la peine de garder un \u0153il sur cette journ\u00e9e aussi !<\/span>[\/vc_column_text][\/vc_column][\/vc_row]<\/p>\n","protected":false},"excerpt":{"rendered":"<p>[vc_row][vc_column css=&#8221;.vc_custom_1560761202380{padding-right: 10px !important;padding-left: 10px !important;background-color: #ffffff !important;}&#8221;][vc_empty_space height=&#8221;1px&#8221;][vc_column_text] Les derni\u00e8res offres du Black Friday Ici, tu trouveras une liste des derni\u00e8res offres du Black Friday :[\/vc_column_text][vc_row_inner bwd_show_when_type=&#8221;after&#8221; bwd_show_when_date=&#8221;11\/01\/2026 00:00&#8243; bwd_tbc4vd_show_weekday=&#8221;&#8221;][vc_column_inner][vc_btn title=&#8221;Afficher les offres sur les produits&#8221; color=&#8221;violet&#8221; align=&#8221;center&#8221; i_icon_fontawesome=&#8221;fa fa-percent&#8221; add_icon=&#8221;true&#8221; link=&#8221;url:https%3A%2F%2Fwww.blackfridaydeals.ch%2Ffr%2Ffavoris-redaction%2F||target:%20_blank|&#8221; el_id=&#8221;goldenbutton&#8221;][\/vc_column_inner][\/vc_row_inner][vc_row_inner bwd_show_when_type=&#8221;between&#8221; bwd_show_when_date=&#8221;11\/01\/2025 00:00&#8243; bwd_show_when_date_end=&#8221;12\/09\/2025 00:00&#8243; bwd_tbc4vd_show_weekday=&#8221;&#8221;][vc_column_inner][vc_raw_html]JTNDZGl2JTIwY2xhc3MlM0QlMjJjYXRlZ29yaWVzc2Nyb2xsJTIyJTNFJTNDYSUyMGhyZWYlM0QlMjJodHRwcyUzQSUyRiUyRnd3dy5ibGFja2ZyaWRheWRlYWxzLmNoJTJGZnIlMkZlbGVjdHJvbmlxdWUtZGl2ZXJ0aXNzZW1lbnQlMkYlMjIlM0UlQzMlODlsZWN0cm9uaXF1ZSUzQyUyRmElM0UlMjAlM0NhJTIwaHJlZiUzRCUyMmh0dHBzJTNBJTJGJTJGd3d3LmJsYWNrZnJpZGF5ZGVhbHMuY2glMkZmciUyRnRlbGVwaG9uZXMtbW9iaWxlcy1hYm9ubmVtZW50cyUyRiUyMiUzRUFib25uZW1lbnRzJTNDJTJGYSUzRSUyMCUzQ2ElMjBocmVmJTNEJTIyaHR0cHMlM0ElMkYlMkZ3d3cuYmxhY2tmcmlkYXlkZWFscy5jaCUyRmZyJTJGbW9kZS1iaWpvdXglMkYlMjIlM0VNb2RlJTNDJTJGYSUzRSUyMCUzQ2ElMjBocmVmJTNEJTIyaHR0cHMlM0ElMkYlMkZ3d3cuYmxhY2tmcmlkYXlkZWFscy5jaCUyRmZyJTJGYmVhdXRlLXNhbnRlJTJGJTIyJTNFQmVhdXQlQzMlQTklM0MlMkZhJTNFJTIwJTNDYSUyMGhyZWYlM0QlMjJodHRwcyUzQSUyRiUyRnd3dy5ibGFja2ZyaWRheWRlYWxzLmNoJTJGZnIlMkZob21lLWxpdmluZyUyRiUyMiUzRUhvbWUlM0MlMkZhJTNFJTIwJTNDYSUyMGhyZWYlM0QlMjJodHRwcyUzQSUyRiUyRnd3dy5ibGFja2ZyaWRheWRlYWxzLmNoJTJGZnIlMkZjYWRlYXV4LWxpdnJlcyUyRiUyMiUzRUNhZGVhdXglM0MlMkZhJTNFJTIwJTNDYSUyMGhyZWYlM0QlMjJodHRwcyUzQSUyRiUyRnd3dy5ibGFja2ZyaWRheWRlYWxzLmNoJTJGZnIlMkZzcG9ydHMtb3V0ZG9vciUyRiUyMiUzRVNwb3J0cyUzQyUyRmElM0UlM0MlMkZkaXYlM0U=[\/vc_raw_html][\/vc_column_inner][\/vc_row_inner][vc_row_inner bwd_show_when_type=&#8221;after&#8221; bwd_show_when_date=&#8221;12\/09\/2025 00:00&#8243; bwd_tbc4vd_show_weekday=&#8221;&#8221;][vc_column_inner][vc_cta h2=&#8221;Il [&hellip;]<\/p>\n","protected":false},"author":40,"featured_media":60668,"parent":0,"menu_order":0,"comment_status":"closed","ping_status":"closed","template":"","meta":[],"yoast_head":"<!-- This site is optimized with the Yoast SEO plugin v20.5 - https:\/\/yoast.com\/wordpress\/plugins\/seo\/ -->\n<title>Les derni\u00e8res offres du Black Friday - blackfridaydeals.ch<\/title>\n<meta name=\"description\" content=\"Dans cette liste, vous trouverez les derni\u00e8res offres Black Friday \u2013 id\u00e9al pour ceux qui visitent notre site plusieurs fois.\" \/>\n<meta name=\"robots\" content=\"index, follow, max-snippet:-1, max-image-preview:large, max-video-preview:-1\" \/>\n<link rel=\"canonical\" href=\"https:\/\/www.blackfridaydeals.ch\/fr\/dernieres-offres\/\" \/>\n<meta property=\"og:locale\" content=\"fr_FR\" \/>\n<meta property=\"og:type\" content=\"article\" \/>\n<meta property=\"og:title\" content=\"Les derni\u00e8res offres du Black Friday - blackfridaydeals.ch\" \/>\n<meta property=\"og:description\" content=\"Dans cette liste, vous trouverez les derni\u00e8res offres Black Friday \u2013 id\u00e9al pour ceux qui visitent notre site plusieurs fois.\" \/>\n<meta property=\"og:url\" content=\"https:\/\/www.blackfridaydeals.ch\/fr\/dernieres-offres\/\" \/>\n<meta property=\"og:site_name\" content=\"blackfridaydeals.ch\" \/>\n<meta property=\"article:publisher\" content=\"https:\/\/www.facebook.com\/blackfridaydealsch\/\" \/>\n<meta property=\"article:modified_time\" content=\"2026-02-16T14:07:48+00:00\" \/>\n<meta property=\"og:image\" content=\"https:\/\/www.blackfridaydeals.ch\/wp-content\/uploads\/2023\/03\/app-icon-white-bg-jpg.jpg\" \/>\n\t<meta property=\"og:image:width\" content=\"512\" \/>\n\t<meta property=\"og:image:height\" content=\"512\" \/>\n\t<meta property=\"og:image:type\" content=\"image\/jpeg\" \/>\n<meta name=\"twitter:card\" content=\"summary_large_image\" \/>\n<meta name=\"twitter:site\" content=\"@blackfridaych\" \/>\n<meta name=\"twitter:label1\" content=\"Est. reading time\" \/>\n\t<meta name=\"twitter:data1\" content=\"4 minutes\" \/>\n<script type=\"application\/ld+json\" class=\"yoast-schema-graph\">{\"@context\":\"https:\/\/schema.org\",\"@graph\":[{\"@type\":\"WebPage\",\"@id\":\"https:\/\/www.blackfridaydeals.ch\/fr\/dernieres-offres\/\",\"url\":\"https:\/\/www.blackfridaydeals.ch\/fr\/dernieres-offres\/\",\"name\":\"Les derni\u00e8res offres du Black Friday - blackfridaydeals.ch\",\"isPartOf\":{\"@id\":\"https:\/\/www.blackfridaydeals.ch\/fr\/#website\"},\"datePublished\":\"2019-07-08T12:27:34+00:00\",\"dateModified\":\"2026-02-16T14:07:48+00:00\",\"description\":\"Dans cette liste, vous trouverez les derni\u00e8res offres Black Friday \u2013 id\u00e9al pour ceux qui visitent notre site plusieurs fois.\",\"breadcrumb\":{\"@id\":\"https:\/\/www.blackfridaydeals.ch\/fr\/dernieres-offres\/#breadcrumb\"},\"inLanguage\":\"fr-CH\",\"potentialAction\":[{\"@type\":\"ReadAction\",\"target\":[\"https:\/\/www.blackfridaydeals.ch\/fr\/dernieres-offres\/\"]}]},{\"@type\":\"BreadcrumbList\",\"@id\":\"https:\/\/www.blackfridaydeals.ch\/fr\/dernieres-offres\/#breadcrumb\",\"itemListElement\":[{\"@type\":\"ListItem\",\"position\":1,\"name\":\"Startseite\",\"item\":\"https:\/\/www.blackfridaydeals.ch\/fr\/\"},{\"@type\":\"ListItem\",\"position\":2,\"name\":\"Les derni\u00e8res offres du Black Friday\"}]},{\"@type\":\"WebSite\",\"@id\":\"https:\/\/www.blackfridaydeals.ch\/fr\/#website\",\"url\":\"https:\/\/www.blackfridaydeals.ch\/fr\/\",\"name\":\"blackfridaydeals.ch\",\"description\":\"Toutes les offres du Black Friday 2025 en Suisse\",\"publisher\":{\"@id\":\"https:\/\/www.blackfridaydeals.ch\/fr\/#organization\"},\"alternateName\":\"Black Friday Deals\",\"potentialAction\":[{\"@type\":\"SearchAction\",\"target\":{\"@type\":\"EntryPoint\",\"urlTemplate\":\"https:\/\/www.blackfridaydeals.ch\/fr\/?s={search_term_string}\"},\"query-input\":\"required name=search_term_string\"}],\"inLanguage\":\"fr-CH\"},{\"@type\":\"Organization\",\"@id\":\"https:\/\/www.blackfridaydeals.ch\/fr\/#organization\",\"name\":\"blackfridaydeals.ch\",\"alternateName\":\"Black Friday Deals\",\"url\":\"https:\/\/www.blackfridaydeals.ch\/fr\/\",\"logo\":{\"@type\":\"ImageObject\",\"inLanguage\":\"fr-CH\",\"@id\":\"https:\/\/www.blackfridaydeals.ch\/fr\/#\/schema\/logo\/image\/\",\"url\":\"https:\/\/www.blackfridaydeals.ch\/wp-content\/uploads\/2023\/03\/app-icon-white-bg-jpg.jpg\",\"contentUrl\":\"https:\/\/www.blackfridaydeals.ch\/wp-content\/uploads\/2023\/03\/app-icon-white-bg-jpg.jpg\",\"width\":512,\"height\":512,\"caption\":\"blackfridaydeals.ch\"},\"image\":{\"@id\":\"https:\/\/www.blackfridaydeals.ch\/fr\/#\/schema\/logo\/image\/\"},\"sameAs\":[\"https:\/\/www.facebook.com\/blackfridaydealsch\/\",\"https:\/\/twitter.com\/blackfridaych\",\"https:\/\/www.youtube.com\/channel\/UCNKXHacMw8AS34mBgzVx3FQ\",\"https:\/\/www.instagram.com\/blackfridaydeals.ch\/\"]}]}<\/script>\n<!-- \/ Yoast SEO plugin. -->","yoast_head_json":{"title":"Les derni\u00e8res offres du Black Friday - blackfridaydeals.ch","description":"Dans cette liste, vous trouverez les derni\u00e8res offres Black Friday \u2013 id\u00e9al pour ceux qui visitent notre site plusieurs fois.","robots":{"index":"index","follow":"follow","max-snippet":"max-snippet:-1","max-image-preview":"max-image-preview:large","max-video-preview":"max-video-preview:-1"},"canonical":"https:\/\/www.blackfridaydeals.ch\/fr\/dernieres-offres\/","og_locale":"fr_FR","og_type":"article","og_title":"Les derni\u00e8res offres du Black Friday - blackfridaydeals.ch","og_description":"Dans cette liste, vous trouverez les derni\u00e8res offres Black Friday \u2013 id\u00e9al pour ceux qui visitent notre site plusieurs fois.","og_url":"https:\/\/www.blackfridaydeals.ch\/fr\/dernieres-offres\/","og_site_name":"blackfridaydeals.ch","article_publisher":"https:\/\/www.facebook.com\/blackfridaydealsch\/","article_modified_time":"2026-02-16T14:07:48+00:00","og_image":[{"width":512,"height":512,"url":"https:\/\/www.blackfridaydeals.ch\/wp-content\/uploads\/2023\/03\/app-icon-white-bg-jpg.jpg","type":"image\/jpeg"}],"twitter_card":"summary_large_image","twitter_site":"@blackfridaych","twitter_misc":{"Est. reading time":"4 minutes"},"schema":{"@context":"https:\/\/schema.org","@graph":[{"@type":"WebPage","@id":"https:\/\/www.blackfridaydeals.ch\/fr\/dernieres-offres\/","url":"https:\/\/www.blackfridaydeals.ch\/fr\/dernieres-offres\/","name":"Les derni\u00e8res offres du Black Friday - blackfridaydeals.ch","isPartOf":{"@id":"https:\/\/www.blackfridaydeals.ch\/fr\/#website"},"datePublished":"2019-07-08T12:27:34+00:00","dateModified":"2026-02-16T14:07:48+00:00","description":"Dans cette liste, vous trouverez les derni\u00e8res offres Black Friday \u2013 id\u00e9al pour ceux qui visitent notre site plusieurs fois.","breadcrumb":{"@id":"https:\/\/www.blackfridaydeals.ch\/fr\/dernieres-offres\/#breadcrumb"},"inLanguage":"fr-CH","potentialAction":[{"@type":"ReadAction","target":["https:\/\/www.blackfridaydeals.ch\/fr\/dernieres-offres\/"]}]},{"@type":"BreadcrumbList","@id":"https:\/\/www.blackfridaydeals.ch\/fr\/dernieres-offres\/#breadcrumb","itemListElement":[{"@type":"ListItem","position":1,"name":"Startseite","item":"https:\/\/www.blackfridaydeals.ch\/fr\/"},{"@type":"ListItem","position":2,"name":"Les derni\u00e8res offres du Black Friday"}]},{"@type":"WebSite","@id":"https:\/\/www.blackfridaydeals.ch\/fr\/#website","url":"https:\/\/www.blackfridaydeals.ch\/fr\/","name":"blackfridaydeals.ch","description":"Toutes les offres du Black Friday 2025 en Suisse","publisher":{"@id":"https:\/\/www.blackfridaydeals.ch\/fr\/#organization"},"alternateName":"Black Friday Deals","potentialAction":[{"@type":"SearchAction","target":{"@type":"EntryPoint","urlTemplate":"https:\/\/www.blackfridaydeals.ch\/fr\/?s={search_term_string}"},"query-input":"required name=search_term_string"}],"inLanguage":"fr-CH"},{"@type":"Organization","@id":"https:\/\/www.blackfridaydeals.ch\/fr\/#organization","name":"blackfridaydeals.ch","alternateName":"Black Friday Deals","url":"https:\/\/www.blackfridaydeals.ch\/fr\/","logo":{"@type":"ImageObject","inLanguage":"fr-CH","@id":"https:\/\/www.blackfridaydeals.ch\/fr\/#\/schema\/logo\/image\/","url":"https:\/\/www.blackfridaydeals.ch\/wp-content\/uploads\/2023\/03\/app-icon-white-bg-jpg.jpg","contentUrl":"https:\/\/www.blackfridaydeals.ch\/wp-content\/uploads\/2023\/03\/app-icon-white-bg-jpg.jpg","width":512,"height":512,"caption":"blackfridaydeals.ch"},"image":{"@id":"https:\/\/www.blackfridaydeals.ch\/fr\/#\/schema\/logo\/image\/"},"sameAs":["https:\/\/www.facebook.com\/blackfridaydealsch\/","https:\/\/twitter.com\/blackfridaych","https:\/\/www.youtube.com\/channel\/UCNKXHacMw8AS34mBgzVx3FQ","https:\/\/www.instagram.com\/blackfridaydeals.ch\/"]}]}},"_links":{"self":[{"href":"https:\/\/www.blackfridaydeals.ch\/fr\/wp-json\/wp\/v2\/pages\/16120"}],"collection":[{"href":"https:\/\/www.blackfridaydeals.ch\/fr\/wp-json\/wp\/v2\/pages"}],"about":[{"href":"https:\/\/www.blackfridaydeals.ch\/fr\/wp-json\/wp\/v2\/types\/page"}],"author":[{"embeddable":true,"href":"https:\/\/www.blackfridaydeals.ch\/fr\/wp-json\/wp\/v2\/users\/40"}],"replies":[{"embeddable":true,"href":"https:\/\/www.blackfridaydeals.ch\/fr\/wp-json\/wp\/v2\/comments?post=16120"}],"version-history":[{"count":42,"href":"https:\/\/www.blackfridaydeals.ch\/fr\/wp-json\/wp\/v2\/pages\/16120\/revisions"}],"predecessor-version":[{"id":109982,"href":"https:\/\/www.blackfridaydeals.ch\/fr\/wp-json\/wp\/v2\/pages\/16120\/revisions\/109982"}],"wp:featuredmedia":[{"embeddable":true,"href":"https:\/\/www.blackfridaydeals.ch\/fr\/wp-json\/wp\/v2\/media\/60668"}],"wp:attachment":[{"href":"https:\/\/www.blackfridaydeals.ch\/fr\/wp-json\/wp\/v2\/media?parent=16120"}],"curies":[{"name":"wp","href":"https:\/\/api.w.org\/{rel}","templated":true}]}}